{"id":3,"date":"2025-01-24T13:33:39","date_gmt":"2025-01-24T12:33:39","guid":{"rendered":"https:\/\/rentturnstiles.eu\/?page_id=3"},"modified":"2025-05-14T13:02:17","modified_gmt":"2025-05-14T11:02:17","slug":"polityka-prywatnosci","status":"publish","type":"page","link":"https:\/\/rentturnstiles.eu\/pl\/polityka-prywatnosci\/","title":{"rendered":"Polityka prywatno\u015bci"},"content":{"rendered":"<h2 class=\"wp-block-heading\">Kim jeste\u015bmy<\/h2>\n\n\n\n<p>Adres naszej strony internetowej to: <a href=\"https:\/\/rentturnstiles.eu\/pl\/\">https:\/\/rentturnstiles.eu<\/a>.<\/p>\n\n\n\n<h2 class=\"wp-block-heading\">Komentarze<\/h2>\n\n\n\n<p>Ke\u010f n\u00e1v\u0161tevn\u00edci webu zanech\u00e1vaj\u00fa na str\u00e1nke koment\u00e1re, zbierame \u00fadaje, ktor\u00e9 s\u00fa zobrazen\u00e9 vo formul\u00e1ri koment\u00e1ra a taktie\u017e IP adresu pou\u017e\u00edvate\u013eov a User Agent prehliada\u010da z d\u00f4vodu ochrany proti spamu.<\/p>\n\n\n\n<p>Anonimowy ci\u0105g znak\u00f3w utworzony z adresu e-mail u\u017cytkownika (zwany r\u00f3wnie\u017c skr\u00f3tem) mo\u017ce zosta\u0107 przekazany serwisowi Gravatar w celu sprawdzenia, czy u\u017cytkownik korzysta z tego serwisu. Polityka prywatno\u015bci serwisu Gravatar znajduje si\u0119 pod adresem: https:\/\/automattic.com\/privacy\/. Po zatwierdzeniu komentarza zdj\u0119cie profilowe zostanie publicznie wy\u015bwietlone wraz z tre\u015bci\u0105 komentarza.<\/p>\n\n\n\n<h2 class=\"wp-block-heading\">Multimedia<\/h2>\n\n\n\n<p>Podczas przesy\u0142ania zdj\u0119\u0107 na stron\u0119 internetow\u0105 nale\u017cy unika\u0107 przesy\u0142ania zdj\u0119\u0107 zawieraj\u0105cych dane EXIF GPS dotycz\u0105ce lokalizacji. Odwiedzaj\u0105cy stron\u0119 internetow\u0105 mog\u0105 pobra\u0107 i wy\u015bwietli\u0107 wszelkie dane dotycz\u0105ce lokalizacji zawarte w zdj\u0119ciach.<\/p>\n\n\n\n<h2 class=\"wp-block-heading\">Pliki cookie<\/h2>\n\n\n\n<p>Pliki cookie Dodaj\u0105c komentarz na naszej stronie, mo\u017cesz wyrazi\u0107 zgod\u0119 na zapisanie Twojego imienia i nazwiska, adresu e-mail oraz strony internetowej w plikach cookie. Ma to na celu u\u0142atwienie Ci korzystania z serwisu, dzi\u0119ki czemu nie b\u0119dziesz musia\u0142 ponownie wype\u0142nia\u0107 swoich danych przy dodawaniu kolejnego komentarza. Pliki te s\u0105 wa\u017cne przez rok.<\/p>\n\n\n\n<p>Pliki cookie Je\u015bli dodasz komentarz na naszej stronie, mo\u017cesz wyrazi\u0107 zgod\u0119 na zapisanie Twojego imienia i nazwiska, adresu e-mail oraz strony internetowej w plikach cookie. Ma to na celu u\u0142atwienie Ci korzystania z naszej strony, dzi\u0119ki czemu nie b\u0119dziesz musia\u0142 ponownie wype\u0142nia\u0107 swoich danych przy dodawaniu kolejnego komentarza. Te pliki cookie s\u0105 wa\u017cne przez rok. Je\u015bli odwiedzisz nasz\u0105 stron\u0119 logowania, zapiszemy tymczasowe pliki cookie, aby okre\u015bli\u0107, czy Twoja przegl\u0105darka akceptuje pliki cookie. Te pliki cookie nie zawieraj\u0105 \u017cadnych danych osobowych i s\u0105 usuwane po zamkni\u0119ciu przegl\u0105darki.<\/p>\n\n\n\n<p>Podczas logowania ustawiamy kilka plik\u00f3w cookie, aby zapisa\u0107 Twoje dane logowania i ustawienia wy\u015bwietlania. Pliki cookie logowania s\u0105 wa\u017cne przez dwa dni, a ustawienia wy\u015bwietlania przez rok. Je\u015bli wybierzesz opcj\u0119 \u201ezapami\u0119taj\u201d, Twoje logowanie b\u0119dzie wa\u017cne przez dwa tygodnie. Po wylogowaniu si\u0119 z konta pliki cookie zostan\u0105 usuni\u0119te. Pliki cookie Dodaj\u0105c komentarz na naszej stronie, mo\u017cesz wyrazi\u0107 zgod\u0119 na zapisanie Twojego imienia i nazwiska, adresu e-mail oraz strony internetowej w plikach cookie. Ma to na celu u\u0142atwienie Ci ponownego wype\u0142niania danych przy dodawaniu kolejnego komentarza. Te pliki cookie s\u0105 wa\u017cne przez rok. Je\u015bli odwiedzisz nasz\u0105 stron\u0119 logowania, zapiszemy tymczasowe pliki cookie, aby okre\u015bli\u0107, czy Twoja przegl\u0105darka akceptuje pliki cookie. Te pliki cookie nie zawieraj\u0105 \u017cadnych danych osobowych i s\u0105 usuwane po zamkni\u0119ciu przegl\u0105darki. <\/p>\n\n\n\n<p>Podczas edycji lub publikacji artyku\u0142u w przegl\u0105darce zostan\u0105 zapisane dodatkowe pliki cookie. Pliki te nie zawieraj\u0105 \u017cadnych danych osobowych i odnosz\u0105 si\u0119 wy\u0142\u0105cznie do identyfikatora artyku\u0142u, kt\u00f3ry by\u0142 edytowany. Pliki s\u0105 wa\u017cne przez 1 dzie\u0144.<\/p>\n\n\n\n<h2 class=\"wp-block-heading\">Tre\u015bci z innych stron internetowych<\/h2>\n\n\n\n<p>Artyku\u0142y na tej stronie internetowej mog\u0105 zawiera\u0107 tre\u015bci osadzone (np. filmy, zdj\u0119cia, artyku\u0142y itp.). Tre\u015bci osadzone z innych stron zachowuj\u0105 si\u0119 tak samo, jak gdyby u\u017cytkownik odwiedzi\u0142 inn\u0105 stron\u0119 internetow\u0105.<\/p>\n\n\n\n<p>Artyku\u0142y na tej stronie internetowej mog\u0105 zawiera\u0107 tre\u015bci osadzone (np. filmy, zdj\u0119cia, artyku\u0142y itp.). Tre\u015bci osadzone z innych stron zachowuj\u0105 si\u0119 tak samo, jak gdyby u\u017cytkownik odwiedzi\u0142 inn\u0105 stron\u0119 internetow\u0105.Te strony internetowe mog\u0105 gromadzi\u0107 dane osobowe u\u017cytkownika, wykorzystywa\u0107 pliki cookie, osadza\u0107 elementy \u015bledz\u0105ce stron trzecich oraz monitorowa\u0107 interakcje u\u017cytkownika z osadzon\u0105 tre\u015bci\u0105, w tym \u015bledzi\u0107 interakcje u\u017cytkownika z osadzon\u0105 tre\u015bci\u0105, je\u015bli u\u017cytkownik posiada konto na danej stronie internetowej i jest zalogowany. <\/p>\n\n\n\n<h2 class=\"wp-block-heading\">Z kim udost\u0119pniamy Twoje dane<\/h2>\n\n\n\n<p>Je\u015bli chcesz odzyska\u0107 has\u0142o, Tw\u00f3j adres IP zostanie podany w wiadomo\u015bci e-mail s\u0142u\u017c\u0105cej do odzyskania has\u0142a.<\/p>\n\n\n\n<h2 class=\"wp-block-heading\">Jak d\u0142ugo przechowujemy Twoje dane<\/h2>\n\n\n\n<p>A megjegyz\u00e9s hozz\u00e1ad\u00e1sakor a megjegyz\u00e9s \u00e9s metaadatai k\u00fcl\u00f6n ker\u00fclnek t\u00e1rol\u00e1sra. Ez\u00e1ltal automatikusan felismerj\u00fck \u00e9s j\u00f3v\u00e1hagyjuk az \u00f6sszes kapcsol\u00f3d\u00f3 megjegyz\u00e9st, an\u00e9lk\u00fcl, hogy moder\u00e1l\u00e1sra ker\u00fcln\u00e9nek.<\/p>\n\n\n\n<p>W przypadku u\u017cytkownik\u00f3w, kt\u00f3rzy zarejestruj\u0105 si\u0119 na naszej stronie internetowej (je\u015bli taka istnieje), przechowujemy r\u00f3wnie\u017c dane osobowe, kt\u00f3re nam podaj\u0105, w ich profilu u\u017cytkownika. Wszyscy u\u017cytkownicy mog\u0105 w dowolnym momencie wy\u015bwietli\u0107, edytowa\u0107 lub usun\u0105\u0107 swoje dane osobowe (z wyj\u0105tkiem zmiany nazwy u\u017cytkownika). Administratorzy strony internetowej mog\u0105 r\u00f3wnie\u017c wy\u015bwietla\u0107 i edytowa\u0107 te informacje.<\/p>\n\n\n\n<h2 class=\"wp-block-heading\">Jakie prawa przys\u0142uguj\u0105 Ci w odniesieniu do Twoich danych<\/h2>\n\n\n\n<p>Je\u015bli posiadasz konto na tej stronie internetowej lub doda\u0142e\u015b komentarz, mo\u017cesz poprosi\u0107 o eksport swoich danych osobowych, kt\u00f3re przechowujemy, w tym danych, kt\u00f3re nam poda\u0142e\u015b. Mo\u017cesz r\u00f3wnie\u017c poprosi\u0107 o usuni\u0119cie danych osobowych. Nie dotyczy to jednak danych, kt\u00f3re musimy przechowywa\u0107 ze wzgl\u0119d\u00f3w administracyjnych, prawnych lub bezpiecze\u0144stwa.<\/p>\n\n\n\n<h2 class=\"wp-block-heading\">Gdzie s\u0105 wysy\u0142ane Twoje dane<\/h2>\n\n\n\n<p>Komentarze u\u017cytkownik\u00f3w mog\u0105 by\u0107 kontrolowane za pomoc\u0105 automatycznej us\u0142ugi wykrywaj\u0105cej spam.<\/p>","protected":false},"excerpt":{"rendered":"<p>Kto sme Adresa na\u0161ej webovej str\u00e1nky je: https:\/\/rentturnstiles.eu. Koment\u00e1re Ke\u010f n\u00e1v\u0161tevn\u00edci webu zanech\u00e1vaj\u00fa na str\u00e1nke koment\u00e1re, zbierame \u00fadaje, ktor\u00e9 s\u00fa zobrazen\u00e9 vo formul\u00e1ri koment\u00e1ra a taktie\u017e IP adresu pou\u017e\u00edvate\u013eov a User Agent prehliada\u010da z d\u00f4vodu ochrany proti spamu. Anonymizovan\u00fd re\u0165azec vytvoren\u00fd z va\u0161ej e-mailovej adresy (naz\u00fdvan\u00fd aj hash) m\u00f4\u017ee by\u0165 poskytnut\u00fd slu\u017ebe Gravatar pre overenie, [&hellip;]<\/p>\n","protected":false},"author":4,"featured_media":0,"parent":0,"menu_order":0,"comment_status":"closed","ping_status":"open","template":"","meta":{"_acf_changed":false,"footnotes":""},"class_list":["post-3","page","type-page","status-publish","hentry"],"acf":[],"yoast_head":"<!-- This site is optimized with the Yoast SEO plugin v27.0 - https:\/\/yoast.com\/product\/yoast-seo-wordpress\/ -->\n<title>Z\u00e1sady ochrany osobn\u00fdch \u00fadajov - Rentturnstiles.eu | Pren\u00e1jom a predaj turniketov<\/title>\n<meta name=\"description\" content=\"Po nav\u0161t\u00edven\u00ed str\u00e1nky, sa ulo\u017eia s\u00fabory cookies, ktor\u00e9 s\u00fa bez osobn\u00fdch \u00fadajov a s\u00fa odstr\u00e1nen\u00e9 pri zatvoren\u00ed prehliada\u010da.\" \/>\n<meta name=\"robots\" content=\"index, follow, max-snippet:-1, max-image-preview:large, max-video-preview:-1\" \/>\n<link rel=\"canonical\" href=\"https:\/\/rentturnstiles.eu\/pl\/polityka-prywatnosci\/\" \/>\n<meta property=\"og:locale\" content=\"pl_PL\" \/>\n<meta property=\"og:type\" content=\"article\" \/>\n<meta property=\"og:title\" content=\"Z\u00e1sady ochrany osobn\u00fdch \u00fadajov - Rentturnstiles.eu | Pren\u00e1jom a predaj turniketov\" \/>\n<meta property=\"og:description\" content=\"Po nav\u0161t\u00edven\u00ed str\u00e1nky, sa ulo\u017eia s\u00fabory cookies, ktor\u00e9 s\u00fa bez osobn\u00fdch \u00fadajov a s\u00fa odstr\u00e1nen\u00e9 pri zatvoren\u00ed prehliada\u010da.\" \/>\n<meta property=\"og:url\" content=\"https:\/\/rentturnstiles.eu\/pl\/polityka-prywatnosci\/\" \/>\n<meta property=\"og:site_name\" content=\"Rentturnstiles.eu | Pren\u00e1jom a predaj turniketov\" \/>\n<meta property=\"article:modified_time\" content=\"2025-05-14T11:02:17+00:00\" \/>\n<meta name=\"twitter:card\" content=\"summary_large_image\" \/>\n<meta name=\"twitter:label1\" content=\"Szacowany czas czytania\" \/>\n\t<meta name=\"twitter:data1\" content=\"3 minuty\" \/>\n<script type=\"application\/ld+json\" class=\"yoast-schema-graph\">{\"@context\":\"https:\/\/schema.org\",\"@graph\":[{\"@type\":\"WebPage\",\"@id\":\"https:\/\/rentturnstiles.eu\/zasady-ochrany-osobnych-udajov\/\",\"url\":\"https:\/\/rentturnstiles.eu\/zasady-ochrany-osobnych-udajov\/\",\"name\":\"Z\u00e1sady ochrany osobn\u00fdch \u00fadajov - Rentturnstiles.eu | Pren\u00e1jom a predaj turniketov\",\"isPartOf\":{\"@id\":\"https:\/\/rentturnstiles.eu\/#website\"},\"datePublished\":\"2025-01-24T12:33:39+00:00\",\"dateModified\":\"2025-05-14T11:02:17+00:00\",\"description\":\"Po nav\u0161t\u00edven\u00ed str\u00e1nky, sa ulo\u017eia s\u00fabory cookies, ktor\u00e9 s\u00fa bez osobn\u00fdch \u00fadajov a s\u00fa odstr\u00e1nen\u00e9 pri zatvoren\u00ed prehliada\u010da.\",\"breadcrumb\":{\"@id\":\"https:\/\/rentturnstiles.eu\/zasady-ochrany-osobnych-udajov\/#breadcrumb\"},\"inLanguage\":\"pl-PL\",\"potentialAction\":[{\"@type\":\"ReadAction\",\"target\":[\"https:\/\/rentturnstiles.eu\/zasady-ochrany-osobnych-udajov\/\"]}]},{\"@type\":\"BreadcrumbList\",\"@id\":\"https:\/\/rentturnstiles.eu\/zasady-ochrany-osobnych-udajov\/#breadcrumb\",\"itemListElement\":[{\"@type\":\"ListItem\",\"position\":1,\"name\":\"Domov\",\"item\":\"https:\/\/rentturnstiles.eu\/\"},{\"@type\":\"ListItem\",\"position\":2,\"name\":\"Z\u00e1sady ochrany osobn\u00fdch \u00fadajov\"}]},{\"@type\":\"WebSite\",\"@id\":\"https:\/\/rentturnstiles.eu\/#website\",\"url\":\"https:\/\/rentturnstiles.eu\/\",\"name\":\"Rentturnstiles.eu | Pren\u00e1jom a predaj turniketov\",\"description\":\"Pren\u00e1jom a predaj turniketov\u00fdch syst\u00e9mov\",\"potentialAction\":[{\"@type\":\"SearchAction\",\"target\":{\"@type\":\"EntryPoint\",\"urlTemplate\":\"https:\/\/rentturnstiles.eu\/?s={search_term_string}\"},\"query-input\":{\"@type\":\"PropertyValueSpecification\",\"valueRequired\":true,\"valueName\":\"search_term_string\"}}],\"inLanguage\":\"pl-PL\"}]}<\/script>\n<!-- \/ Yoast SEO plugin. -->","yoast_head_json":{"title":"Z\u00e1sady ochrany osobn\u00fdch \u00fadajov - Rentturnstiles.eu | Pren\u00e1jom a predaj turniketov","description":"Po nav\u0161t\u00edven\u00ed str\u00e1nky, sa ulo\u017eia s\u00fabory cookies, ktor\u00e9 s\u00fa bez osobn\u00fdch \u00fadajov a s\u00fa odstr\u00e1nen\u00e9 pri zatvoren\u00ed prehliada\u010da.","robots":{"index":"index","follow":"follow","max-snippet":"max-snippet:-1","max-image-preview":"max-image-preview:large","max-video-preview":"max-video-preview:-1"},"canonical":"https:\/\/rentturnstiles.eu\/pl\/polityka-prywatnosci\/","og_locale":"pl_PL","og_type":"article","og_title":"Z\u00e1sady ochrany osobn\u00fdch \u00fadajov - Rentturnstiles.eu | Pren\u00e1jom a predaj turniketov","og_description":"Po nav\u0161t\u00edven\u00ed str\u00e1nky, sa ulo\u017eia s\u00fabory cookies, ktor\u00e9 s\u00fa bez osobn\u00fdch \u00fadajov a s\u00fa odstr\u00e1nen\u00e9 pri zatvoren\u00ed prehliada\u010da.","og_url":"https:\/\/rentturnstiles.eu\/pl\/polityka-prywatnosci\/","og_site_name":"Rentturnstiles.eu | Pren\u00e1jom a predaj turniketov","article_modified_time":"2025-05-14T11:02:17+00:00","twitter_card":"summary_large_image","twitter_misc":{"Szacowany czas czytania":"3 minuty"},"schema":{"@context":"https:\/\/schema.org","@graph":[{"@type":"WebPage","@id":"https:\/\/rentturnstiles.eu\/zasady-ochrany-osobnych-udajov\/","url":"https:\/\/rentturnstiles.eu\/zasady-ochrany-osobnych-udajov\/","name":"Z\u00e1sady ochrany osobn\u00fdch \u00fadajov - Rentturnstiles.eu | Pren\u00e1jom a predaj turniketov","isPartOf":{"@id":"https:\/\/rentturnstiles.eu\/#website"},"datePublished":"2025-01-24T12:33:39+00:00","dateModified":"2025-05-14T11:02:17+00:00","description":"Po nav\u0161t\u00edven\u00ed str\u00e1nky, sa ulo\u017eia s\u00fabory cookies, ktor\u00e9 s\u00fa bez osobn\u00fdch \u00fadajov a s\u00fa odstr\u00e1nen\u00e9 pri zatvoren\u00ed prehliada\u010da.","breadcrumb":{"@id":"https:\/\/rentturnstiles.eu\/zasady-ochrany-osobnych-udajov\/#breadcrumb"},"inLanguage":"pl-PL","potentialAction":[{"@type":"ReadAction","target":["https:\/\/rentturnstiles.eu\/zasady-ochrany-osobnych-udajov\/"]}]},{"@type":"BreadcrumbList","@id":"https:\/\/rentturnstiles.eu\/zasady-ochrany-osobnych-udajov\/#breadcrumb","itemListElement":[{"@type":"ListItem","position":1,"name":"Domov","item":"https:\/\/rentturnstiles.eu\/"},{"@type":"ListItem","position":2,"name":"Z\u00e1sady ochrany osobn\u00fdch \u00fadajov"}]},{"@type":"WebSite","@id":"https:\/\/rentturnstiles.eu\/#website","url":"https:\/\/rentturnstiles.eu\/","name":"Rentturnstiles.eu | Wynajem i sprzeda\u017c ko\u0142owrot\u00f3w","description":"Wynajem i sprzeda\u017c system\u00f3w ko\u0142owrot\u00f3w","potentialAction":[{"@type":"SearchAction","target":{"@type":"EntryPoint","urlTemplate":"https:\/\/rentturnstiles.eu\/?s={search_term_string}"},"query-input":{"@type":"PropertyValueSpecification","valueRequired":true,"valueName":"search_term_string"}}],"inLanguage":"pl-PL"}]}},"_links":{"self":[{"href":"https:\/\/rentturnstiles.eu\/pl\/wp-json\/wp\/v2\/pages\/3","targetHints":{"allow":["GET"]}}],"collection":[{"href":"https:\/\/rentturnstiles.eu\/pl\/wp-json\/wp\/v2\/pages"}],"about":[{"href":"https:\/\/rentturnstiles.eu\/pl\/wp-json\/wp\/v2\/types\/page"}],"author":[{"embeddable":true,"href":"https:\/\/rentturnstiles.eu\/pl\/wp-json\/wp\/v2\/users\/4"}],"replies":[{"embeddable":true,"href":"https:\/\/rentturnstiles.eu\/pl\/wp-json\/wp\/v2\/comments?post=3"}],"version-history":[{"count":3,"href":"https:\/\/rentturnstiles.eu\/pl\/wp-json\/wp\/v2\/pages\/3\/revisions"}],"predecessor-version":[{"id":2871,"href":"https:\/\/rentturnstiles.eu\/pl\/wp-json\/wp\/v2\/pages\/3\/revisions\/2871"}],"wp:attachment":[{"href":"https:\/\/rentturnstiles.eu\/pl\/wp-json\/wp\/v2\/media?parent=3"}],"curies":[{"name":"wp","href":"https:\/\/api.w.org\/{rel}","templated":true}]}}