{"id":197,"date":"2025-01-26T20:05:10","date_gmt":"2025-01-26T19:05:10","guid":{"rendered":"https:\/\/rentturnstiles.eu\/?page_id=197"},"modified":"2025-06-17T08:38:54","modified_gmt":"2025-06-17T06:38:54","slug":"referencje-2","status":"publish","type":"page","link":"https:\/\/rentturnstiles.eu\/pl\/referencje-2\/","title":{"rendered":"O nas"},"content":{"rendered":"<p>Firma MOREZ GROUP a.s. dzia\u0142a na rynku od 2006 roku, a jako sp\u00f3\u0142ka macierzysta Morez spol. s r.o. (od 1991 r.) mamy wieloletnie do\u015bwiadczenie w sprzeda\u017cy i wynajmie ko\u0142owrot\u00f3w obrotowych i bramek z ko\u0142owrotami obrotowymi. Naszym celem jest dostarczanie wysokiej jako\u015bci, niezawodnych i bezpiecznych rozwi\u0105za\u0144 w zakresie system\u00f3w kontroli dost\u0119pu, kt\u00f3re spe\u0142niaj\u0105 specyficzne potrzeby ka\u017cdego obiektu.<\/p>","protected":false},"excerpt":{"rendered":"<p>Firma MOREZ GROUP a.s. dzia\u0142a na rynku od 2006 roku, a jako sp\u00f3\u0142ka macierzysta Morez spol. s r.o. (od 1991 r.) mamy wieloletnie do\u015bwiadczenie w sprzeda\u017cy i wynajmie ko\u0142owrot\u00f3w obrotowych i bramek z ko\u0142owrotami obrotowymi. Naszym celem jest dostarczanie wysokiej jako\u015bci, niezawodnych i bezpiecznych rozwi\u0105za\u0144 w zakresie system\u00f3w kontroli dost\u0119pu, kt\u00f3re spe\u0142niaj\u0105 specyficzne potrzeby ka\u017cdego obiektu.<\/p>","protected":false},"author":4,"featured_media":0,"parent":0,"menu_order":0,"comment_status":"closed","ping_status":"closed","template":"","meta":{"_acf_changed":false,"footnotes":""},"class_list":["post-197","page","type-page","status-publish","hentry"],"acf":[],"yoast_head":"<!-- This site is optimized with the Yoast SEO plugin v27.0 - https:\/\/yoast.com\/product\/yoast-seo-wordpress\/ -->\n<title>O n\u00e1s - Rentturnstiles.eu | Pren\u00e1jom a predaj turniketov<\/title>\n<meta name=\"description\" content=\"Dlhoro\u010dn\u00e9 sk\u00fasenosti v oblasti predaja, pren\u00e1jmu turniketov a vr\u00e1tnic s turniketmi. Na\u0161im cie\u013eom je poskytova\u0165 kvalitn\u00e9, spo\u013eahliv\u00e9 rie\u0161enia.\" \/>\n<meta name=\"robots\" content=\"index, follow, max-snippet:-1, max-image-preview:large, max-video-preview:-1\" \/>\n<link rel=\"canonical\" href=\"https:\/\/rentturnstiles.eu\/pl\/referencje-2\/\" \/>\n<meta property=\"og:locale\" content=\"pl_PL\" \/>\n<meta property=\"og:type\" content=\"article\" \/>\n<meta property=\"og:title\" content=\"O n\u00e1s - Rentturnstiles.eu | Pren\u00e1jom a predaj turniketov\" \/>\n<meta property=\"og:description\" content=\"Dlhoro\u010dn\u00e9 sk\u00fasenosti v oblasti predaja, pren\u00e1jmu turniketov a vr\u00e1tnic s turniketmi. Na\u0161im cie\u013eom je poskytova\u0165 kvalitn\u00e9, spo\u013eahliv\u00e9 rie\u0161enia.\" \/>\n<meta property=\"og:url\" content=\"https:\/\/rentturnstiles.eu\/pl\/referencje-2\/\" \/>\n<meta property=\"og:site_name\" content=\"Rentturnstiles.eu | Pren\u00e1jom a predaj turniketov\" \/>\n<meta property=\"article:modified_time\" content=\"2025-06-17T06:38:54+00:00\" \/>\n<meta name=\"twitter:card\" content=\"summary_large_image\" \/>\n<meta name=\"twitter:label1\" content=\"Szacowany czas czytania\" \/>\n\t<meta name=\"twitter:data1\" content=\"3 minuty\" \/>\n<script type=\"application\/ld+json\" class=\"yoast-schema-graph\">{\"@context\":\"https:\/\/schema.org\",\"@graph\":[{\"@type\":\"WebPage\",\"@id\":\"https:\/\/rentturnstiles.eu\/dlhorocne-skusenosti-predaj-prenajom-turniketov\/\",\"url\":\"https:\/\/rentturnstiles.eu\/dlhorocne-skusenosti-predaj-prenajom-turniketov\/\",\"name\":\"O n\u00e1s - Rentturnstiles.eu | Pren\u00e1jom a predaj turniketov\",\"isPartOf\":{\"@id\":\"https:\/\/rentturnstiles.eu\/#website\"},\"datePublished\":\"2025-01-26T19:05:10+00:00\",\"dateModified\":\"2025-06-17T06:38:54+00:00\",\"description\":\"Dlhoro\u010dn\u00e9 sk\u00fasenosti v oblasti predaja, pren\u00e1jmu turniketov a vr\u00e1tnic s turniketmi. Na\u0161im cie\u013eom je poskytova\u0165 kvalitn\u00e9, spo\u013eahliv\u00e9 rie\u0161enia.\",\"breadcrumb\":{\"@id\":\"https:\/\/rentturnstiles.eu\/dlhorocne-skusenosti-predaj-prenajom-turniketov\/#breadcrumb\"},\"inLanguage\":\"pl-PL\",\"potentialAction\":[{\"@type\":\"ReadAction\",\"target\":[\"https:\/\/rentturnstiles.eu\/dlhorocne-skusenosti-predaj-prenajom-turniketov\/\"]}]},{\"@type\":\"BreadcrumbList\",\"@id\":\"https:\/\/rentturnstiles.eu\/dlhorocne-skusenosti-predaj-prenajom-turniketov\/#breadcrumb\",\"itemListElement\":[{\"@type\":\"ListItem\",\"position\":1,\"name\":\"Domov\",\"item\":\"https:\/\/rentturnstiles.eu\/\"},{\"@type\":\"ListItem\",\"position\":2,\"name\":\"O n\u00e1s\"}]},{\"@type\":\"WebSite\",\"@id\":\"https:\/\/rentturnstiles.eu\/#website\",\"url\":\"https:\/\/rentturnstiles.eu\/\",\"name\":\"Rentturnstiles.eu | Pren\u00e1jom a predaj turniketov\",\"description\":\"Pren\u00e1jom a predaj turniketov\u00fdch syst\u00e9mov\",\"potentialAction\":[{\"@type\":\"SearchAction\",\"target\":{\"@type\":\"EntryPoint\",\"urlTemplate\":\"https:\/\/rentturnstiles.eu\/?s={search_term_string}\"},\"query-input\":{\"@type\":\"PropertyValueSpecification\",\"valueRequired\":true,\"valueName\":\"search_term_string\"}}],\"inLanguage\":\"pl-PL\"}]}<\/script>\n<!-- \/ Yoast SEO plugin. -->","yoast_head_json":{"title":"O nas - Rentturnstiles.eu | Wynajem i sprzeda\u017c bramek obrotowych","description":"Wieloletnie do\u015bwiadczenie w sprzeda\u017cy, wynajmie ko\u0142owrot\u00f3w i bramek obrotowych. Naszym celem jest dostarczanie wysokiej jako\u015bci, niezawodnych rozwi\u0105za\u0144.","robots":{"index":"index","follow":"follow","max-snippet":"max-snippet:-1","max-image-preview":"max-image-preview:large","max-video-preview":"max-video-preview:-1"},"canonical":"https:\/\/rentturnstiles.eu\/pl\/referencje-2\/","og_locale":"pl_PL","og_type":"article","og_title":"O n\u00e1s - Rentturnstiles.eu | Pren\u00e1jom a predaj turniketov","og_description":"Dlhoro\u010dn\u00e9 sk\u00fasenosti v oblasti predaja, pren\u00e1jmu turniketov a vr\u00e1tnic s turniketmi. Na\u0161im cie\u013eom je poskytova\u0165 kvalitn\u00e9, spo\u013eahliv\u00e9 rie\u0161enia.","og_url":"https:\/\/rentturnstiles.eu\/pl\/referencje-2\/","og_site_name":"Rentturnstiles.eu | Pren\u00e1jom a predaj turniketov","article_modified_time":"2025-06-17T06:38:54+00:00","twitter_card":"summary_large_image","twitter_misc":{"Szacowany czas czytania":"3 minuty"},"schema":{"@context":"https:\/\/schema.org","@graph":[{"@type":"WebPage","@id":"https:\/\/rentturnstiles.eu\/dlhorocne-skusenosti-predaj-prenajom-turniketov\/","url":"https:\/\/rentturnstiles.eu\/dlhorocne-skusenosti-predaj-prenajom-turniketov\/","name":"O nas - Rentturnstiles.eu | Wynajem i sprzeda\u017c bramek obrotowych","isPartOf":{"@id":"https:\/\/rentturnstiles.eu\/#website"},"datePublished":"2025-01-26T19:05:10+00:00","dateModified":"2025-06-17T06:38:54+00:00","description":"Wieloletnie do\u015bwiadczenie w sprzeda\u017cy, wynajmie ko\u0142owrot\u00f3w i bramek obrotowych. Naszym celem jest dostarczanie wysokiej jako\u015bci, niezawodnych rozwi\u0105za\u0144.","breadcrumb":{"@id":"https:\/\/rentturnstiles.eu\/dlhorocne-skusenosti-predaj-prenajom-turniketov\/#breadcrumb"},"inLanguage":"pl-PL","potentialAction":[{"@type":"ReadAction","target":["https:\/\/rentturnstiles.eu\/dlhorocne-skusenosti-predaj-prenajom-turniketov\/"]}]},{"@type":"BreadcrumbList","@id":"https:\/\/rentturnstiles.eu\/dlhorocne-skusenosti-predaj-prenajom-turniketov\/#breadcrumb","itemListElement":[{"@type":"ListItem","position":1,"name":"Domov","item":"https:\/\/rentturnstiles.eu\/"},{"@type":"ListItem","position":2,"name":"O n\u00e1s"}]},{"@type":"WebSite","@id":"https:\/\/rentturnstiles.eu\/#website","url":"https:\/\/rentturnstiles.eu\/","name":"Rentturnstiles.eu | Wynajem i sprzeda\u017c ko\u0142owrot\u00f3w","description":"Wynajem i sprzeda\u017c system\u00f3w ko\u0142owrot\u00f3w","potentialAction":[{"@type":"SearchAction","target":{"@type":"EntryPoint","urlTemplate":"https:\/\/rentturnstiles.eu\/?s={search_term_string}"},"query-input":{"@type":"PropertyValueSpecification","valueRequired":true,"valueName":"search_term_string"}}],"inLanguage":"pl-PL"}]}},"_links":{"self":[{"href":"https:\/\/rentturnstiles.eu\/pl\/wp-json\/wp\/v2\/pages\/197","targetHints":{"allow":["GET"]}}],"collection":[{"href":"https:\/\/rentturnstiles.eu\/pl\/wp-json\/wp\/v2\/pages"}],"about":[{"href":"https:\/\/rentturnstiles.eu\/pl\/wp-json\/wp\/v2\/types\/page"}],"author":[{"embeddable":true,"href":"https:\/\/rentturnstiles.eu\/pl\/wp-json\/wp\/v2\/users\/4"}],"replies":[{"embeddable":true,"href":"https:\/\/rentturnstiles.eu\/pl\/wp-json\/wp\/v2\/comments?post=197"}],"version-history":[{"count":5,"href":"https:\/\/rentturnstiles.eu\/pl\/wp-json\/wp\/v2\/pages\/197\/revisions"}],"predecessor-version":[{"id":2952,"href":"https:\/\/rentturnstiles.eu\/pl\/wp-json\/wp\/v2\/pages\/197\/revisions\/2952"}],"wp:attachment":[{"href":"https:\/\/rentturnstiles.eu\/pl\/wp-json\/wp\/v2\/media?parent=197"}],"curies":[{"name":"wp","href":"https:\/\/api.w.org\/{rel}","templated":true}]}}