{"id":165,"date":"2025-01-26T16:40:00","date_gmt":"2025-01-26T15:40:00","guid":{"rendered":"https:\/\/rentturnstiles.eu\/?page_id=165"},"modified":"2025-05-23T09:56:13","modified_gmt":"2025-05-23T07:56:13","slug":"artykul-na-blogu-technologie-bezpieczenstwa","status":"publish","type":"page","link":"https:\/\/rentturnstiles.eu\/pl\/artykul-na-blogu-technologie-bezpieczenstwa\/","title":{"rendered":"Blog"},"content":{"rendered":"","protected":false},"excerpt":{"rendered":"","protected":false},"author":4,"featured_media":0,"parent":0,"menu_order":0,"comment_status":"closed","ping_status":"closed","template":"","meta":{"_acf_changed":false,"footnotes":""},"class_list":["post-165","page","type-page","status-publish","hentry"],"acf":[],"yoast_head":"<!-- This site is optimized with the Yoast SEO plugin v27.0 - https:\/\/yoast.com\/product\/yoast-seo-wordpress\/ -->\n<title>Blog - Rentturnstiles.eu | Pren\u00e1jom a predaj turniketov<\/title>\n<meta name=\"description\" content=\"Z\u00edskajte preh\u013ead o bezpe\u010dnostn\u00fdch technol\u00f3gi\u00e1ch. Spo\u013eahliv\u00e9 inform\u00e1cie, odborn\u00e9 odpovede a praktick\u00e9 rady, V\u00e1m pom\u00f4\u017eu n\u00e1js\u0165 spr\u00e1vne rie\u0161enie.\" \/>\n<meta name=\"robots\" content=\"index, follow, max-snippet:-1, max-image-preview:large, max-video-preview:-1\" \/>\n<link rel=\"canonical\" href=\"https:\/\/rentturnstiles.eu\/pl\/artykul-na-blogu-technologie-bezpieczenstwa\/\" \/>\n<meta property=\"og:locale\" content=\"pl_PL\" \/>\n<meta property=\"og:type\" content=\"article\" \/>\n<meta property=\"og:title\" content=\"Blog - Rentturnstiles.eu | Pren\u00e1jom a predaj turniketov\" \/>\n<meta property=\"og:description\" content=\"Z\u00edskajte preh\u013ead o bezpe\u010dnostn\u00fdch technol\u00f3gi\u00e1ch. Spo\u013eahliv\u00e9 inform\u00e1cie, odborn\u00e9 odpovede a praktick\u00e9 rady, V\u00e1m pom\u00f4\u017eu n\u00e1js\u0165 spr\u00e1vne rie\u0161enie.\" \/>\n<meta property=\"og:url\" content=\"https:\/\/rentturnstiles.eu\/pl\/artykul-na-blogu-technologie-bezpieczenstwa\/\" \/>\n<meta property=\"og:site_name\" content=\"Rentturnstiles.eu | Pren\u00e1jom a predaj turniketov\" \/>\n<meta property=\"article:modified_time\" content=\"2025-05-23T07:56:13+00:00\" \/>\n<meta name=\"twitter:card\" content=\"summary_large_image\" \/>\n<meta name=\"twitter:label1\" content=\"Szacowany czas czytania\" \/>\n\t<meta name=\"twitter:data1\" content=\"3 minuty\" \/>\n<script type=\"application\/ld+json\" class=\"yoast-schema-graph\">{\"@context\":\"https:\/\/schema.org\",\"@graph\":[{\"@type\":\"WebPage\",\"@id\":\"https:\/\/rentturnstiles.eu\/blog-clanok-bezpecnostne-technologie\/\",\"url\":\"https:\/\/rentturnstiles.eu\/blog-clanok-bezpecnostne-technologie\/\",\"name\":\"Blog - Rentturnstiles.eu | Pren\u00e1jom a predaj turniketov\",\"isPartOf\":{\"@id\":\"https:\/\/rentturnstiles.eu\/#website\"},\"datePublished\":\"2025-01-26T15:40:00+00:00\",\"dateModified\":\"2025-05-23T07:56:13+00:00\",\"description\":\"Z\u00edskajte preh\u013ead o bezpe\u010dnostn\u00fdch technol\u00f3gi\u00e1ch. Spo\u013eahliv\u00e9 inform\u00e1cie, odborn\u00e9 odpovede a praktick\u00e9 rady, V\u00e1m pom\u00f4\u017eu n\u00e1js\u0165 spr\u00e1vne rie\u0161enie.\",\"breadcrumb\":{\"@id\":\"https:\/\/rentturnstiles.eu\/blog-clanok-bezpecnostne-technologie\/#breadcrumb\"},\"inLanguage\":\"pl-PL\",\"potentialAction\":[{\"@type\":\"ReadAction\",\"target\":[\"https:\/\/rentturnstiles.eu\/blog-clanok-bezpecnostne-technologie\/\"]}]},{\"@type\":\"BreadcrumbList\",\"@id\":\"https:\/\/rentturnstiles.eu\/blog-clanok-bezpecnostne-technologie\/#breadcrumb\",\"itemListElement\":[{\"@type\":\"ListItem\",\"position\":1,\"name\":\"Domov\",\"item\":\"https:\/\/rentturnstiles.eu\/\"},{\"@type\":\"ListItem\",\"position\":2,\"name\":\"Blog\"}]},{\"@type\":\"WebSite\",\"@id\":\"https:\/\/rentturnstiles.eu\/#website\",\"url\":\"https:\/\/rentturnstiles.eu\/\",\"name\":\"Rentturnstiles.eu | Pren\u00e1jom a predaj turniketov\",\"description\":\"Pren\u00e1jom a predaj turniketov\u00fdch syst\u00e9mov\",\"potentialAction\":[{\"@type\":\"SearchAction\",\"target\":{\"@type\":\"EntryPoint\",\"urlTemplate\":\"https:\/\/rentturnstiles.eu\/?s={search_term_string}\"},\"query-input\":{\"@type\":\"PropertyValueSpecification\",\"valueRequired\":true,\"valueName\":\"search_term_string\"}}],\"inLanguage\":\"pl-PL\"}]}<\/script>\n<!-- \/ Yoast SEO plugin. -->","yoast_head_json":{"title":"Blog - Rentturnstiles.eu | Wynajem i sprzeda\u017c bramek obrotowych","description":"Zapoznaj si\u0119 z przegl\u0105dem technologii bezpiecze\u0144stwa. Rzetelne informacje, odpowiedzi ekspert\u00f3w i praktyczne porady pomog\u0105 Ci znale\u017a\u0107 w\u0142a\u015bciwe rozwi\u0105zanie.","robots":{"index":"index","follow":"follow","max-snippet":"max-snippet:-1","max-image-preview":"max-image-preview:large","max-video-preview":"max-video-preview:-1"},"canonical":"https:\/\/rentturnstiles.eu\/pl\/artykul-na-blogu-technologie-bezpieczenstwa\/","og_locale":"pl_PL","og_type":"article","og_title":"Blog - Rentturnstiles.eu | Pren\u00e1jom a predaj turniketov","og_description":"Z\u00edskajte preh\u013ead o bezpe\u010dnostn\u00fdch technol\u00f3gi\u00e1ch. Spo\u013eahliv\u00e9 inform\u00e1cie, odborn\u00e9 odpovede a praktick\u00e9 rady, V\u00e1m pom\u00f4\u017eu n\u00e1js\u0165 spr\u00e1vne rie\u0161enie.","og_url":"https:\/\/rentturnstiles.eu\/pl\/artykul-na-blogu-technologie-bezpieczenstwa\/","og_site_name":"Rentturnstiles.eu | Pren\u00e1jom a predaj turniketov","article_modified_time":"2025-05-23T07:56:13+00:00","twitter_card":"summary_large_image","twitter_misc":{"Szacowany czas czytania":"3 minuty"},"schema":{"@context":"https:\/\/schema.org","@graph":[{"@type":"WebPage","@id":"https:\/\/rentturnstiles.eu\/blog-clanok-bezpecnostne-technologie\/","url":"https:\/\/rentturnstiles.eu\/blog-clanok-bezpecnostne-technologie\/","name":"Blog - Rentturnstiles.eu | Wynajem i sprzeda\u017c bramek obrotowych","isPartOf":{"@id":"https:\/\/rentturnstiles.eu\/#website"},"datePublished":"2025-01-26T15:40:00+00:00","dateModified":"2025-05-23T07:56:13+00:00","description":"Zapoznaj si\u0119 z przegl\u0105dem technologii bezpiecze\u0144stwa. Rzetelne informacje, odpowiedzi ekspert\u00f3w i praktyczne porady pomog\u0105 Ci znale\u017a\u0107 w\u0142a\u015bciwe rozwi\u0105zanie.","breadcrumb":{"@id":"https:\/\/rentturnstiles.eu\/blog-clanok-bezpecnostne-technologie\/#breadcrumb"},"inLanguage":"pl-PL","potentialAction":[{"@type":"ReadAction","target":["https:\/\/rentturnstiles.eu\/blog-clanok-bezpecnostne-technologie\/"]}]},{"@type":"BreadcrumbList","@id":"https:\/\/rentturnstiles.eu\/blog-clanok-bezpecnostne-technologie\/#breadcrumb","itemListElement":[{"@type":"ListItem","position":1,"name":"Domov","item":"https:\/\/rentturnstiles.eu\/"},{"@type":"ListItem","position":2,"name":"Blog"}]},{"@type":"WebSite","@id":"https:\/\/rentturnstiles.eu\/#website","url":"https:\/\/rentturnstiles.eu\/","name":"Rentturnstiles.eu | Wynajem i sprzeda\u017c ko\u0142owrot\u00f3w","description":"Wynajem i sprzeda\u017c system\u00f3w ko\u0142owrot\u00f3w","potentialAction":[{"@type":"SearchAction","target":{"@type":"EntryPoint","urlTemplate":"https:\/\/rentturnstiles.eu\/?s={search_term_string}"},"query-input":{"@type":"PropertyValueSpecification","valueRequired":true,"valueName":"search_term_string"}}],"inLanguage":"pl-PL"}]}},"_links":{"self":[{"href":"https:\/\/rentturnstiles.eu\/pl\/wp-json\/wp\/v2\/pages\/165","targetHints":{"allow":["GET"]}}],"collection":[{"href":"https:\/\/rentturnstiles.eu\/pl\/wp-json\/wp\/v2\/pages"}],"about":[{"href":"https:\/\/rentturnstiles.eu\/pl\/wp-json\/wp\/v2\/types\/page"}],"author":[{"embeddable":true,"href":"https:\/\/rentturnstiles.eu\/pl\/wp-json\/wp\/v2\/users\/4"}],"replies":[{"embeddable":true,"href":"https:\/\/rentturnstiles.eu\/pl\/wp-json\/wp\/v2\/comments?post=165"}],"version-history":[{"count":1,"href":"https:\/\/rentturnstiles.eu\/pl\/wp-json\/wp\/v2\/pages\/165\/revisions"}],"predecessor-version":[{"id":167,"href":"https:\/\/rentturnstiles.eu\/pl\/wp-json\/wp\/v2\/pages\/165\/revisions\/167"}],"wp:attachment":[{"href":"https:\/\/rentturnstiles.eu\/pl\/wp-json\/wp\/v2\/media?parent=165"}],"curies":[{"name":"wp","href":"https:\/\/api.w.org\/{rel}","templated":true}]}}