{"id":3,"date":"2025-01-24T13:33:39","date_gmt":"2025-01-24T12:33:39","guid":{"rendered":"https:\/\/rentturnstiles.eu\/?page_id=3"},"modified":"2025-05-14T13:02:17","modified_gmt":"2025-05-14T11:02:17","slug":"adatvedelmi-politika","status":"publish","type":"page","link":"https:\/\/rentturnstiles.eu\/hu\/adatvedelmi-politika\/","title":{"rendered":"Adatv\u00e9delmi ir\u00e1nyelvek"},"content":{"rendered":"<h2 class=\"wp-block-heading\">Ki vagyunk<\/h2>\n\n\n\n<p>Weboldalunk c\u00edme: <a href=\"https:\/\/rentturnstiles.eu\/hu\/\">https:\/\/rentturnstiles.eu<\/a>.<\/p>\n\n\n\n<h2 class=\"wp-block-heading\">Hozz\u00e1sz\u00f3l\u00e1sok<\/h2>\n\n\n\n<p>Ke\u010f n\u00e1v\u0161tevn\u00edci webu zanech\u00e1vaj\u00fa na str\u00e1nke koment\u00e1re, zbierame \u00fadaje, ktor\u00e9 s\u00fa zobrazen\u00e9 vo formul\u00e1ri koment\u00e1ra a taktie\u017e IP adresu pou\u017e\u00edvate\u013eov a User Agent prehliada\u010da z d\u00f4vodu ochrany proti spamu.<\/p>\n\n\n\n<p>Az \u00d6n e-mail c\u00edm\u00e9b\u0151l l\u00e9trehozott n\u00e9vtelen karakterl\u00e1nc (m\u00e1s n\u00e9ven hash) \u00e1tadhat\u00f3 a Gravatar szolg\u00e1ltat\u00e1snak annak ellen\u0151rz\u00e9se c\u00e9lj\u00e1b\u00f3l, hogy \u00d6n haszn\u00e1lja-e azt. A Gravatar adatv\u00e9delmi ir\u00e1nyelveit a k\u00f6vetkez\u0151 oldalon tal\u00e1lja: https:\/\/automattic.com\/privacy\/. A hozz\u00e1sz\u00f3l\u00e1s j\u00f3v\u00e1hagy\u00e1s\u00e1t k\u00f6vet\u0151en profilk\u00e9pe nyilv\u00e1nosan megjelenik a hozz\u00e1sz\u00f3l\u00e1s tartalm\u00e1val egy\u00fctt.<\/p>\n\n\n\n<h2 class=\"wp-block-heading\">Multim\u00e9dia<\/h2>\n\n\n\n<p>K\u00e9pek weboldalra t\u00f6rt\u00e9n\u0151 felt\u00f6lt\u00e9sekor ker\u00fclje az EXIF GPS helyadatokkal ell\u00e1tott k\u00e9pek felt\u00f6lt\u00e9s\u00e9t. A weboldal l\u00e1togat\u00f3i let\u00f6lthetik \u00e9s megtekinthetik a k\u00e9pekb\u0151l sz\u00e1rmaz\u00f3 helyadatokat.<\/p>\n\n\n\n<h2 class=\"wp-block-heading\">Cookie f\u00e1jlok<\/h2>\n\n\n\n<p>Cookie-f\u00e1jlok Ha megjegyz\u00e9st f\u0171z a weboldalunkhoz, hozz\u00e1j\u00e1rulhat ahhoz, hogy a nev\u00e9t, e-mail c\u00edm\u00e9t \u00e9s weboldal\u00e1t cookie-f\u00e1jlokba t\u00e1roljuk. Ez az \u00d6n k\u00e9nyelm\u00e9t szolg\u00e1lja, hogy ne kelljen \u00fajra kit\u00f6ltenie adatait, ha \u00fajabb megjegyz\u00e9st f\u0171z. Ezek a cookie-f\u00e1jlok egy \u00e9vig \u00e9rv\u00e9nyesek.<\/p>\n\n\n\n<p>Cookie-f\u00e1jlok Ha megjegyz\u00e9st f\u0171z a weboldalunkhoz, hozz\u00e1j\u00e1rulhat ahhoz, hogy a nev\u00e9t, e-mail c\u00edm\u00e9t \u00e9s weboldal\u00e1t cookie-f\u00e1jlokba t\u00e1roljuk. Ez az \u00d6n k\u00e9nyelm\u00e9t szolg\u00e1lja, hogy ne kelljen \u00fajra kit\u00f6ltenie adatait, amikor \u00fajabb megjegyz\u00e9st f\u0171z. Ezek a cookie-f\u00e1jlok egy \u00e9vig \u00e9rv\u00e9nyesek. Ha felkeresi a bejelentkez\u00e9si oldalunkat, ideiglenes cookie-f\u00e1jlokat t\u00e1rolunk, hogy meg\u00e1llap\u00edtsuk, elfogadja-e a b\u00f6ng\u00e9sz\u0151je a cookie-f\u00e1jlokat. Ezek a cookie-f\u00e1jlok nem tartalmaznak szem\u00e9lyes adatokat, \u00e9s a b\u00f6ng\u00e9sz\u0151 bez\u00e1r\u00e1s\u00e1val t\u00f6rl\u0151dnek.<\/p>\n\n\n\n<p>A bejelentkez\u00e9skor t\u00f6bb cookie-t \u00e1ll\u00edtunk be, hogy elmenthess\u00fck a bejelentkez\u00e9si adatait \u00e9s a megjelen\u00edt\u00e9si be\u00e1ll\u00edt\u00e1sait. A bejelentkez\u00e9si cookie-k k\u00e9t napig, a megjelen\u00edt\u00e9si be\u00e1ll\u00edt\u00e1sok pedig egy \u00e9vig \u00e9rv\u00e9nyesek. Ha a \u201emegjegyz\u00e9s\u201d opci\u00f3t v\u00e1lasztja, bejelentkez\u00e9se k\u00e9t h\u00e9tig \u00e9rv\u00e9nyes lesz. A fi\u00f3kb\u00f3l val\u00f3 kijelentkez\u00e9skor a cookie-k t\u00f6rl\u0151dnek. Cookie-k Ha megjegyz\u00e9st f\u0171z a weboldalunkhoz, hozz\u00e1j\u00e1rulhat ahhoz, hogy a nev\u00e9t, e-mail c\u00edm\u00e9t \u00e9s weboldal\u00e1t cookie-kban t\u00e1roljuk. Ez az \u00d6n k\u00e9nyelm\u00e9t szolg\u00e1lja, hogy ne kelljen \u00fajra kit\u00f6ltenie adatait, amikor \u00fajabb megjegyz\u00e9st f\u0171z. Ezek a cookie-f\u00e1jlok egy \u00e9vig \u00e9rv\u00e9nyesek. Ha felkeresi a bejelentkez\u00e9si oldalunkat, ideiglenes cookie-f\u00e1jlokat t\u00e1rolunk, hogy meg\u00e1llap\u00edtsuk, elfogadja-e a b\u00f6ng\u00e9sz\u0151je a cookie-f\u00e1jlokat. Ezek a cookie-f\u00e1jlok nem tartalmaznak szem\u00e9lyes adatokat, \u00e9s a b\u00f6ng\u00e9sz\u0151 bez\u00e1r\u00e1s\u00e1val t\u00f6rl\u0151dnek. <\/p>\n\n\n\n<p>A cikk szerkeszt\u00e9sekor vagy k\u00f6zz\u00e9t\u00e9telekor tov\u00e1bbi cookie-k ker\u00fclnek t\u00e1rol\u00e1sra a b\u00f6ng\u00e9sz\u0151j\u00e9ben. Ezek a cookie-k nem tartalmaznak szem\u00e9lyes adatokat, \u00e9s csak a szerkesztett cikk azonos\u00edt\u00f3j\u00e1ra hivatkoznak. A f\u00e1jlok 1 napig \u00e9rv\u00e9nyesek.<\/p>\n\n\n\n<h2 class=\"wp-block-heading\">M\u00e1s weboldalakr\u00f3l beillesztett tartalom<\/h2>\n\n\n\n<p>A weboldalon tal\u00e1lhat\u00f3 cikkek be\u00e1gyazott tartalmakat (pl. vide\u00f3kat, k\u00e9peket, cikkeket stb.) tartalmazhatnak. A m\u00e1s weboldalakr\u00f3l be\u00e1gyazott tartalmak \u00fagy viselkednek, mintha a l\u00e1togat\u00f3 egy m\u00e1sik weboldalt l\u00e1togatna.<\/p>\n\n\n\n<p>A weboldalon tal\u00e1lhat\u00f3 cikkek be\u00e1gyazott tartalmakat (pl. vide\u00f3kat, k\u00e9peket, cikkeket stb.) tartalmazhatnak. A m\u00e1s weboldalakr\u00f3l be\u00e1gyazott tartalmak \u00fagy viselkednek, mintha a l\u00e1togat\u00f3 egy m\u00e1sik weboldalt l\u00e1togatna.Ezek a weboldalak szem\u00e9lyes adatokat gy\u0171jthetnek \u00d6nr\u0151l, cookie-kat haszn\u00e1lhatnak, harmadik f\u00e9l \u00e1ltal k\u00e9sz\u00edtett nyomk\u00f6vet\u0151ket helyezhetnek el, \u00e9s figyelemmel k\u00eds\u00e9rhetik az \u00d6n be\u00e1gyazott tartalommal val\u00f3 interakci\u00f3j\u00e1t, bele\u00e9rtve az \u00d6n be\u00e1gyazott tartalommal val\u00f3 interakci\u00f3j\u00e1nak nyomon k\u00f6vet\u00e9s\u00e9t, ha \u00d6n rendelkezik fi\u00f3kkal az adott weboldalon, \u00e9s be van jelentkezve. <\/p>\n\n\n\n<h2 class=\"wp-block-heading\">S k\u00fdm sd\u00edl\u00edme va\u0161e \u00fadaje<\/h2>\n\n\n\n<p>Ha jelsz\u00f3-vissza\u00e1ll\u00edt\u00e1st k\u00e9r, IP-c\u00edme a jelsz\u00f3-vissza\u00e1ll\u00edt\u00e1si e-mailben lesz felt\u00fcntetve.<\/p>\n\n\n\n<h2 class=\"wp-block-heading\">Mennyi ideig t\u00e1roljuk az adatait?<\/h2>\n\n\n\n<p>P\u0159i p\u0159id\u00e1n\u00ed koment\u00e1\u0159e jsou koment\u00e1\u0159 a jeho metadata ulo\u017eeny odd\u011blen\u011b. D\u00edky tomu m\u016f\u017eeme automaticky rozpoznat a schv\u00e1lit v\u0161echny souvisej\u00edc\u00ed koment\u00e1\u0159e, ani\u017e by musely b\u00fdt zadr\u017eeny k moderov\u00e1n\u00ed.<\/p>\n\n\n\n<p>Azokr\u00f3l a felhaszn\u00e1l\u00f3kr\u00f3l, akik regisztr\u00e1lnak a weboldalunkon (ha van ilyen), a megadott szem\u00e9lyes adatokat is t\u00e1roljuk a felhaszn\u00e1l\u00f3i profiljukban. Minden felhaszn\u00e1l\u00f3 b\u00e1rmikor megtekintheti, m\u00f3dos\u00edthatja vagy t\u00f6r\u00f6lheti szem\u00e9lyes adatait (a felhaszn\u00e1l\u00f3n\u00e9v megv\u00e1ltoztat\u00e1sa kiv\u00e9tel\u00e9vel). A weboldal \u00fczemeltet\u0151i szint\u00e9n megtekinthetik \u00e9s m\u00f3dos\u00edthatj\u00e1k ezeket az inform\u00e1ci\u00f3kat.<\/p>\n\n\n\n<h2 class=\"wp-block-heading\">Milyen jogok illetik meg \u00d6nt az adataival kapcsolatban?<\/h2>\n\n\n\n<p>Ha \u00d6nnek fi\u00f3kja van ezen a weboldalon, vagy itt hozz\u00e1sz\u00f3l\u00e1st \u00edrt, k\u00e9rheti az \u00d6nr\u0151l t\u00e1rolt szem\u00e9lyes adatok export\u00e1l\u00e1s\u00e1t, bele\u00e9rtve az \u00d6n \u00e1ltal megadott adatokat is. K\u00e9rheti szem\u00e9lyes adatainak t\u00f6rl\u00e9s\u00e9t is. Ez azonban nem vonatkozik azokra az adatokra, amelyeket adminisztrat\u00edv, jogi vagy biztons\u00e1gi okokb\u00f3l k\u00f6telesek vagyunk meg\u0151rizni.<\/p>\n\n\n\n<h2 class=\"wp-block-heading\">Hov\u00e1 ker\u00fclnek az \u00d6n adatai?<\/h2>\n\n\n\n<p>A l\u00e1togat\u00f3k hozz\u00e1sz\u00f3l\u00e1sait automatikus spamsz\u0171r\u0151 szolg\u00e1ltat\u00e1s ellen\u0151rzi.<\/p>","protected":false},"excerpt":{"rendered":"<p>Kto sme Adresa na\u0161ej webovej str\u00e1nky je: https:\/\/rentturnstiles.eu. Koment\u00e1re Ke\u010f n\u00e1v\u0161tevn\u00edci webu zanech\u00e1vaj\u00fa na str\u00e1nke koment\u00e1re, zbierame \u00fadaje, ktor\u00e9 s\u00fa zobrazen\u00e9 vo formul\u00e1ri koment\u00e1ra a taktie\u017e IP adresu pou\u017e\u00edvate\u013eov a User Agent prehliada\u010da z d\u00f4vodu ochrany proti spamu. Anonymizovan\u00fd re\u0165azec vytvoren\u00fd z va\u0161ej e-mailovej adresy (naz\u00fdvan\u00fd aj hash) m\u00f4\u017ee by\u0165 poskytnut\u00fd slu\u017ebe Gravatar pre overenie, [&hellip;]<\/p>\n","protected":false},"author":4,"featured_media":0,"parent":0,"menu_order":0,"comment_status":"closed","ping_status":"open","template":"","meta":{"_acf_changed":false,"footnotes":""},"class_list":["post-3","page","type-page","status-publish","hentry"],"acf":[],"yoast_head":"<!-- This site is optimized with the Yoast SEO plugin v27.0 - https:\/\/yoast.com\/product\/yoast-seo-wordpress\/ -->\n<title>Z\u00e1sady ochrany osobn\u00fdch \u00fadajov - Rentturnstiles.eu | Pren\u00e1jom a predaj turniketov<\/title>\n<meta name=\"description\" content=\"Po nav\u0161t\u00edven\u00ed str\u00e1nky, sa ulo\u017eia s\u00fabory cookies, ktor\u00e9 s\u00fa bez osobn\u00fdch \u00fadajov a s\u00fa odstr\u00e1nen\u00e9 pri zatvoren\u00ed prehliada\u010da.\" \/>\n<meta name=\"robots\" content=\"index, follow, max-snippet:-1, max-image-preview:large, max-video-preview:-1\" \/>\n<link rel=\"canonical\" href=\"https:\/\/rentturnstiles.eu\/hu\/adatvedelmi-politika\/\" \/>\n<meta property=\"og:locale\" content=\"hu_HU\" \/>\n<meta property=\"og:type\" content=\"article\" \/>\n<meta property=\"og:title\" content=\"Z\u00e1sady ochrany osobn\u00fdch \u00fadajov - Rentturnstiles.eu | Pren\u00e1jom a predaj turniketov\" \/>\n<meta property=\"og:description\" content=\"Po nav\u0161t\u00edven\u00ed str\u00e1nky, sa ulo\u017eia s\u00fabory cookies, ktor\u00e9 s\u00fa bez osobn\u00fdch \u00fadajov a s\u00fa odstr\u00e1nen\u00e9 pri zatvoren\u00ed prehliada\u010da.\" \/>\n<meta property=\"og:url\" content=\"https:\/\/rentturnstiles.eu\/hu\/adatvedelmi-politika\/\" \/>\n<meta property=\"og:site_name\" content=\"Rentturnstiles.eu | Pren\u00e1jom a predaj turniketov\" \/>\n<meta property=\"article:modified_time\" content=\"2025-05-14T11:02:17+00:00\" \/>\n<meta name=\"twitter:card\" content=\"summary_large_image\" \/>\n<meta name=\"twitter:label1\" content=\"Becs\u00fclt olvas\u00e1si id\u0151\" \/>\n\t<meta name=\"twitter:data1\" content=\"3 perc\" \/>\n<script type=\"application\/ld+json\" class=\"yoast-schema-graph\">{\"@context\":\"https:\/\/schema.org\",\"@graph\":[{\"@type\":\"WebPage\",\"@id\":\"https:\/\/rentturnstiles.eu\/zasady-ochrany-osobnych-udajov\/\",\"url\":\"https:\/\/rentturnstiles.eu\/zasady-ochrany-osobnych-udajov\/\",\"name\":\"Z\u00e1sady ochrany osobn\u00fdch \u00fadajov - Rentturnstiles.eu | Pren\u00e1jom a predaj turniketov\",\"isPartOf\":{\"@id\":\"https:\/\/rentturnstiles.eu\/#website\"},\"datePublished\":\"2025-01-24T12:33:39+00:00\",\"dateModified\":\"2025-05-14T11:02:17+00:00\",\"description\":\"Po nav\u0161t\u00edven\u00ed str\u00e1nky, sa ulo\u017eia s\u00fabory cookies, ktor\u00e9 s\u00fa bez osobn\u00fdch \u00fadajov a s\u00fa odstr\u00e1nen\u00e9 pri zatvoren\u00ed prehliada\u010da.\",\"breadcrumb\":{\"@id\":\"https:\/\/rentturnstiles.eu\/zasady-ochrany-osobnych-udajov\/#breadcrumb\"},\"inLanguage\":\"hu\",\"potentialAction\":[{\"@type\":\"ReadAction\",\"target\":[\"https:\/\/rentturnstiles.eu\/zasady-ochrany-osobnych-udajov\/\"]}]},{\"@type\":\"BreadcrumbList\",\"@id\":\"https:\/\/rentturnstiles.eu\/zasady-ochrany-osobnych-udajov\/#breadcrumb\",\"itemListElement\":[{\"@type\":\"ListItem\",\"position\":1,\"name\":\"Domov\",\"item\":\"https:\/\/rentturnstiles.eu\/\"},{\"@type\":\"ListItem\",\"position\":2,\"name\":\"Z\u00e1sady ochrany osobn\u00fdch \u00fadajov\"}]},{\"@type\":\"WebSite\",\"@id\":\"https:\/\/rentturnstiles.eu\/#website\",\"url\":\"https:\/\/rentturnstiles.eu\/\",\"name\":\"Rentturnstiles.eu | Pren\u00e1jom a predaj turniketov\",\"description\":\"Pren\u00e1jom a predaj turniketov\u00fdch syst\u00e9mov\",\"potentialAction\":[{\"@type\":\"SearchAction\",\"target\":{\"@type\":\"EntryPoint\",\"urlTemplate\":\"https:\/\/rentturnstiles.eu\/?s={search_term_string}\"},\"query-input\":{\"@type\":\"PropertyValueSpecification\",\"valueRequired\":true,\"valueName\":\"search_term_string\"}}],\"inLanguage\":\"hu\"}]}<\/script>\n<!-- \/ Yoast SEO plugin. -->","yoast_head_json":{"title":"Z\u00e1sady ochrany osobn\u00fdch \u00fadajov - Rentturnstiles.eu | Pren\u00e1jom a predaj turniketov","description":"Po nav\u0161t\u00edven\u00ed str\u00e1nky, sa ulo\u017eia s\u00fabory cookies, ktor\u00e9 s\u00fa bez osobn\u00fdch \u00fadajov a s\u00fa odstr\u00e1nen\u00e9 pri zatvoren\u00ed prehliada\u010da.","robots":{"index":"index","follow":"follow","max-snippet":"max-snippet:-1","max-image-preview":"max-image-preview:large","max-video-preview":"max-video-preview:-1"},"canonical":"https:\/\/rentturnstiles.eu\/hu\/adatvedelmi-politika\/","og_locale":"hu_HU","og_type":"article","og_title":"Z\u00e1sady ochrany osobn\u00fdch \u00fadajov - Rentturnstiles.eu | Pren\u00e1jom a predaj turniketov","og_description":"Po nav\u0161t\u00edven\u00ed str\u00e1nky, sa ulo\u017eia s\u00fabory cookies, ktor\u00e9 s\u00fa bez osobn\u00fdch \u00fadajov a s\u00fa odstr\u00e1nen\u00e9 pri zatvoren\u00ed prehliada\u010da.","og_url":"https:\/\/rentturnstiles.eu\/hu\/adatvedelmi-politika\/","og_site_name":"Rentturnstiles.eu | Pren\u00e1jom a predaj turniketov","article_modified_time":"2025-05-14T11:02:17+00:00","twitter_card":"summary_large_image","twitter_misc":{"Becs\u00fclt olvas\u00e1si id\u0151":"3 perc"},"schema":{"@context":"https:\/\/schema.org","@graph":[{"@type":"WebPage","@id":"https:\/\/rentturnstiles.eu\/zasady-ochrany-osobnych-udajov\/","url":"https:\/\/rentturnstiles.eu\/zasady-ochrany-osobnych-udajov\/","name":"Z\u00e1sady ochrany osobn\u00fdch \u00fadajov - Rentturnstiles.eu | Pren\u00e1jom a predaj turniketov","isPartOf":{"@id":"https:\/\/rentturnstiles.eu\/#website"},"datePublished":"2025-01-24T12:33:39+00:00","dateModified":"2025-05-14T11:02:17+00:00","description":"Po nav\u0161t\u00edven\u00ed str\u00e1nky, sa ulo\u017eia s\u00fabory cookies, ktor\u00e9 s\u00fa bez osobn\u00fdch \u00fadajov a s\u00fa odstr\u00e1nen\u00e9 pri zatvoren\u00ed prehliada\u010da.","breadcrumb":{"@id":"https:\/\/rentturnstiles.eu\/zasady-ochrany-osobnych-udajov\/#breadcrumb"},"inLanguage":"hu","potentialAction":[{"@type":"ReadAction","target":["https:\/\/rentturnstiles.eu\/zasady-ochrany-osobnych-udajov\/"]}]},{"@type":"BreadcrumbList","@id":"https:\/\/rentturnstiles.eu\/zasady-ochrany-osobnych-udajov\/#breadcrumb","itemListElement":[{"@type":"ListItem","position":1,"name":"Domov","item":"https:\/\/rentturnstiles.eu\/"},{"@type":"ListItem","position":2,"name":"Z\u00e1sady ochrany osobn\u00fdch \u00fadajov"}]},{"@type":"WebSite","@id":"https:\/\/rentturnstiles.eu\/#website","url":"https:\/\/rentturnstiles.eu\/","name":"Rentturnstiles.eu | Fordul\u00f3korl\u00e1tok b\u00e9rl\u00e9se \u00e9s \u00e9rt\u00e9kes\u00edt\u00e9se","description":"Fordul\u00f3kapu rendszerek b\u00e9rbead\u00e1sa \u00e9s \u00e9rt\u00e9kes\u00edt\u00e9se","potentialAction":[{"@type":"SearchAction","target":{"@type":"EntryPoint","urlTemplate":"https:\/\/rentturnstiles.eu\/?s={search_term_string}"},"query-input":{"@type":"PropertyValueSpecification","valueRequired":true,"valueName":"search_term_string"}}],"inLanguage":"hu"}]}},"_links":{"self":[{"href":"https:\/\/rentturnstiles.eu\/hu\/wp-json\/wp\/v2\/pages\/3","targetHints":{"allow":["GET"]}}],"collection":[{"href":"https:\/\/rentturnstiles.eu\/hu\/wp-json\/wp\/v2\/pages"}],"about":[{"href":"https:\/\/rentturnstiles.eu\/hu\/wp-json\/wp\/v2\/types\/page"}],"author":[{"embeddable":true,"href":"https:\/\/rentturnstiles.eu\/hu\/wp-json\/wp\/v2\/users\/4"}],"replies":[{"embeddable":true,"href":"https:\/\/rentturnstiles.eu\/hu\/wp-json\/wp\/v2\/comments?post=3"}],"version-history":[{"count":3,"href":"https:\/\/rentturnstiles.eu\/hu\/wp-json\/wp\/v2\/pages\/3\/revisions"}],"predecessor-version":[{"id":2871,"href":"https:\/\/rentturnstiles.eu\/hu\/wp-json\/wp\/v2\/pages\/3\/revisions\/2871"}],"wp:attachment":[{"href":"https:\/\/rentturnstiles.eu\/hu\/wp-json\/wp\/v2\/media?parent=3"}],"curies":[{"name":"wp","href":"https:\/\/api.w.org\/{rel}","templated":true}]}}