{"id":2864,"date":"2025-05-11T15:01:13","date_gmt":"2025-05-11T13:01:13","guid":{"rendered":"https:\/\/rentturnstiles.eu\/?page_id=2864"},"modified":"2025-05-23T10:02:17","modified_gmt":"2025-05-23T08:02:17","slug":"cookies","status":"publish","type":"page","link":"https:\/\/rentturnstiles.eu\/hu\/cookies\/","title":{"rendered":"Cookies"},"content":{"rendered":"<script type=\"text\/javascript\" charset=\"UTF-8\"  data-cookiescriptreport=\"report\" src=\"\/\/report.cookie-script.com\/r\/ccdcea99d0eeb715452319629e12f2c9.js\"><\/script>","protected":false},"excerpt":{"rendered":"","protected":false},"author":4,"featured_media":0,"parent":0,"menu_order":0,"comment_status":"closed","ping_status":"closed","template":"","meta":{"_acf_changed":false,"footnotes":""},"class_list":["post-2864","page","type-page","status-publish","hentry"],"acf":[],"yoast_head":"<!-- This site is optimized with the Yoast SEO plugin v27.0 - https:\/\/yoast.com\/product\/yoast-seo-wordpress\/ -->\n<title>Cookies - Rentturnstiles.eu | Pren\u00e1jom a predaj turniketov<\/title>\n<meta name=\"description\" content=\"Ako str\u00e1nka pou\u017e\u00edva cookies? Z\u00edskajte zrozumite\u013en\u00e9 inform\u00e1cie pre\u010do cookies pou\u017e\u00edvame, ako zlep\u0161uj\u00fa v\u00e1\u0161 z\u00e1\u017eitok, ako nastavenia prisp\u00f4sobi\u0165.\" \/>\n<meta name=\"robots\" content=\"index, follow, max-snippet:-1, max-image-preview:large, max-video-preview:-1\" \/>\n<link rel=\"canonical\" href=\"https:\/\/rentturnstiles.eu\/hu\/cookies\/\" \/>\n<meta property=\"og:locale\" content=\"hu_HU\" \/>\n<meta property=\"og:type\" content=\"article\" \/>\n<meta property=\"og:title\" content=\"Cookies - Rentturnstiles.eu | Pren\u00e1jom a predaj turniketov\" \/>\n<meta property=\"og:description\" content=\"Ako str\u00e1nka pou\u017e\u00edva cookies? Z\u00edskajte zrozumite\u013en\u00e9 inform\u00e1cie pre\u010do cookies pou\u017e\u00edvame, ako zlep\u0161uj\u00fa v\u00e1\u0161 z\u00e1\u017eitok, ako nastavenia prisp\u00f4sobi\u0165.\" \/>\n<meta property=\"og:url\" content=\"https:\/\/rentturnstiles.eu\/hu\/cookies\/\" \/>\n<meta property=\"og:site_name\" content=\"Rentturnstiles.eu | Pren\u00e1jom a predaj turniketov\" \/>\n<meta property=\"article:modified_time\" content=\"2025-05-23T08:02:17+00:00\" \/>\n<meta name=\"twitter:card\" content=\"summary_large_image\" \/>\n<script type=\"application\/ld+json\" class=\"yoast-schema-graph\">{\"@context\":\"https:\/\/schema.org\",\"@graph\":[{\"@type\":\"WebPage\",\"@id\":\"https:\/\/rentturnstiles.eu\/cookies\/\",\"url\":\"https:\/\/rentturnstiles.eu\/cookies\/\",\"name\":\"Cookies - Rentturnstiles.eu | Pren\u00e1jom a predaj turniketov\",\"isPartOf\":{\"@id\":\"https:\/\/rentturnstiles.eu\/#website\"},\"datePublished\":\"2025-05-11T13:01:13+00:00\",\"dateModified\":\"2025-05-23T08:02:17+00:00\",\"description\":\"Ako str\u00e1nka pou\u017e\u00edva cookies? Z\u00edskajte zrozumite\u013en\u00e9 inform\u00e1cie pre\u010do cookies pou\u017e\u00edvame, ako zlep\u0161uj\u00fa v\u00e1\u0161 z\u00e1\u017eitok, ako nastavenia prisp\u00f4sobi\u0165.\",\"breadcrumb\":{\"@id\":\"https:\/\/rentturnstiles.eu\/cookies\/#breadcrumb\"},\"inLanguage\":\"hu\",\"potentialAction\":[{\"@type\":\"ReadAction\",\"target\":[\"https:\/\/rentturnstiles.eu\/cookies\/\"]}]},{\"@type\":\"BreadcrumbList\",\"@id\":\"https:\/\/rentturnstiles.eu\/cookies\/#breadcrumb\",\"itemListElement\":[{\"@type\":\"ListItem\",\"position\":1,\"name\":\"Domov\",\"item\":\"https:\/\/rentturnstiles.eu\/\"},{\"@type\":\"ListItem\",\"position\":2,\"name\":\"Cookies\"}]},{\"@type\":\"WebSite\",\"@id\":\"https:\/\/rentturnstiles.eu\/#website\",\"url\":\"https:\/\/rentturnstiles.eu\/\",\"name\":\"Rentturnstiles.eu | Pren\u00e1jom a predaj turniketov\",\"description\":\"Pren\u00e1jom a predaj turniketov\u00fdch syst\u00e9mov\",\"potentialAction\":[{\"@type\":\"SearchAction\",\"target\":{\"@type\":\"EntryPoint\",\"urlTemplate\":\"https:\/\/rentturnstiles.eu\/?s={search_term_string}\"},\"query-input\":{\"@type\":\"PropertyValueSpecification\",\"valueRequired\":true,\"valueName\":\"search_term_string\"}}],\"inLanguage\":\"hu\"}]}<\/script>\n<!-- \/ Yoast SEO plugin. -->","yoast_head_json":{"title":"Cookies - Rentturnstiles.eu | Pren\u00e1jom a predaj turniketov","description":"Ako str\u00e1nka pou\u017e\u00edva cookies? Z\u00edskajte zrozumite\u013en\u00e9 inform\u00e1cie pre\u010do cookies pou\u017e\u00edvame, ako zlep\u0161uj\u00fa v\u00e1\u0161 z\u00e1\u017eitok, ako nastavenia prisp\u00f4sobi\u0165.","robots":{"index":"index","follow":"follow","max-snippet":"max-snippet:-1","max-image-preview":"max-image-preview:large","max-video-preview":"max-video-preview:-1"},"canonical":"https:\/\/rentturnstiles.eu\/hu\/cookies\/","og_locale":"hu_HU","og_type":"article","og_title":"Cookies - Rentturnstiles.eu | Pren\u00e1jom a predaj turniketov","og_description":"Ako str\u00e1nka pou\u017e\u00edva cookies? Z\u00edskajte zrozumite\u013en\u00e9 inform\u00e1cie pre\u010do cookies pou\u017e\u00edvame, ako zlep\u0161uj\u00fa v\u00e1\u0161 z\u00e1\u017eitok, ako nastavenia prisp\u00f4sobi\u0165.","og_url":"https:\/\/rentturnstiles.eu\/hu\/cookies\/","og_site_name":"Rentturnstiles.eu | Pren\u00e1jom a predaj turniketov","article_modified_time":"2025-05-23T08:02:17+00:00","twitter_card":"summary_large_image","schema":{"@context":"https:\/\/schema.org","@graph":[{"@type":"WebPage","@id":"https:\/\/rentturnstiles.eu\/cookies\/","url":"https:\/\/rentturnstiles.eu\/cookies\/","name":"Cookies - Rentturnstiles.eu | Pren\u00e1jom a predaj turniketov","isPartOf":{"@id":"https:\/\/rentturnstiles.eu\/#website"},"datePublished":"2025-05-11T13:01:13+00:00","dateModified":"2025-05-23T08:02:17+00:00","description":"Ako str\u00e1nka pou\u017e\u00edva cookies? Z\u00edskajte zrozumite\u013en\u00e9 inform\u00e1cie pre\u010do cookies pou\u017e\u00edvame, ako zlep\u0161uj\u00fa v\u00e1\u0161 z\u00e1\u017eitok, ako nastavenia prisp\u00f4sobi\u0165.","breadcrumb":{"@id":"https:\/\/rentturnstiles.eu\/cookies\/#breadcrumb"},"inLanguage":"hu","potentialAction":[{"@type":"ReadAction","target":["https:\/\/rentturnstiles.eu\/cookies\/"]}]},{"@type":"BreadcrumbList","@id":"https:\/\/rentturnstiles.eu\/cookies\/#breadcrumb","itemListElement":[{"@type":"ListItem","position":1,"name":"Domov","item":"https:\/\/rentturnstiles.eu\/"},{"@type":"ListItem","position":2,"name":"Cookies"}]},{"@type":"WebSite","@id":"https:\/\/rentturnstiles.eu\/#website","url":"https:\/\/rentturnstiles.eu\/","name":"Rentturnstiles.eu | Fordul\u00f3korl\u00e1tok b\u00e9rl\u00e9se \u00e9s \u00e9rt\u00e9kes\u00edt\u00e9se","description":"Fordul\u00f3kapu rendszerek b\u00e9rbead\u00e1sa \u00e9s \u00e9rt\u00e9kes\u00edt\u00e9se","potentialAction":[{"@type":"SearchAction","target":{"@type":"EntryPoint","urlTemplate":"https:\/\/rentturnstiles.eu\/?s={search_term_string}"},"query-input":{"@type":"PropertyValueSpecification","valueRequired":true,"valueName":"search_term_string"}}],"inLanguage":"hu"}]}},"_links":{"self":[{"href":"https:\/\/rentturnstiles.eu\/hu\/wp-json\/wp\/v2\/pages\/2864","targetHints":{"allow":["GET"]}}],"collection":[{"href":"https:\/\/rentturnstiles.eu\/hu\/wp-json\/wp\/v2\/pages"}],"about":[{"href":"https:\/\/rentturnstiles.eu\/hu\/wp-json\/wp\/v2\/types\/page"}],"author":[{"embeddable":true,"href":"https:\/\/rentturnstiles.eu\/hu\/wp-json\/wp\/v2\/users\/4"}],"replies":[{"embeddable":true,"href":"https:\/\/rentturnstiles.eu\/hu\/wp-json\/wp\/v2\/comments?post=2864"}],"version-history":[{"count":1,"href":"https:\/\/rentturnstiles.eu\/hu\/wp-json\/wp\/v2\/pages\/2864\/revisions"}],"predecessor-version":[{"id":2865,"href":"https:\/\/rentturnstiles.eu\/hu\/wp-json\/wp\/v2\/pages\/2864\/revisions\/2865"}],"wp:attachment":[{"href":"https:\/\/rentturnstiles.eu\/hu\/wp-json\/wp\/v2\/media?parent=2864"}],"curies":[{"name":"wp","href":"https:\/\/api.w.org\/{rel}","templated":true}]}}