{"id":276,"date":"2025-01-28T21:38:35","date_gmt":"2025-01-28T20:38:35","guid":{"rendered":"https:\/\/rentturnstiles.eu\/?page_id=276"},"modified":"2025-03-24T10:09:50","modified_gmt":"2025-03-24T09:09:50","slug":"forgovilla-jelenlet-nyilvantartas-belepteto-rendszer-biometria","status":"publish","type":"page","link":"https:\/\/rentturnstiles.eu\/hu\/forgovilla-jelenlet-nyilvantartas-belepteto-rendszer-biometria\/","title":{"rendered":"Term\u00e9kek"},"content":{"rendered":"<p>Megb\u00edzhat\u00f3, modern \u00e9s innovat\u00edv bel\u00e9ptet\u0151 megold\u00e1sok, amelyek biztos\u00edtj\u00e1k a biztons\u00e1got, az emberek z\u00f6kken\u0151mentes mozg\u00e1s\u00e1t \u00e9s a hat\u00e9konys\u00e1got a legk\u00fcl\u00f6nb\u00f6z\u0151bb k\u00f6rnyezetekben - az irodah\u00e1zakt\u00f3l az ipari l\u00e9tes\u00edtm\u00e9nyekig.<\/p>","protected":false},"excerpt":{"rendered":"<p>Megb\u00edzhat\u00f3, modern \u00e9s innovat\u00edv bel\u00e9ptet\u0151 megold\u00e1sok, amelyek biztos\u00edtj\u00e1k a biztons\u00e1got, az emberek z\u00f6kken\u0151mentes mozg\u00e1s\u00e1t \u00e9s a hat\u00e9konys\u00e1got a legk\u00fcl\u00f6nb\u00f6z\u0151bb k\u00f6rnyezetekben - az irodah\u00e1zakt\u00f3l az ipari l\u00e9tes\u00edtm\u00e9nyekig.<\/p>","protected":false},"author":4,"featured_media":0,"parent":0,"menu_order":0,"comment_status":"closed","ping_status":"closed","template":"","meta":{"_acf_changed":false,"footnotes":""},"class_list":["post-276","page","type-page","status-publish","hentry"],"acf":[],"yoast_head":"<!-- This site is optimized with the Yoast SEO plugin v27.0 - https:\/\/yoast.com\/product\/yoast-seo-wordpress\/ -->\n<title>Produkty - Rentturnstiles.eu | Pren\u00e1jom a predaj turniketov<\/title>\n<meta name=\"description\" content=\"Turnikety pre spo\u013eahliv\u00e9 a modern\u00e9 rie\u0161enia vstupu os\u00f4b do budov, are\u00e1lov, doch\u00e1dzka, pr\u00edstupov\u00fd syst\u00e9m, biometria\" \/>\n<meta name=\"robots\" content=\"index, follow, max-snippet:-1, max-image-preview:large, max-video-preview:-1\" \/>\n<link rel=\"canonical\" href=\"https:\/\/rentturnstiles.eu\/hu\/forgovilla-jelenlet-nyilvantartas-belepteto-rendszer-biometria\/\" \/>\n<meta property=\"og:locale\" content=\"hu_HU\" \/>\n<meta property=\"og:type\" content=\"article\" \/>\n<meta property=\"og:title\" content=\"Produkty - Rentturnstiles.eu | Pren\u00e1jom a predaj turniketov\" \/>\n<meta property=\"og:description\" content=\"Turnikety pre spo\u013eahliv\u00e9 a modern\u00e9 rie\u0161enia vstupu os\u00f4b do budov, are\u00e1lov, doch\u00e1dzka, pr\u00edstupov\u00fd syst\u00e9m, biometria\" \/>\n<meta property=\"og:url\" content=\"https:\/\/rentturnstiles.eu\/hu\/forgovilla-jelenlet-nyilvantartas-belepteto-rendszer-biometria\/\" \/>\n<meta property=\"og:site_name\" content=\"Rentturnstiles.eu | Pren\u00e1jom a predaj turniketov\" \/>\n<meta property=\"article:modified_time\" content=\"2025-03-24T09:09:50+00:00\" \/>\n<meta name=\"twitter:card\" content=\"summary_large_image\" \/>\n<meta name=\"twitter:label1\" content=\"Becs\u00fclt olvas\u00e1si id\u0151\" \/>\n\t<meta name=\"twitter:data1\" content=\"3 perc\" \/>\n<script type=\"application\/ld+json\" class=\"yoast-schema-graph\">{\"@context\":\"https:\/\/schema.org\",\"@graph\":[{\"@type\":\"WebPage\",\"@id\":\"https:\/\/rentturnstiles.eu\/turnikedochadzka-pristupovy-system-biometria\/\",\"url\":\"https:\/\/rentturnstiles.eu\/turnikedochadzka-pristupovy-system-biometria\/\",\"name\":\"Produkty - Rentturnstiles.eu | Pren\u00e1jom a predaj turniketov\",\"isPartOf\":{\"@id\":\"https:\/\/rentturnstiles.eu\/#website\"},\"datePublished\":\"2025-01-28T20:38:35+00:00\",\"dateModified\":\"2025-03-24T09:09:50+00:00\",\"description\":\"Turnikety pre spo\u013eahliv\u00e9 a modern\u00e9 rie\u0161enia vstupu os\u00f4b do budov, are\u00e1lov, doch\u00e1dzka, pr\u00edstupov\u00fd syst\u00e9m, biometria\",\"breadcrumb\":{\"@id\":\"https:\/\/rentturnstiles.eu\/turnikedochadzka-pristupovy-system-biometria\/#breadcrumb\"},\"inLanguage\":\"hu\",\"potentialAction\":[{\"@type\":\"ReadAction\",\"target\":[\"https:\/\/rentturnstiles.eu\/turnikedochadzka-pristupovy-system-biometria\/\"]}]},{\"@type\":\"BreadcrumbList\",\"@id\":\"https:\/\/rentturnstiles.eu\/turnikedochadzka-pristupovy-system-biometria\/#breadcrumb\",\"itemListElement\":[{\"@type\":\"ListItem\",\"position\":1,\"name\":\"Domov\",\"item\":\"https:\/\/rentturnstiles.eu\/\"},{\"@type\":\"ListItem\",\"position\":2,\"name\":\"Produkty\"}]},{\"@type\":\"WebSite\",\"@id\":\"https:\/\/rentturnstiles.eu\/#website\",\"url\":\"https:\/\/rentturnstiles.eu\/\",\"name\":\"Rentturnstiles.eu | Pren\u00e1jom a predaj turniketov\",\"description\":\"Pren\u00e1jom a predaj turniketov\u00fdch syst\u00e9mov\",\"potentialAction\":[{\"@type\":\"SearchAction\",\"target\":{\"@type\":\"EntryPoint\",\"urlTemplate\":\"https:\/\/rentturnstiles.eu\/?s={search_term_string}\"},\"query-input\":{\"@type\":\"PropertyValueSpecification\",\"valueRequired\":true,\"valueName\":\"search_term_string\"}}],\"inLanguage\":\"hu\"}]}<\/script>\n<!-- \/ Yoast SEO plugin. -->","yoast_head_json":{"title":"Term\u00e9kek - Rentturnstiles.eu | Ford\u00edt\u00f3korl\u00e1t b\u00e9rl\u00e9s \u00e9s \u00e9rt\u00e9kes\u00edt\u00e9s","description":"Ford\u00edt\u00f3kapuk megb\u00edzhat\u00f3 \u00e9s korszer\u0171 megold\u00e1sok \u00e9p\u00fcletekbe, telephelyekre val\u00f3 bel\u00e9p\u00e9shez, jelenl\u00e9thez, bel\u00e9ptet\u00e9s-ellen\u0151rz\u00e9shez, biometri\u00e1hoz","robots":{"index":"index","follow":"follow","max-snippet":"max-snippet:-1","max-image-preview":"max-image-preview:large","max-video-preview":"max-video-preview:-1"},"canonical":"https:\/\/rentturnstiles.eu\/hu\/forgovilla-jelenlet-nyilvantartas-belepteto-rendszer-biometria\/","og_locale":"hu_HU","og_type":"article","og_title":"Produkty - Rentturnstiles.eu | Pren\u00e1jom a predaj turniketov","og_description":"Turnikety pre spo\u013eahliv\u00e9 a modern\u00e9 rie\u0161enia vstupu os\u00f4b do budov, are\u00e1lov, doch\u00e1dzka, pr\u00edstupov\u00fd syst\u00e9m, biometria","og_url":"https:\/\/rentturnstiles.eu\/hu\/forgovilla-jelenlet-nyilvantartas-belepteto-rendszer-biometria\/","og_site_name":"Rentturnstiles.eu | Pren\u00e1jom a predaj turniketov","article_modified_time":"2025-03-24T09:09:50+00:00","twitter_card":"summary_large_image","twitter_misc":{"Becs\u00fclt olvas\u00e1si id\u0151":"3 perc"},"schema":{"@context":"https:\/\/schema.org","@graph":[{"@type":"WebPage","@id":"https:\/\/rentturnstiles.eu\/turnikedochadzka-pristupovy-system-biometria\/","url":"https:\/\/rentturnstiles.eu\/turnikedochadzka-pristupovy-system-biometria\/","name":"Term\u00e9kek - Rentturnstiles.eu | Ford\u00edt\u00f3korl\u00e1t b\u00e9rl\u00e9s \u00e9s \u00e9rt\u00e9kes\u00edt\u00e9s","isPartOf":{"@id":"https:\/\/rentturnstiles.eu\/#website"},"datePublished":"2025-01-28T20:38:35+00:00","dateModified":"2025-03-24T09:09:50+00:00","description":"Ford\u00edt\u00f3kapuk megb\u00edzhat\u00f3 \u00e9s korszer\u0171 megold\u00e1sok \u00e9p\u00fcletekbe, telephelyekre val\u00f3 bel\u00e9p\u00e9shez, jelenl\u00e9thez, bel\u00e9ptet\u00e9s-ellen\u0151rz\u00e9shez, biometri\u00e1hoz","breadcrumb":{"@id":"https:\/\/rentturnstiles.eu\/turnikedochadzka-pristupovy-system-biometria\/#breadcrumb"},"inLanguage":"hu","potentialAction":[{"@type":"ReadAction","target":["https:\/\/rentturnstiles.eu\/turnikedochadzka-pristupovy-system-biometria\/"]}]},{"@type":"BreadcrumbList","@id":"https:\/\/rentturnstiles.eu\/turnikedochadzka-pristupovy-system-biometria\/#breadcrumb","itemListElement":[{"@type":"ListItem","position":1,"name":"Domov","item":"https:\/\/rentturnstiles.eu\/"},{"@type":"ListItem","position":2,"name":"Produkty"}]},{"@type":"WebSite","@id":"https:\/\/rentturnstiles.eu\/#website","url":"https:\/\/rentturnstiles.eu\/","name":"Rentturnstiles.eu | Fordul\u00f3korl\u00e1tok b\u00e9rl\u00e9se \u00e9s \u00e9rt\u00e9kes\u00edt\u00e9se","description":"Fordul\u00f3kapu rendszerek b\u00e9rbead\u00e1sa \u00e9s \u00e9rt\u00e9kes\u00edt\u00e9se","potentialAction":[{"@type":"SearchAction","target":{"@type":"EntryPoint","urlTemplate":"https:\/\/rentturnstiles.eu\/?s={search_term_string}"},"query-input":{"@type":"PropertyValueSpecification","valueRequired":true,"valueName":"search_term_string"}}],"inLanguage":"hu"}]}},"_links":{"self":[{"href":"https:\/\/rentturnstiles.eu\/hu\/wp-json\/wp\/v2\/pages\/276","targetHints":{"allow":["GET"]}}],"collection":[{"href":"https:\/\/rentturnstiles.eu\/hu\/wp-json\/wp\/v2\/pages"}],"about":[{"href":"https:\/\/rentturnstiles.eu\/hu\/wp-json\/wp\/v2\/types\/page"}],"author":[{"embeddable":true,"href":"https:\/\/rentturnstiles.eu\/hu\/wp-json\/wp\/v2\/users\/4"}],"replies":[{"embeddable":true,"href":"https:\/\/rentturnstiles.eu\/hu\/wp-json\/wp\/v2\/comments?post=276"}],"version-history":[{"count":1,"href":"https:\/\/rentturnstiles.eu\/hu\/wp-json\/wp\/v2\/pages\/276\/revisions"}],"predecessor-version":[{"id":277,"href":"https:\/\/rentturnstiles.eu\/hu\/wp-json\/wp\/v2\/pages\/276\/revisions\/277"}],"wp:attachment":[{"href":"https:\/\/rentturnstiles.eu\/hu\/wp-json\/wp\/v2\/media?parent=276"}],"curies":[{"name":"wp","href":"https:\/\/api.w.org\/{rel}","templated":true}]}}