{"id":234,"date":"2025-01-28T20:01:03","date_gmt":"2025-01-28T19:01:03","guid":{"rendered":"https:\/\/rentturnstiles.eu\/?page_id=234"},"modified":"2025-04-24T09:32:32","modified_gmt":"2025-04-24T07:32:32","slug":"referenciak","status":"publish","type":"page","link":"https:\/\/rentturnstiles.eu\/hu\/referenciak\/","title":{"rendered":"Referenci\u00e1k"},"content":{"rendered":"","protected":false},"excerpt":{"rendered":"","protected":false},"author":4,"featured_media":0,"parent":0,"menu_order":0,"comment_status":"closed","ping_status":"closed","template":"","meta":{"_acf_changed":false,"footnotes":""},"class_list":["post-234","page","type-page","status-publish","hentry"],"acf":[],"yoast_head":"<!-- This site is optimized with the Yoast SEO plugin v27.0 - https:\/\/yoast.com\/product\/yoast-seo-wordpress\/ -->\n<title>Referencie - Rentturnstiles.eu | Pren\u00e1jom a predaj turniketov<\/title>\n<meta name=\"description\" content=\"dlhoro\u010dn\u00e9 sk\u00fasenosti s turniketov\u00fdmi syst\u00e9mami, na\u0161e referencie, pren\u00e1jom, predaj, dovoz, odvoz, mont\u00e1\u017e, servis v r\u00e1mci pren\u00e1jmu.\" \/>\n<meta name=\"robots\" content=\"index, follow, max-snippet:-1, max-image-preview:large, max-video-preview:-1\" \/>\n<link rel=\"canonical\" href=\"https:\/\/rentturnstiles.eu\/hu\/referenciak\/\" \/>\n<meta property=\"og:locale\" content=\"hu_HU\" \/>\n<meta property=\"og:type\" content=\"article\" \/>\n<meta property=\"og:title\" content=\"Referencie - Rentturnstiles.eu | Pren\u00e1jom a predaj turniketov\" \/>\n<meta property=\"og:description\" content=\"dlhoro\u010dn\u00e9 sk\u00fasenosti s turniketov\u00fdmi syst\u00e9mami, na\u0161e referencie, pren\u00e1jom, predaj, dovoz, odvoz, mont\u00e1\u017e, servis v r\u00e1mci pren\u00e1jmu.\" \/>\n<meta property=\"og:url\" content=\"https:\/\/rentturnstiles.eu\/hu\/referenciak\/\" \/>\n<meta property=\"og:site_name\" content=\"Rentturnstiles.eu | Pren\u00e1jom a predaj turniketov\" \/>\n<meta property=\"article:modified_time\" content=\"2025-04-24T07:32:32+00:00\" \/>\n<meta name=\"twitter:card\" content=\"summary_large_image\" \/>\n<meta name=\"twitter:label1\" content=\"Becs\u00fclt olvas\u00e1si id\u0151\" \/>\n\t<meta name=\"twitter:data1\" content=\"2 perc\" \/>\n<script type=\"application\/ld+json\" class=\"yoast-schema-graph\">{\"@context\":\"https:\/\/schema.org\",\"@graph\":[{\"@type\":\"WebPage\",\"@id\":\"https:\/\/rentturnstiles.eu\/dlhorocne-skusenosti-s-turniketovymi-systemami\/\",\"url\":\"https:\/\/rentturnstiles.eu\/dlhorocne-skusenosti-s-turniketovymi-systemami\/\",\"name\":\"Referencie - Rentturnstiles.eu | Pren\u00e1jom a predaj turniketov\",\"isPartOf\":{\"@id\":\"https:\/\/rentturnstiles.eu\/#website\"},\"datePublished\":\"2025-01-28T19:01:03+00:00\",\"dateModified\":\"2025-04-24T07:32:32+00:00\",\"description\":\"dlhoro\u010dn\u00e9 sk\u00fasenosti s turniketov\u00fdmi syst\u00e9mami, na\u0161e referencie, pren\u00e1jom, predaj, dovoz, odvoz, mont\u00e1\u017e, servis v r\u00e1mci pren\u00e1jmu.\",\"breadcrumb\":{\"@id\":\"https:\/\/rentturnstiles.eu\/dlhorocne-skusenosti-s-turniketovymi-systemami\/#breadcrumb\"},\"inLanguage\":\"hu\",\"potentialAction\":[{\"@type\":\"ReadAction\",\"target\":[\"https:\/\/rentturnstiles.eu\/dlhorocne-skusenosti-s-turniketovymi-systemami\/\"]}]},{\"@type\":\"BreadcrumbList\",\"@id\":\"https:\/\/rentturnstiles.eu\/dlhorocne-skusenosti-s-turniketovymi-systemami\/#breadcrumb\",\"itemListElement\":[{\"@type\":\"ListItem\",\"position\":1,\"name\":\"Domov\",\"item\":\"https:\/\/rentturnstiles.eu\/\"},{\"@type\":\"ListItem\",\"position\":2,\"name\":\"Referencie\"}]},{\"@type\":\"WebSite\",\"@id\":\"https:\/\/rentturnstiles.eu\/#website\",\"url\":\"https:\/\/rentturnstiles.eu\/\",\"name\":\"Rentturnstiles.eu | Pren\u00e1jom a predaj turniketov\",\"description\":\"Pren\u00e1jom a predaj turniketov\u00fdch syst\u00e9mov\",\"potentialAction\":[{\"@type\":\"SearchAction\",\"target\":{\"@type\":\"EntryPoint\",\"urlTemplate\":\"https:\/\/rentturnstiles.eu\/?s={search_term_string}\"},\"query-input\":{\"@type\":\"PropertyValueSpecification\",\"valueRequired\":true,\"valueName\":\"search_term_string\"}}],\"inLanguage\":\"hu\"}]}<\/script>\n<!-- \/ Yoast SEO plugin. -->","yoast_head_json":{"title":"Referenci\u00e1k - Rentturnstiles.eu | Fordul\u00f3korl\u00e1tok b\u00e9rl\u00e9se \u00e9s \u00e9rt\u00e9kes\u00edt\u00e9se","description":"sok \u00e9ves tapasztalatunk a forg\u00f3sz\u00ednpad rendszerekkel, referenci\u00e1ink, b\u00e9rbead\u00e1s, \u00e9rt\u00e9kes\u00edt\u00e9s, import, k\u00f6lt\u00f6ztet\u00e9s, telep\u00edt\u00e9s, szervizel\u00e9s a b\u00e9rbead\u00e1s keret\u00e9ben.","robots":{"index":"index","follow":"follow","max-snippet":"max-snippet:-1","max-image-preview":"max-image-preview:large","max-video-preview":"max-video-preview:-1"},"canonical":"https:\/\/rentturnstiles.eu\/hu\/referenciak\/","og_locale":"hu_HU","og_type":"article","og_title":"Referencie - Rentturnstiles.eu | Pren\u00e1jom a predaj turniketov","og_description":"dlhoro\u010dn\u00e9 sk\u00fasenosti s turniketov\u00fdmi syst\u00e9mami, na\u0161e referencie, pren\u00e1jom, predaj, dovoz, odvoz, mont\u00e1\u017e, servis v r\u00e1mci pren\u00e1jmu.","og_url":"https:\/\/rentturnstiles.eu\/hu\/referenciak\/","og_site_name":"Rentturnstiles.eu | Pren\u00e1jom a predaj turniketov","article_modified_time":"2025-04-24T07:32:32+00:00","twitter_card":"summary_large_image","twitter_misc":{"Becs\u00fclt olvas\u00e1si id\u0151":"2 perc"},"schema":{"@context":"https:\/\/schema.org","@graph":[{"@type":"WebPage","@id":"https:\/\/rentturnstiles.eu\/dlhorocne-skusenosti-s-turniketovymi-systemami\/","url":"https:\/\/rentturnstiles.eu\/dlhorocne-skusenosti-s-turniketovymi-systemami\/","name":"Referenci\u00e1k - Rentturnstiles.eu | Fordul\u00f3korl\u00e1tok b\u00e9rl\u00e9se \u00e9s \u00e9rt\u00e9kes\u00edt\u00e9se","isPartOf":{"@id":"https:\/\/rentturnstiles.eu\/#website"},"datePublished":"2025-01-28T19:01:03+00:00","dateModified":"2025-04-24T07:32:32+00:00","description":"sok \u00e9ves tapasztalatunk a forg\u00f3sz\u00ednpad rendszerekkel, referenci\u00e1ink, b\u00e9rbead\u00e1s, \u00e9rt\u00e9kes\u00edt\u00e9s, import, k\u00f6lt\u00f6ztet\u00e9s, telep\u00edt\u00e9s, szervizel\u00e9s a b\u00e9rbead\u00e1s keret\u00e9ben.","breadcrumb":{"@id":"https:\/\/rentturnstiles.eu\/dlhorocne-skusenosti-s-turniketovymi-systemami\/#breadcrumb"},"inLanguage":"hu","potentialAction":[{"@type":"ReadAction","target":["https:\/\/rentturnstiles.eu\/dlhorocne-skusenosti-s-turniketovymi-systemami\/"]}]},{"@type":"BreadcrumbList","@id":"https:\/\/rentturnstiles.eu\/dlhorocne-skusenosti-s-turniketovymi-systemami\/#breadcrumb","itemListElement":[{"@type":"ListItem","position":1,"name":"Domov","item":"https:\/\/rentturnstiles.eu\/"},{"@type":"ListItem","position":2,"name":"Referencie"}]},{"@type":"WebSite","@id":"https:\/\/rentturnstiles.eu\/#website","url":"https:\/\/rentturnstiles.eu\/","name":"Rentturnstiles.eu | Fordul\u00f3korl\u00e1tok b\u00e9rl\u00e9se \u00e9s \u00e9rt\u00e9kes\u00edt\u00e9se","description":"Fordul\u00f3kapu rendszerek b\u00e9rbead\u00e1sa \u00e9s \u00e9rt\u00e9kes\u00edt\u00e9se","potentialAction":[{"@type":"SearchAction","target":{"@type":"EntryPoint","urlTemplate":"https:\/\/rentturnstiles.eu\/?s={search_term_string}"},"query-input":{"@type":"PropertyValueSpecification","valueRequired":true,"valueName":"search_term_string"}}],"inLanguage":"hu"}]}},"_links":{"self":[{"href":"https:\/\/rentturnstiles.eu\/hu\/wp-json\/wp\/v2\/pages\/234","targetHints":{"allow":["GET"]}}],"collection":[{"href":"https:\/\/rentturnstiles.eu\/hu\/wp-json\/wp\/v2\/pages"}],"about":[{"href":"https:\/\/rentturnstiles.eu\/hu\/wp-json\/wp\/v2\/types\/page"}],"author":[{"embeddable":true,"href":"https:\/\/rentturnstiles.eu\/hu\/wp-json\/wp\/v2\/users\/4"}],"replies":[{"embeddable":true,"href":"https:\/\/rentturnstiles.eu\/hu\/wp-json\/wp\/v2\/comments?post=234"}],"version-history":[{"count":2,"href":"https:\/\/rentturnstiles.eu\/hu\/wp-json\/wp\/v2\/pages\/234\/revisions"}],"predecessor-version":[{"id":2814,"href":"https:\/\/rentturnstiles.eu\/hu\/wp-json\/wp\/v2\/pages\/234\/revisions\/2814"}],"wp:attachment":[{"href":"https:\/\/rentturnstiles.eu\/hu\/wp-json\/wp\/v2\/media?parent=234"}],"curies":[{"name":"wp","href":"https:\/\/api.w.org\/{rel}","templated":true}]}}