{"id":2,"date":"2025-01-24T13:33:39","date_gmt":"2025-01-24T12:33:39","guid":{"rendered":"https:\/\/rentturnstiles.eu\/?page_id=2"},"modified":"2026-02-18T10:21:28","modified_gmt":"2026-02-18T09:21:28","slug":"modern-vezerloszoftverrel-ellatott-fordulokapuk","status":"publish","type":"page","link":"https:\/\/rentturnstiles.eu\/hu\/","title":{"rendered":"Bel\u00e9ptet\u0151 kapuk \u2013 hat\u00e9kony megold\u00e1s a bel\u00e9ptet\u00e9s ellen\u0151rz\u00e9s\u00e9re"},"content":{"rendered":"<p>Modern forg\u00f3kapuk a biztons\u00e1gos \u00e9s hat\u00e9kony hozz\u00e1f\u00e9r\u00e9s\u00e9rt. Ide\u00e1lis megold\u00e1s irodah\u00e1zakhoz, sportp\u00e1ly\u00e1khoz, ipari ter\u00fcletekhez \u00e9s k\u00f6z\u00f6ss\u00e9gi terekhez.<\/p>\n\n\n\n<p><\/p>","protected":false},"excerpt":{"rendered":"<p>Modern forg\u00f3kapuk a biztons\u00e1gos \u00e9s hat\u00e9kony hozz\u00e1f\u00e9r\u00e9s\u00e9rt. Ide\u00e1lis megold\u00e1s irodah\u00e1zakhoz, sportp\u00e1ly\u00e1khoz, ipari ter\u00fcletekhez \u00e9s k\u00f6z\u00f6ss\u00e9gi terekhez.<\/p>","protected":false},"author":4,"featured_media":152,"parent":0,"menu_order":0,"comment_status":"closed","ping_status":"open","template":"","meta":{"_acf_changed":false,"footnotes":""},"class_list":["post-2","page","type-page","status-publish","has-post-thumbnail","hentry"],"acf":[],"yoast_head":"<!-- This site is optimized with the Yoast SEO plugin v27.0 - https:\/\/yoast.com\/product\/yoast-seo-wordpress\/ -->\n<title>Turnikety, efekt\u00edvne rie\u0161enie pre kontrolu vstupu - Rentturnstiles.eu | Pren\u00e1jom a predaj turniketov<\/title>\n<meta name=\"description\" content=\"Modern\u00e9 turnikety s riadiacim softv\u00e9rom, bezpe\u010dn\u00fd pr\u00edstup, ide\u00e1lne rie\u0161enie pre budovy, \u0161portovisk\u00e1, priemyseln\u00e9 are\u00e1ly a verejn\u00e9 priestory.\" \/>\n<meta name=\"robots\" content=\"index, follow, max-snippet:-1, max-image-preview:large, max-video-preview:-1\" \/>\n<link rel=\"canonical\" href=\"https:\/\/rentturnstiles.eu\/hu\/\" \/>\n<meta property=\"og:locale\" content=\"hu_HU\" \/>\n<meta property=\"og:type\" content=\"article\" \/>\n<meta property=\"og:title\" content=\"Turnikety, efekt\u00edvne rie\u0161enie pre kontrolu vstupu - Rentturnstiles.eu | Pren\u00e1jom a predaj turniketov\" \/>\n<meta property=\"og:description\" content=\"Modern\u00e9 turnikety s riadiacim softv\u00e9rom, bezpe\u010dn\u00fd pr\u00edstup, ide\u00e1lne rie\u0161enie pre budovy, \u0161portovisk\u00e1, priemyseln\u00e9 are\u00e1ly a verejn\u00e9 priestory.\" \/>\n<meta property=\"og:url\" content=\"https:\/\/rentturnstiles.eu\/hu\/\" \/>\n<meta property=\"og:site_name\" content=\"Rentturnstiles.eu | Pren\u00e1jom a predaj turniketov\" \/>\n<meta property=\"article:modified_time\" content=\"2026-02-18T09:21:28+00:00\" \/>\n<meta property=\"og:image\" content=\"https:\/\/rentturnstiles.eu\/wp-content\/uploads\/2025\/01\/Group-48095582-e1737738005686.png\" \/>\n\t<meta property=\"og:image:width\" content=\"3024\" \/>\n\t<meta property=\"og:image:height\" content=\"1593\" \/>\n\t<meta property=\"og:image:type\" content=\"image\/png\" \/>\n<meta name=\"twitter:card\" content=\"summary_large_image\" \/>\n<meta name=\"twitter:label1\" content=\"Becs\u00fclt olvas\u00e1si id\u0151\" \/>\n\t<meta name=\"twitter:data1\" content=\"5 perc\" \/>\n<script type=\"application\/ld+json\" class=\"yoast-schema-graph\">{\"@context\":\"https:\/\/schema.org\",\"@graph\":[{\"@type\":\"WebPage\",\"@id\":\"https:\/\/rentturnstiles.eu\/\",\"url\":\"https:\/\/rentturnstiles.eu\/\",\"name\":\"Turnikety, efekt\u00edvne rie\u0161enie pre kontrolu vstupu - Rentturnstiles.eu | Pren\u00e1jom a predaj turniketov\",\"isPartOf\":{\"@id\":\"https:\/\/rentturnstiles.eu\/#website\"},\"primaryImageOfPage\":{\"@id\":\"https:\/\/rentturnstiles.eu\/#primaryimage\"},\"image\":{\"@id\":\"https:\/\/rentturnstiles.eu\/#primaryimage\"},\"thumbnailUrl\":\"https:\/\/rentturnstiles.eu\/wp-content\/uploads\/2025\/01\/Group-48095582-e1737738005686.png\",\"datePublished\":\"2025-01-24T12:33:39+00:00\",\"dateModified\":\"2026-02-18T09:21:28+00:00\",\"description\":\"Modern\u00e9 turnikety s riadiacim softv\u00e9rom, bezpe\u010dn\u00fd pr\u00edstup, ide\u00e1lne rie\u0161enie pre budovy, \u0161portovisk\u00e1, priemyseln\u00e9 are\u00e1ly a verejn\u00e9 priestory.\",\"breadcrumb\":{\"@id\":\"https:\/\/rentturnstiles.eu\/#breadcrumb\"},\"inLanguage\":\"hu\",\"potentialAction\":[{\"@type\":\"ReadAction\",\"target\":[\"https:\/\/rentturnstiles.eu\/\"]}]},{\"@type\":\"ImageObject\",\"inLanguage\":\"hu\",\"@id\":\"https:\/\/rentturnstiles.eu\/#primaryimage\",\"url\":\"https:\/\/rentturnstiles.eu\/wp-content\/uploads\/2025\/01\/Group-48095582-e1737738005686.png\",\"contentUrl\":\"https:\/\/rentturnstiles.eu\/wp-content\/uploads\/2025\/01\/Group-48095582-e1737738005686.png\",\"width\":3024,\"height\":1593,\"caption\":\"MOREZ GROUP tituln\u00e1 fotka turnikety M\"},{\"@type\":\"BreadcrumbList\",\"@id\":\"https:\/\/rentturnstiles.eu\/#breadcrumb\",\"itemListElement\":[{\"@type\":\"ListItem\",\"position\":1,\"name\":\"Domov\",\"item\":\"https:\/\/rentturnstiles.eu\/\"},{\"@type\":\"ListItem\",\"position\":2,\"name\":\"Turnikety, efekt\u00edvne rie\u0161enie pre kontrolu vstupu\"}]},{\"@type\":\"WebSite\",\"@id\":\"https:\/\/rentturnstiles.eu\/#website\",\"url\":\"https:\/\/rentturnstiles.eu\/\",\"name\":\"Rentturnstiles.eu | Pren\u00e1jom a predaj turniketov\",\"description\":\"Pren\u00e1jom a predaj turniketov\u00fdch syst\u00e9mov\",\"potentialAction\":[{\"@type\":\"SearchAction\",\"target\":{\"@type\":\"EntryPoint\",\"urlTemplate\":\"https:\/\/rentturnstiles.eu\/?s={search_term_string}\"},\"query-input\":{\"@type\":\"PropertyValueSpecification\",\"valueRequired\":true,\"valueName\":\"search_term_string\"}}],\"inLanguage\":\"hu\"}]}<\/script>\n<!-- \/ Yoast SEO plugin. -->","yoast_head_json":{"title":"Forgat\u00f3g\u00e9pek, hat\u00e9kony megold\u00e1s a bel\u00e9ptet\u00e9s ellen\u0151rz\u00e9s\u00e9re \u2013 Rentturnstiles.eu | Forgat\u00f3g\u00e9p b\u00e9rl\u00e9s \u00e9s \u00e9rt\u00e9kes\u00edt\u00e9s","description":"Modern, vez\u00e9rl\u0151szoftverrel ell\u00e1tott, biztons\u00e1gos bel\u00e9ptet\u0151 kapuk, ide\u00e1lis \u00e9p\u00fcletek, sportp\u00e1ly\u00e1k, ipari ter\u00fcletek \u00e9s k\u00f6zter\u00fcletek sz\u00e1m\u00e1ra.","robots":{"index":"index","follow":"follow","max-snippet":"max-snippet:-1","max-image-preview":"max-image-preview:large","max-video-preview":"max-video-preview:-1"},"canonical":"https:\/\/rentturnstiles.eu\/hu\/","og_locale":"hu_HU","og_type":"article","og_title":"Turnikety, efekt\u00edvne rie\u0161enie pre kontrolu vstupu - Rentturnstiles.eu | Pren\u00e1jom a predaj turniketov","og_description":"Modern\u00e9 turnikety s riadiacim softv\u00e9rom, bezpe\u010dn\u00fd pr\u00edstup, ide\u00e1lne rie\u0161enie pre budovy, \u0161portovisk\u00e1, priemyseln\u00e9 are\u00e1ly a verejn\u00e9 priestory.","og_url":"https:\/\/rentturnstiles.eu\/hu\/","og_site_name":"Rentturnstiles.eu | Pren\u00e1jom a predaj turniketov","article_modified_time":"2026-02-18T09:21:28+00:00","og_image":[{"width":3024,"height":1593,"url":"https:\/\/rentturnstiles.eu\/wp-content\/uploads\/2025\/01\/Group-48095582-e1737738005686.png","type":"image\/png"}],"twitter_card":"summary_large_image","twitter_misc":{"Becs\u00fclt olvas\u00e1si id\u0151":"5 perc"},"schema":{"@context":"https:\/\/schema.org","@graph":[{"@type":"WebPage","@id":"https:\/\/rentturnstiles.eu\/","url":"https:\/\/rentturnstiles.eu\/","name":"Forgat\u00f3g\u00e9pek, hat\u00e9kony megold\u00e1s a bel\u00e9ptet\u00e9s ellen\u0151rz\u00e9s\u00e9re \u2013 Rentturnstiles.eu | Forgat\u00f3g\u00e9p b\u00e9rl\u00e9s \u00e9s \u00e9rt\u00e9kes\u00edt\u00e9s","isPartOf":{"@id":"https:\/\/rentturnstiles.eu\/#website"},"primaryImageOfPage":{"@id":"https:\/\/rentturnstiles.eu\/#primaryimage"},"image":{"@id":"https:\/\/rentturnstiles.eu\/#primaryimage"},"thumbnailUrl":"https:\/\/rentturnstiles.eu\/wp-content\/uploads\/2025\/01\/Group-48095582-e1737738005686.png","datePublished":"2025-01-24T12:33:39+00:00","dateModified":"2026-02-18T09:21:28+00:00","description":"Modern, vez\u00e9rl\u0151szoftverrel ell\u00e1tott, biztons\u00e1gos bel\u00e9ptet\u0151 kapuk, ide\u00e1lis \u00e9p\u00fcletek, sportp\u00e1ly\u00e1k, ipari ter\u00fcletek \u00e9s k\u00f6zter\u00fcletek sz\u00e1m\u00e1ra.","breadcrumb":{"@id":"https:\/\/rentturnstiles.eu\/#breadcrumb"},"inLanguage":"hu","potentialAction":[{"@type":"ReadAction","target":["https:\/\/rentturnstiles.eu\/"]}]},{"@type":"ImageObject","inLanguage":"hu","@id":"https:\/\/rentturnstiles.eu\/#primaryimage","url":"https:\/\/rentturnstiles.eu\/wp-content\/uploads\/2025\/01\/Group-48095582-e1737738005686.png","contentUrl":"https:\/\/rentturnstiles.eu\/wp-content\/uploads\/2025\/01\/Group-48095582-e1737738005686.png","width":3024,"height":1593,"caption":"MOREZ GROUP tituln\u00e1 fotka turnikety M"},{"@type":"BreadcrumbList","@id":"https:\/\/rentturnstiles.eu\/#breadcrumb","itemListElement":[{"@type":"ListItem","position":1,"name":"Domov","item":"https:\/\/rentturnstiles.eu\/"},{"@type":"ListItem","position":2,"name":"Turnikety, efekt\u00edvne rie\u0161enie pre kontrolu vstupu"}]},{"@type":"WebSite","@id":"https:\/\/rentturnstiles.eu\/#website","url":"https:\/\/rentturnstiles.eu\/","name":"Rentturnstiles.eu | Fordul\u00f3korl\u00e1tok b\u00e9rl\u00e9se \u00e9s \u00e9rt\u00e9kes\u00edt\u00e9se","description":"Fordul\u00f3kapu rendszerek b\u00e9rbead\u00e1sa \u00e9s \u00e9rt\u00e9kes\u00edt\u00e9se","potentialAction":[{"@type":"SearchAction","target":{"@type":"EntryPoint","urlTemplate":"https:\/\/rentturnstiles.eu\/?s={search_term_string}"},"query-input":{"@type":"PropertyValueSpecification","valueRequired":true,"valueName":"search_term_string"}}],"inLanguage":"hu"}]}},"_links":{"self":[{"href":"https:\/\/rentturnstiles.eu\/hu\/wp-json\/wp\/v2\/pages\/2","targetHints":{"allow":["GET"]}}],"collection":[{"href":"https:\/\/rentturnstiles.eu\/hu\/wp-json\/wp\/v2\/pages"}],"about":[{"href":"https:\/\/rentturnstiles.eu\/hu\/wp-json\/wp\/v2\/types\/page"}],"author":[{"embeddable":true,"href":"https:\/\/rentturnstiles.eu\/hu\/wp-json\/wp\/v2\/users\/4"}],"replies":[{"embeddable":true,"href":"https:\/\/rentturnstiles.eu\/hu\/wp-json\/wp\/v2\/comments?post=2"}],"version-history":[{"count":16,"href":"https:\/\/rentturnstiles.eu\/hu\/wp-json\/wp\/v2\/pages\/2\/revisions"}],"predecessor-version":[{"id":3309,"href":"https:\/\/rentturnstiles.eu\/hu\/wp-json\/wp\/v2\/pages\/2\/revisions\/3309"}],"wp:featuredmedia":[{"embeddable":true,"href":"https:\/\/rentturnstiles.eu\/hu\/wp-json\/wp\/v2\/media\/152"}],"wp:attachment":[{"href":"https:\/\/rentturnstiles.eu\/hu\/wp-json\/wp\/v2\/media?parent=2"}],"curies":[{"name":"wp","href":"https:\/\/api.w.org\/{rel}","templated":true}]}}