{"id":197,"date":"2025-01-26T20:05:10","date_gmt":"2025-01-26T19:05:10","guid":{"rendered":"https:\/\/rentturnstiles.eu\/?page_id=197"},"modified":"2025-06-17T08:38:54","modified_gmt":"2025-06-17T06:38:54","slug":"referenciak-2","status":"publish","type":"page","link":"https:\/\/rentturnstiles.eu\/hu\/referenciak-2\/","title":{"rendered":"R\u00f3lunk"},"content":{"rendered":"<p>A MOREZ GROUP a.s. t\u00e1rsas\u00e1g 2006 \u00f3ta m\u0171k\u00f6dik a piacon, anyav\u00e1llalatak\u00e9nt a Morez spol. s r.o. (1991 \u00f3ta) hossz\u00fa \u00e9ves tapasztalattal rendelkezik a forg\u00f3kapuk \u00e9s forg\u00f3kapukkal ell\u00e1tott kapuk \u00e9rt\u00e9kes\u00edt\u00e9se \u00e9s b\u00e9rbead\u00e1sa ter\u00e9n. C\u00e9lunk, hogy min\u0151s\u00e9gi, megb\u00edzhat\u00f3 \u00e9s biztons\u00e1gos bel\u00e9ptet\u0151 rendszereket k\u00edn\u00e1ljunk, amelyek minden objektum egyedi ig\u00e9nyeinek megfelelnek.<\/p>","protected":false},"excerpt":{"rendered":"<p>A MOREZ GROUP a.s. t\u00e1rsas\u00e1g 2006 \u00f3ta m\u0171k\u00f6dik a piacon, anyav\u00e1llalatak\u00e9nt a Morez spol. s r.o. (1991 \u00f3ta) hossz\u00fa \u00e9ves tapasztalattal rendelkezik a forg\u00f3kapuk \u00e9s forg\u00f3kapukkal ell\u00e1tott kapuk \u00e9rt\u00e9kes\u00edt\u00e9se \u00e9s b\u00e9rbead\u00e1sa ter\u00e9n. C\u00e9lunk, hogy min\u0151s\u00e9gi, megb\u00edzhat\u00f3 \u00e9s biztons\u00e1gos bel\u00e9ptet\u0151 rendszereket k\u00edn\u00e1ljunk, amelyek minden objektum egyedi ig\u00e9nyeinek megfelelnek.<\/p>","protected":false},"author":4,"featured_media":0,"parent":0,"menu_order":0,"comment_status":"closed","ping_status":"closed","template":"","meta":{"_acf_changed":false,"footnotes":""},"class_list":["post-197","page","type-page","status-publish","hentry"],"acf":[],"yoast_head":"<!-- This site is optimized with the Yoast SEO plugin v27.0 - https:\/\/yoast.com\/product\/yoast-seo-wordpress\/ -->\n<title>O n\u00e1s - Rentturnstiles.eu | Pren\u00e1jom a predaj turniketov<\/title>\n<meta name=\"description\" content=\"Dlhoro\u010dn\u00e9 sk\u00fasenosti v oblasti predaja, pren\u00e1jmu turniketov a vr\u00e1tnic s turniketmi. Na\u0161im cie\u013eom je poskytova\u0165 kvalitn\u00e9, spo\u013eahliv\u00e9 rie\u0161enia.\" \/>\n<meta name=\"robots\" content=\"index, follow, max-snippet:-1, max-image-preview:large, max-video-preview:-1\" \/>\n<link rel=\"canonical\" href=\"https:\/\/rentturnstiles.eu\/hu\/referenciak-2\/\" \/>\n<meta property=\"og:locale\" content=\"hu_HU\" \/>\n<meta property=\"og:type\" content=\"article\" \/>\n<meta property=\"og:title\" content=\"O n\u00e1s - Rentturnstiles.eu | Pren\u00e1jom a predaj turniketov\" \/>\n<meta property=\"og:description\" content=\"Dlhoro\u010dn\u00e9 sk\u00fasenosti v oblasti predaja, pren\u00e1jmu turniketov a vr\u00e1tnic s turniketmi. Na\u0161im cie\u013eom je poskytova\u0165 kvalitn\u00e9, spo\u013eahliv\u00e9 rie\u0161enia.\" \/>\n<meta property=\"og:url\" content=\"https:\/\/rentturnstiles.eu\/hu\/referenciak-2\/\" \/>\n<meta property=\"og:site_name\" content=\"Rentturnstiles.eu | Pren\u00e1jom a predaj turniketov\" \/>\n<meta property=\"article:modified_time\" content=\"2025-06-17T06:38:54+00:00\" \/>\n<meta name=\"twitter:card\" content=\"summary_large_image\" \/>\n<meta name=\"twitter:label1\" content=\"Becs\u00fclt olvas\u00e1si id\u0151\" \/>\n\t<meta name=\"twitter:data1\" content=\"3 perc\" \/>\n<script type=\"application\/ld+json\" class=\"yoast-schema-graph\">{\"@context\":\"https:\/\/schema.org\",\"@graph\":[{\"@type\":\"WebPage\",\"@id\":\"https:\/\/rentturnstiles.eu\/dlhorocne-skusenosti-predaj-prenajom-turniketov\/\",\"url\":\"https:\/\/rentturnstiles.eu\/dlhorocne-skusenosti-predaj-prenajom-turniketov\/\",\"name\":\"O n\u00e1s - Rentturnstiles.eu | Pren\u00e1jom a predaj turniketov\",\"isPartOf\":{\"@id\":\"https:\/\/rentturnstiles.eu\/#website\"},\"datePublished\":\"2025-01-26T19:05:10+00:00\",\"dateModified\":\"2025-06-17T06:38:54+00:00\",\"description\":\"Dlhoro\u010dn\u00e9 sk\u00fasenosti v oblasti predaja, pren\u00e1jmu turniketov a vr\u00e1tnic s turniketmi. Na\u0161im cie\u013eom je poskytova\u0165 kvalitn\u00e9, spo\u013eahliv\u00e9 rie\u0161enia.\",\"breadcrumb\":{\"@id\":\"https:\/\/rentturnstiles.eu\/dlhorocne-skusenosti-predaj-prenajom-turniketov\/#breadcrumb\"},\"inLanguage\":\"hu\",\"potentialAction\":[{\"@type\":\"ReadAction\",\"target\":[\"https:\/\/rentturnstiles.eu\/dlhorocne-skusenosti-predaj-prenajom-turniketov\/\"]}]},{\"@type\":\"BreadcrumbList\",\"@id\":\"https:\/\/rentturnstiles.eu\/dlhorocne-skusenosti-predaj-prenajom-turniketov\/#breadcrumb\",\"itemListElement\":[{\"@type\":\"ListItem\",\"position\":1,\"name\":\"Domov\",\"item\":\"https:\/\/rentturnstiles.eu\/\"},{\"@type\":\"ListItem\",\"position\":2,\"name\":\"O n\u00e1s\"}]},{\"@type\":\"WebSite\",\"@id\":\"https:\/\/rentturnstiles.eu\/#website\",\"url\":\"https:\/\/rentturnstiles.eu\/\",\"name\":\"Rentturnstiles.eu | Pren\u00e1jom a predaj turniketov\",\"description\":\"Pren\u00e1jom a predaj turniketov\u00fdch syst\u00e9mov\",\"potentialAction\":[{\"@type\":\"SearchAction\",\"target\":{\"@type\":\"EntryPoint\",\"urlTemplate\":\"https:\/\/rentturnstiles.eu\/?s={search_term_string}\"},\"query-input\":{\"@type\":\"PropertyValueSpecification\",\"valueRequired\":true,\"valueName\":\"search_term_string\"}}],\"inLanguage\":\"hu\"}]}<\/script>\n<!-- \/ Yoast SEO plugin. -->","yoast_head_json":{"title":"R\u00f3lunk - Rentturnstiles.eu | Ford\u00edt\u00f3korl\u00e1t b\u00e9rl\u00e9s \u00e9s \u00e9rt\u00e9kes\u00edt\u00e9s","description":"Sok\u00e9ves tapasztalat a forg\u00f3ajt\u00f3k \u00e9s forg\u00f3kapuk \u00e9rt\u00e9kes\u00edt\u00e9s\u00e9ben, b\u00e9rbead\u00e1s\u00e1ban. C\u00e9lunk a min\u0151s\u00e9gi, megb\u00edzhat\u00f3 megold\u00e1sok biztos\u00edt\u00e1sa.","robots":{"index":"index","follow":"follow","max-snippet":"max-snippet:-1","max-image-preview":"max-image-preview:large","max-video-preview":"max-video-preview:-1"},"canonical":"https:\/\/rentturnstiles.eu\/hu\/referenciak-2\/","og_locale":"hu_HU","og_type":"article","og_title":"O n\u00e1s - Rentturnstiles.eu | Pren\u00e1jom a predaj turniketov","og_description":"Dlhoro\u010dn\u00e9 sk\u00fasenosti v oblasti predaja, pren\u00e1jmu turniketov a vr\u00e1tnic s turniketmi. Na\u0161im cie\u013eom je poskytova\u0165 kvalitn\u00e9, spo\u013eahliv\u00e9 rie\u0161enia.","og_url":"https:\/\/rentturnstiles.eu\/hu\/referenciak-2\/","og_site_name":"Rentturnstiles.eu | Pren\u00e1jom a predaj turniketov","article_modified_time":"2025-06-17T06:38:54+00:00","twitter_card":"summary_large_image","twitter_misc":{"Becs\u00fclt olvas\u00e1si id\u0151":"3 perc"},"schema":{"@context":"https:\/\/schema.org","@graph":[{"@type":"WebPage","@id":"https:\/\/rentturnstiles.eu\/dlhorocne-skusenosti-predaj-prenajom-turniketov\/","url":"https:\/\/rentturnstiles.eu\/dlhorocne-skusenosti-predaj-prenajom-turniketov\/","name":"R\u00f3lunk - Rentturnstiles.eu | Ford\u00edt\u00f3korl\u00e1t b\u00e9rl\u00e9s \u00e9s \u00e9rt\u00e9kes\u00edt\u00e9s","isPartOf":{"@id":"https:\/\/rentturnstiles.eu\/#website"},"datePublished":"2025-01-26T19:05:10+00:00","dateModified":"2025-06-17T06:38:54+00:00","description":"Sok\u00e9ves tapasztalat a forg\u00f3ajt\u00f3k \u00e9s forg\u00f3kapuk \u00e9rt\u00e9kes\u00edt\u00e9s\u00e9ben, b\u00e9rbead\u00e1s\u00e1ban. C\u00e9lunk a min\u0151s\u00e9gi, megb\u00edzhat\u00f3 megold\u00e1sok biztos\u00edt\u00e1sa.","breadcrumb":{"@id":"https:\/\/rentturnstiles.eu\/dlhorocne-skusenosti-predaj-prenajom-turniketov\/#breadcrumb"},"inLanguage":"hu","potentialAction":[{"@type":"ReadAction","target":["https:\/\/rentturnstiles.eu\/dlhorocne-skusenosti-predaj-prenajom-turniketov\/"]}]},{"@type":"BreadcrumbList","@id":"https:\/\/rentturnstiles.eu\/dlhorocne-skusenosti-predaj-prenajom-turniketov\/#breadcrumb","itemListElement":[{"@type":"ListItem","position":1,"name":"Domov","item":"https:\/\/rentturnstiles.eu\/"},{"@type":"ListItem","position":2,"name":"O n\u00e1s"}]},{"@type":"WebSite","@id":"https:\/\/rentturnstiles.eu\/#website","url":"https:\/\/rentturnstiles.eu\/","name":"Rentturnstiles.eu | Fordul\u00f3korl\u00e1tok b\u00e9rl\u00e9se \u00e9s \u00e9rt\u00e9kes\u00edt\u00e9se","description":"Fordul\u00f3kapu rendszerek b\u00e9rbead\u00e1sa \u00e9s \u00e9rt\u00e9kes\u00edt\u00e9se","potentialAction":[{"@type":"SearchAction","target":{"@type":"EntryPoint","urlTemplate":"https:\/\/rentturnstiles.eu\/?s={search_term_string}"},"query-input":{"@type":"PropertyValueSpecification","valueRequired":true,"valueName":"search_term_string"}}],"inLanguage":"hu"}]}},"_links":{"self":[{"href":"https:\/\/rentturnstiles.eu\/hu\/wp-json\/wp\/v2\/pages\/197","targetHints":{"allow":["GET"]}}],"collection":[{"href":"https:\/\/rentturnstiles.eu\/hu\/wp-json\/wp\/v2\/pages"}],"about":[{"href":"https:\/\/rentturnstiles.eu\/hu\/wp-json\/wp\/v2\/types\/page"}],"author":[{"embeddable":true,"href":"https:\/\/rentturnstiles.eu\/hu\/wp-json\/wp\/v2\/users\/4"}],"replies":[{"embeddable":true,"href":"https:\/\/rentturnstiles.eu\/hu\/wp-json\/wp\/v2\/comments?post=197"}],"version-history":[{"count":5,"href":"https:\/\/rentturnstiles.eu\/hu\/wp-json\/wp\/v2\/pages\/197\/revisions"}],"predecessor-version":[{"id":2952,"href":"https:\/\/rentturnstiles.eu\/hu\/wp-json\/wp\/v2\/pages\/197\/revisions\/2952"}],"wp:attachment":[{"href":"https:\/\/rentturnstiles.eu\/hu\/wp-json\/wp\/v2\/media?parent=197"}],"curies":[{"name":"wp","href":"https:\/\/api.w.org\/{rel}","templated":true}]}}