{"id":165,"date":"2025-01-26T16:40:00","date_gmt":"2025-01-26T15:40:00","guid":{"rendered":"https:\/\/rentturnstiles.eu\/?page_id=165"},"modified":"2025-05-23T09:56:13","modified_gmt":"2025-05-23T07:56:13","slug":"blogbejegyzes-biztonsagtechnikai-megoldasok","status":"publish","type":"page","link":"https:\/\/rentturnstiles.eu\/hu\/blogbejegyzes-biztonsagtechnikai-megoldasok\/","title":{"rendered":"Blog"},"content":{"rendered":"","protected":false},"excerpt":{"rendered":"","protected":false},"author":4,"featured_media":0,"parent":0,"menu_order":0,"comment_status":"closed","ping_status":"closed","template":"","meta":{"_acf_changed":false,"footnotes":""},"class_list":["post-165","page","type-page","status-publish","hentry"],"acf":[],"yoast_head":"<!-- This site is optimized with the Yoast SEO plugin v27.0 - https:\/\/yoast.com\/product\/yoast-seo-wordpress\/ -->\n<title>Blog - Rentturnstiles.eu | Pren\u00e1jom a predaj turniketov<\/title>\n<meta name=\"description\" content=\"Z\u00edskajte preh\u013ead o bezpe\u010dnostn\u00fdch technol\u00f3gi\u00e1ch. Spo\u013eahliv\u00e9 inform\u00e1cie, odborn\u00e9 odpovede a praktick\u00e9 rady, V\u00e1m pom\u00f4\u017eu n\u00e1js\u0165 spr\u00e1vne rie\u0161enie.\" \/>\n<meta name=\"robots\" content=\"index, follow, max-snippet:-1, max-image-preview:large, max-video-preview:-1\" \/>\n<link rel=\"canonical\" href=\"https:\/\/rentturnstiles.eu\/hu\/blogbejegyzes-biztonsagtechnikai-megoldasok\/\" \/>\n<meta property=\"og:locale\" content=\"hu_HU\" \/>\n<meta property=\"og:type\" content=\"article\" \/>\n<meta property=\"og:title\" content=\"Blog - Rentturnstiles.eu | Pren\u00e1jom a predaj turniketov\" \/>\n<meta property=\"og:description\" content=\"Z\u00edskajte preh\u013ead o bezpe\u010dnostn\u00fdch technol\u00f3gi\u00e1ch. Spo\u013eahliv\u00e9 inform\u00e1cie, odborn\u00e9 odpovede a praktick\u00e9 rady, V\u00e1m pom\u00f4\u017eu n\u00e1js\u0165 spr\u00e1vne rie\u0161enie.\" \/>\n<meta property=\"og:url\" content=\"https:\/\/rentturnstiles.eu\/hu\/blogbejegyzes-biztonsagtechnikai-megoldasok\/\" \/>\n<meta property=\"og:site_name\" content=\"Rentturnstiles.eu | Pren\u00e1jom a predaj turniketov\" \/>\n<meta property=\"article:modified_time\" content=\"2025-05-23T07:56:13+00:00\" \/>\n<meta name=\"twitter:card\" content=\"summary_large_image\" \/>\n<meta name=\"twitter:label1\" content=\"Becs\u00fclt olvas\u00e1si id\u0151\" \/>\n\t<meta name=\"twitter:data1\" content=\"3 perc\" \/>\n<script type=\"application\/ld+json\" class=\"yoast-schema-graph\">{\"@context\":\"https:\/\/schema.org\",\"@graph\":[{\"@type\":\"WebPage\",\"@id\":\"https:\/\/rentturnstiles.eu\/blog-clanok-bezpecnostne-technologie\/\",\"url\":\"https:\/\/rentturnstiles.eu\/blog-clanok-bezpecnostne-technologie\/\",\"name\":\"Blog - Rentturnstiles.eu | Pren\u00e1jom a predaj turniketov\",\"isPartOf\":{\"@id\":\"https:\/\/rentturnstiles.eu\/#website\"},\"datePublished\":\"2025-01-26T15:40:00+00:00\",\"dateModified\":\"2025-05-23T07:56:13+00:00\",\"description\":\"Z\u00edskajte preh\u013ead o bezpe\u010dnostn\u00fdch technol\u00f3gi\u00e1ch. Spo\u013eahliv\u00e9 inform\u00e1cie, odborn\u00e9 odpovede a praktick\u00e9 rady, V\u00e1m pom\u00f4\u017eu n\u00e1js\u0165 spr\u00e1vne rie\u0161enie.\",\"breadcrumb\":{\"@id\":\"https:\/\/rentturnstiles.eu\/blog-clanok-bezpecnostne-technologie\/#breadcrumb\"},\"inLanguage\":\"hu\",\"potentialAction\":[{\"@type\":\"ReadAction\",\"target\":[\"https:\/\/rentturnstiles.eu\/blog-clanok-bezpecnostne-technologie\/\"]}]},{\"@type\":\"BreadcrumbList\",\"@id\":\"https:\/\/rentturnstiles.eu\/blog-clanok-bezpecnostne-technologie\/#breadcrumb\",\"itemListElement\":[{\"@type\":\"ListItem\",\"position\":1,\"name\":\"Domov\",\"item\":\"https:\/\/rentturnstiles.eu\/\"},{\"@type\":\"ListItem\",\"position\":2,\"name\":\"Blog\"}]},{\"@type\":\"WebSite\",\"@id\":\"https:\/\/rentturnstiles.eu\/#website\",\"url\":\"https:\/\/rentturnstiles.eu\/\",\"name\":\"Rentturnstiles.eu | Pren\u00e1jom a predaj turniketov\",\"description\":\"Pren\u00e1jom a predaj turniketov\u00fdch syst\u00e9mov\",\"potentialAction\":[{\"@type\":\"SearchAction\",\"target\":{\"@type\":\"EntryPoint\",\"urlTemplate\":\"https:\/\/rentturnstiles.eu\/?s={search_term_string}\"},\"query-input\":{\"@type\":\"PropertyValueSpecification\",\"valueRequired\":true,\"valueName\":\"search_term_string\"}}],\"inLanguage\":\"hu\"}]}<\/script>\n<!-- \/ Yoast SEO plugin. -->","yoast_head_json":{"title":"Blog - Rentturnstiles.eu | Fordul\u00f3korl\u00e1t b\u00e9rl\u00e9s \u00e9s \u00e9rt\u00e9kes\u00edt\u00e9s","description":"Tekintse \u00e1t a biztons\u00e1gi technol\u00f3gi\u00e1kat. Megb\u00edzhat\u00f3 inform\u00e1ci\u00f3k, szak\u00e9rt\u0151i v\u00e1laszok \u00e9s gyakorlati tan\u00e1csok seg\u00edtenek a megfelel\u0151 megold\u00e1s megtal\u00e1l\u00e1s\u00e1ban.","robots":{"index":"index","follow":"follow","max-snippet":"max-snippet:-1","max-image-preview":"max-image-preview:large","max-video-preview":"max-video-preview:-1"},"canonical":"https:\/\/rentturnstiles.eu\/hu\/blogbejegyzes-biztonsagtechnikai-megoldasok\/","og_locale":"hu_HU","og_type":"article","og_title":"Blog - Rentturnstiles.eu | Pren\u00e1jom a predaj turniketov","og_description":"Z\u00edskajte preh\u013ead o bezpe\u010dnostn\u00fdch technol\u00f3gi\u00e1ch. Spo\u013eahliv\u00e9 inform\u00e1cie, odborn\u00e9 odpovede a praktick\u00e9 rady, V\u00e1m pom\u00f4\u017eu n\u00e1js\u0165 spr\u00e1vne rie\u0161enie.","og_url":"https:\/\/rentturnstiles.eu\/hu\/blogbejegyzes-biztonsagtechnikai-megoldasok\/","og_site_name":"Rentturnstiles.eu | Pren\u00e1jom a predaj turniketov","article_modified_time":"2025-05-23T07:56:13+00:00","twitter_card":"summary_large_image","twitter_misc":{"Becs\u00fclt olvas\u00e1si id\u0151":"3 perc"},"schema":{"@context":"https:\/\/schema.org","@graph":[{"@type":"WebPage","@id":"https:\/\/rentturnstiles.eu\/blog-clanok-bezpecnostne-technologie\/","url":"https:\/\/rentturnstiles.eu\/blog-clanok-bezpecnostne-technologie\/","name":"Blog - Rentturnstiles.eu | Fordul\u00f3korl\u00e1t b\u00e9rl\u00e9s \u00e9s \u00e9rt\u00e9kes\u00edt\u00e9s","isPartOf":{"@id":"https:\/\/rentturnstiles.eu\/#website"},"datePublished":"2025-01-26T15:40:00+00:00","dateModified":"2025-05-23T07:56:13+00:00","description":"Tekintse \u00e1t a biztons\u00e1gi technol\u00f3gi\u00e1kat. Megb\u00edzhat\u00f3 inform\u00e1ci\u00f3k, szak\u00e9rt\u0151i v\u00e1laszok \u00e9s gyakorlati tan\u00e1csok seg\u00edtenek a megfelel\u0151 megold\u00e1s megtal\u00e1l\u00e1s\u00e1ban.","breadcrumb":{"@id":"https:\/\/rentturnstiles.eu\/blog-clanok-bezpecnostne-technologie\/#breadcrumb"},"inLanguage":"hu","potentialAction":[{"@type":"ReadAction","target":["https:\/\/rentturnstiles.eu\/blog-clanok-bezpecnostne-technologie\/"]}]},{"@type":"BreadcrumbList","@id":"https:\/\/rentturnstiles.eu\/blog-clanok-bezpecnostne-technologie\/#breadcrumb","itemListElement":[{"@type":"ListItem","position":1,"name":"Domov","item":"https:\/\/rentturnstiles.eu\/"},{"@type":"ListItem","position":2,"name":"Blog"}]},{"@type":"WebSite","@id":"https:\/\/rentturnstiles.eu\/#website","url":"https:\/\/rentturnstiles.eu\/","name":"Rentturnstiles.eu | Fordul\u00f3korl\u00e1tok b\u00e9rl\u00e9se \u00e9s \u00e9rt\u00e9kes\u00edt\u00e9se","description":"Fordul\u00f3kapu rendszerek b\u00e9rbead\u00e1sa \u00e9s \u00e9rt\u00e9kes\u00edt\u00e9se","potentialAction":[{"@type":"SearchAction","target":{"@type":"EntryPoint","urlTemplate":"https:\/\/rentturnstiles.eu\/?s={search_term_string}"},"query-input":{"@type":"PropertyValueSpecification","valueRequired":true,"valueName":"search_term_string"}}],"inLanguage":"hu"}]}},"_links":{"self":[{"href":"https:\/\/rentturnstiles.eu\/hu\/wp-json\/wp\/v2\/pages\/165","targetHints":{"allow":["GET"]}}],"collection":[{"href":"https:\/\/rentturnstiles.eu\/hu\/wp-json\/wp\/v2\/pages"}],"about":[{"href":"https:\/\/rentturnstiles.eu\/hu\/wp-json\/wp\/v2\/types\/page"}],"author":[{"embeddable":true,"href":"https:\/\/rentturnstiles.eu\/hu\/wp-json\/wp\/v2\/users\/4"}],"replies":[{"embeddable":true,"href":"https:\/\/rentturnstiles.eu\/hu\/wp-json\/wp\/v2\/comments?post=165"}],"version-history":[{"count":1,"href":"https:\/\/rentturnstiles.eu\/hu\/wp-json\/wp\/v2\/pages\/165\/revisions"}],"predecessor-version":[{"id":167,"href":"https:\/\/rentturnstiles.eu\/hu\/wp-json\/wp\/v2\/pages\/165\/revisions\/167"}],"wp:attachment":[{"href":"https:\/\/rentturnstiles.eu\/hu\/wp-json\/wp\/v2\/media?parent=165"}],"curies":[{"name":"wp","href":"https:\/\/api.w.org\/{rel}","templated":true}]}}