{"id":3,"date":"2025-01-24T13:33:39","date_gmt":"2025-01-24T12:33:39","guid":{"rendered":"https:\/\/rentturnstiles.eu\/?page_id=3"},"modified":"2025-05-14T13:02:17","modified_gmt":"2025-05-14T11:02:17","slug":"privacy-policy","status":"publish","type":"page","link":"https:\/\/rentturnstiles.eu\/en\/privacy-policy\/","title":{"rendered":"Privacy Policy"},"content":{"rendered":"<h2 class=\"wp-block-heading\">Who we are<\/h2>\n\n\n\n<p>Our website address is: <a href=\"https:\/\/rentturnstiles.eu\/en\/\">https:\/\/rentturnstiles.eu<\/a>.<\/p>\n\n\n\n<h2 class=\"wp-block-heading\">Comments<\/h2>\n\n\n\n<p>Ke\u010f n\u00e1v\u0161tevn\u00edci webu zanech\u00e1vaj\u00fa na str\u00e1nke koment\u00e1re, zbierame \u00fadaje, ktor\u00e9 s\u00fa zobrazen\u00e9 vo formul\u00e1ri koment\u00e1ra a taktie\u017e IP adresu pou\u017e\u00edvate\u013eov a User Agent prehliada\u010da z d\u00f4vodu ochrany proti spamu.<\/p>\n\n\n\n<p>An anonymised string created from your email address (also called a hash) may be provided to the Gravatar service to see if you are using it. The Gravatar privacy policy is available at: https:\/\/automattic.com\/privacy\/. Once your comment has been approved, your profile picture will be displayed publicly along with the content of your comment.<\/p>\n\n\n\n<h2 class=\"wp-block-heading\">Multimedia<\/h2>\n\n\n\n<p>Beim Hochladen von Bildern auf eine Website sollten Sie das Hochladen von Bildern mit EXIF-GPS-Standortdaten vermeiden. Website-Besucher k\u00f6nnen alle Standortdaten aus den Bildern herunterladen und anzeigen.<\/p>\n\n\n\n<h2 class=\"wp-block-heading\">Cookies<\/h2>\n\n\n\n<p>Cookies If you add a comment to our website, you may consent to the storage of your name, email address and website in cookies. This is for your convenience, so that you do not have to fill in your details again when adding another comment. These cookies are valid for one year.<\/p>\n\n\n\n<p>Cookies If you add a comment to our website, you may agree to have your name, email address and website stored in cookies. This is for your convenience so that you do not have to fill in your details again when adding another comment. These cookies are valid for one year. If you visit our login page, we will store temporary cookies to determine whether your browser accepts cookies. These cookies do not contain any personal information and are deleted when you close your browser.<\/p>\n\n\n\n<p>When you log in, we set several cookies to store your login details and display settings. Login cookies are valid for two days and display settings for one year. If you select the \u2018remember me\u2019 option, your login will be valid for two weeks. When you log out of your account, the cookies are deleted. Cookies If you add a comment on our website, you may consent to your name, email address and website being stored in cookies. This is for your convenience, so that you do not have to fill in your details again when adding another comment. These cookies are valid for one year. If you visit our login page, we will store temporary cookies to determine whether your browser accepts cookies. These cookies do not contain any personal information and are deleted when you close your browser. <\/p>\n\n\n\n<p>When editing or publishing an article, additional cookies will be stored in your browser. These cookies do not contain any personal data and only refer to the ID of the article you have edited. The files are valid for 1 day.<\/p>\n\n\n\n<h2 class=\"wp-block-heading\">Embedded content from other websites<\/h2>\n\n\n\n<p>Articles on this website may contain embedded content (e.g. videos, images, articles, etc.). Embedded content from other websites behaves in the same way as if the visitor has visited the other website.<\/p>\n\n\n\n<p>Articles on this website may contain embedded content (e.g. videos, images, articles, etc.). Embedded content from other websites behaves in the same way as if the visitor has visited the other website.These websites may collect personal information about you, use cookies, embed third-party tracking, and monitor your interaction with the embedded content, including monitoring your interaction with the embedded content if you have an account and are logged in to that website. <\/p>\n\n\n\n<h2 class=\"wp-block-heading\">Who we share your data with<\/h2>\n\n\n\n<p>If you request a password reset, your IP address will be included in the password reset email.<\/p>\n\n\n\n<h2 class=\"wp-block-heading\">How long we keep your data<\/h2>\n\n\n\n<p>When you add a comment, the comment and its metadata are stored separately. This allows us to automatically recognise and approve any related comments without them having to be held for moderation.<\/p>\n\n\n\n<p>For users who register on our website (if any), we also store the personal data they provide in their user profile. All users can view, edit or delete their personal information (except for their username) at any time. Website administrators can also view and edit this information.<\/p>\n\n\n\n<h2 class=\"wp-block-heading\">What rights do you have over your data?<\/h2>\n\n\n\n<p>If you have an account on this website or have added a comment, you can request an export of your personal data that we store, including data that you have provided to us. You can also request the deletion of your personal data. However, this does not apply to data that we are required to retain for administrative, legal or security reasons.<\/p>\n\n\n\n<h2 class=\"wp-block-heading\">Where your data is sent<\/h2>\n\n\n\n<p>Visitor comments may be checked through an automated spam detection service.<\/p>","protected":false},"excerpt":{"rendered":"<p>Kto sme Adresa na\u0161ej webovej str\u00e1nky je: https:\/\/rentturnstiles.eu. Koment\u00e1re Ke\u010f n\u00e1v\u0161tevn\u00edci webu zanech\u00e1vaj\u00fa na str\u00e1nke koment\u00e1re, zbierame \u00fadaje, ktor\u00e9 s\u00fa zobrazen\u00e9 vo formul\u00e1ri koment\u00e1ra a taktie\u017e IP adresu pou\u017e\u00edvate\u013eov a User Agent prehliada\u010da z d\u00f4vodu ochrany proti spamu. Anonymizovan\u00fd re\u0165azec vytvoren\u00fd z va\u0161ej e-mailovej adresy (naz\u00fdvan\u00fd aj hash) m\u00f4\u017ee by\u0165 poskytnut\u00fd slu\u017ebe Gravatar pre overenie, [&hellip;]<\/p>\n","protected":false},"author":4,"featured_media":0,"parent":0,"menu_order":0,"comment_status":"closed","ping_status":"open","template":"","meta":{"_acf_changed":false,"footnotes":""},"class_list":["post-3","page","type-page","status-publish","hentry"],"acf":[],"yoast_head":"<!-- This site is optimized with the Yoast SEO plugin v27.0 - https:\/\/yoast.com\/product\/yoast-seo-wordpress\/ -->\n<title>Z\u00e1sady ochrany osobn\u00fdch \u00fadajov - Rentturnstiles.eu | Pren\u00e1jom a predaj turniketov<\/title>\n<meta name=\"description\" content=\"Po nav\u0161t\u00edven\u00ed str\u00e1nky, sa ulo\u017eia s\u00fabory cookies, ktor\u00e9 s\u00fa bez osobn\u00fdch \u00fadajov a s\u00fa odstr\u00e1nen\u00e9 pri zatvoren\u00ed prehliada\u010da.\" \/>\n<meta name=\"robots\" content=\"index, follow, max-snippet:-1, max-image-preview:large, max-video-preview:-1\" \/>\n<link rel=\"canonical\" href=\"https:\/\/rentturnstiles.eu\/en\/privacy-policy\/\" \/>\n<meta property=\"og:locale\" content=\"en_GB\" \/>\n<meta property=\"og:type\" content=\"article\" \/>\n<meta property=\"og:title\" content=\"Z\u00e1sady ochrany osobn\u00fdch \u00fadajov - Rentturnstiles.eu | Pren\u00e1jom a predaj turniketov\" \/>\n<meta property=\"og:description\" content=\"Po nav\u0161t\u00edven\u00ed str\u00e1nky, sa ulo\u017eia s\u00fabory cookies, ktor\u00e9 s\u00fa bez osobn\u00fdch \u00fadajov a s\u00fa odstr\u00e1nen\u00e9 pri zatvoren\u00ed prehliada\u010da.\" \/>\n<meta property=\"og:url\" content=\"https:\/\/rentturnstiles.eu\/en\/privacy-policy\/\" \/>\n<meta property=\"og:site_name\" content=\"Rentturnstiles.eu | Pren\u00e1jom a predaj turniketov\" \/>\n<meta property=\"article:modified_time\" content=\"2025-05-14T11:02:17+00:00\" \/>\n<meta name=\"twitter:card\" content=\"summary_large_image\" \/>\n<meta name=\"twitter:label1\" content=\"Estimated reading time\" \/>\n\t<meta name=\"twitter:data1\" content=\"3 minutes\" \/>\n<script type=\"application\/ld+json\" class=\"yoast-schema-graph\">{\"@context\":\"https:\/\/schema.org\",\"@graph\":[{\"@type\":\"WebPage\",\"@id\":\"https:\/\/rentturnstiles.eu\/zasady-ochrany-osobnych-udajov\/\",\"url\":\"https:\/\/rentturnstiles.eu\/zasady-ochrany-osobnych-udajov\/\",\"name\":\"Z\u00e1sady ochrany osobn\u00fdch \u00fadajov - Rentturnstiles.eu | Pren\u00e1jom a predaj turniketov\",\"isPartOf\":{\"@id\":\"https:\/\/rentturnstiles.eu\/#website\"},\"datePublished\":\"2025-01-24T12:33:39+00:00\",\"dateModified\":\"2025-05-14T11:02:17+00:00\",\"description\":\"Po nav\u0161t\u00edven\u00ed str\u00e1nky, sa ulo\u017eia s\u00fabory cookies, ktor\u00e9 s\u00fa bez osobn\u00fdch \u00fadajov a s\u00fa odstr\u00e1nen\u00e9 pri zatvoren\u00ed prehliada\u010da.\",\"breadcrumb\":{\"@id\":\"https:\/\/rentturnstiles.eu\/zasady-ochrany-osobnych-udajov\/#breadcrumb\"},\"inLanguage\":\"en-GB\",\"potentialAction\":[{\"@type\":\"ReadAction\",\"target\":[\"https:\/\/rentturnstiles.eu\/zasady-ochrany-osobnych-udajov\/\"]}]},{\"@type\":\"BreadcrumbList\",\"@id\":\"https:\/\/rentturnstiles.eu\/zasady-ochrany-osobnych-udajov\/#breadcrumb\",\"itemListElement\":[{\"@type\":\"ListItem\",\"position\":1,\"name\":\"Domov\",\"item\":\"https:\/\/rentturnstiles.eu\/\"},{\"@type\":\"ListItem\",\"position\":2,\"name\":\"Z\u00e1sady ochrany osobn\u00fdch \u00fadajov\"}]},{\"@type\":\"WebSite\",\"@id\":\"https:\/\/rentturnstiles.eu\/#website\",\"url\":\"https:\/\/rentturnstiles.eu\/\",\"name\":\"Rentturnstiles.eu | Pren\u00e1jom a predaj turniketov\",\"description\":\"Pren\u00e1jom a predaj turniketov\u00fdch syst\u00e9mov\",\"potentialAction\":[{\"@type\":\"SearchAction\",\"target\":{\"@type\":\"EntryPoint\",\"urlTemplate\":\"https:\/\/rentturnstiles.eu\/?s={search_term_string}\"},\"query-input\":{\"@type\":\"PropertyValueSpecification\",\"valueRequired\":true,\"valueName\":\"search_term_string\"}}],\"inLanguage\":\"en-GB\"}]}<\/script>\n<!-- \/ Yoast SEO plugin. -->","yoast_head_json":{"title":"Z\u00e1sady ochrany osobn\u00fdch \u00fadajov - Rentturnstiles.eu | Pren\u00e1jom a predaj turniketov","description":"Po nav\u0161t\u00edven\u00ed str\u00e1nky, sa ulo\u017eia s\u00fabory cookies, ktor\u00e9 s\u00fa bez osobn\u00fdch \u00fadajov a s\u00fa odstr\u00e1nen\u00e9 pri zatvoren\u00ed prehliada\u010da.","robots":{"index":"index","follow":"follow","max-snippet":"max-snippet:-1","max-image-preview":"max-image-preview:large","max-video-preview":"max-video-preview:-1"},"canonical":"https:\/\/rentturnstiles.eu\/en\/privacy-policy\/","og_locale":"en_GB","og_type":"article","og_title":"Z\u00e1sady ochrany osobn\u00fdch \u00fadajov - Rentturnstiles.eu | Pren\u00e1jom a predaj turniketov","og_description":"Po nav\u0161t\u00edven\u00ed str\u00e1nky, sa ulo\u017eia s\u00fabory cookies, ktor\u00e9 s\u00fa bez osobn\u00fdch \u00fadajov a s\u00fa odstr\u00e1nen\u00e9 pri zatvoren\u00ed prehliada\u010da.","og_url":"https:\/\/rentturnstiles.eu\/en\/privacy-policy\/","og_site_name":"Rentturnstiles.eu | Pren\u00e1jom a predaj turniketov","article_modified_time":"2025-05-14T11:02:17+00:00","twitter_card":"summary_large_image","twitter_misc":{"Estimated reading time":"3 minutes"},"schema":{"@context":"https:\/\/schema.org","@graph":[{"@type":"WebPage","@id":"https:\/\/rentturnstiles.eu\/zasady-ochrany-osobnych-udajov\/","url":"https:\/\/rentturnstiles.eu\/zasady-ochrany-osobnych-udajov\/","name":"Z\u00e1sady ochrany osobn\u00fdch \u00fadajov - Rentturnstiles.eu | Pren\u00e1jom a predaj turniketov","isPartOf":{"@id":"https:\/\/rentturnstiles.eu\/#website"},"datePublished":"2025-01-24T12:33:39+00:00","dateModified":"2025-05-14T11:02:17+00:00","description":"Po nav\u0161t\u00edven\u00ed str\u00e1nky, sa ulo\u017eia s\u00fabory cookies, ktor\u00e9 s\u00fa bez osobn\u00fdch \u00fadajov a s\u00fa odstr\u00e1nen\u00e9 pri zatvoren\u00ed prehliada\u010da.","breadcrumb":{"@id":"https:\/\/rentturnstiles.eu\/zasady-ochrany-osobnych-udajov\/#breadcrumb"},"inLanguage":"en-GB","potentialAction":[{"@type":"ReadAction","target":["https:\/\/rentturnstiles.eu\/zasady-ochrany-osobnych-udajov\/"]}]},{"@type":"BreadcrumbList","@id":"https:\/\/rentturnstiles.eu\/zasady-ochrany-osobnych-udajov\/#breadcrumb","itemListElement":[{"@type":"ListItem","position":1,"name":"Domov","item":"https:\/\/rentturnstiles.eu\/"},{"@type":"ListItem","position":2,"name":"Z\u00e1sady ochrany osobn\u00fdch \u00fadajov"}]},{"@type":"WebSite","@id":"https:\/\/rentturnstiles.eu\/#website","url":"https:\/\/rentturnstiles.eu\/","name":"Rentturnstiles.eu | Rent and sale of turnstiles","description":"Rental and sale of turnstile systems","potentialAction":[{"@type":"SearchAction","target":{"@type":"EntryPoint","urlTemplate":"https:\/\/rentturnstiles.eu\/?s={search_term_string}"},"query-input":{"@type":"PropertyValueSpecification","valueRequired":true,"valueName":"search_term_string"}}],"inLanguage":"en-GB"}]}},"_links":{"self":[{"href":"https:\/\/rentturnstiles.eu\/en\/wp-json\/wp\/v2\/pages\/3","targetHints":{"allow":["GET"]}}],"collection":[{"href":"https:\/\/rentturnstiles.eu\/en\/wp-json\/wp\/v2\/pages"}],"about":[{"href":"https:\/\/rentturnstiles.eu\/en\/wp-json\/wp\/v2\/types\/page"}],"author":[{"embeddable":true,"href":"https:\/\/rentturnstiles.eu\/en\/wp-json\/wp\/v2\/users\/4"}],"replies":[{"embeddable":true,"href":"https:\/\/rentturnstiles.eu\/en\/wp-json\/wp\/v2\/comments?post=3"}],"version-history":[{"count":3,"href":"https:\/\/rentturnstiles.eu\/en\/wp-json\/wp\/v2\/pages\/3\/revisions"}],"predecessor-version":[{"id":2871,"href":"https:\/\/rentturnstiles.eu\/en\/wp-json\/wp\/v2\/pages\/3\/revisions\/2871"}],"wp:attachment":[{"href":"https:\/\/rentturnstiles.eu\/en\/wp-json\/wp\/v2\/media?parent=3"}],"curies":[{"name":"wp","href":"https:\/\/api.w.org\/{rel}","templated":true}]}}