{"id":214,"date":"2025-01-26T21:03:30","date_gmt":"2025-01-26T20:03:30","guid":{"rendered":"https:\/\/rentturnstiles.eu\/?page_id=214"},"modified":"2025-11-11T20:09:30","modified_gmt":"2025-11-11T19:09:30","slug":"contact-us","status":"publish","type":"page","link":"https:\/\/rentturnstiles.eu\/en\/contact-us\/","title":{"rendered":"Contact"},"content":{"rendered":"<p>Contact us via email or phone. We will be happy to provide you with details of our products, services or quotations.<\/p>","protected":false},"excerpt":{"rendered":"<p>Contact us via email or phone. We will be happy to provide you with details of our products, services or quotations.<\/p>","protected":false},"author":4,"featured_media":0,"parent":0,"menu_order":0,"comment_status":"closed","ping_status":"closed","template":"","meta":{"_acf_changed":false,"footnotes":""},"class_list":["post-214","page","type-page","status-publish","hentry"],"acf":[],"yoast_head":"<!-- This site is optimized with the Yoast SEO plugin v27.0 - https:\/\/yoast.com\/product\/yoast-seo-wordpress\/ -->\n<title>Kontakt - Rentturnstiles.eu | Pren\u00e1jom a predaj turniketov<\/title>\n<meta name=\"description\" content=\"Kontaktujte n\u00e1s cez email alebo telefonicky. Radi V\u00e1m poskytneme podrobnosti o na\u0161ich produktoch, slu\u017eb\u00e1ch alebo cenov\u00fdch ponuk\u00e1ch.\" \/>\n<meta name=\"robots\" content=\"index, follow, max-snippet:-1, max-image-preview:large, max-video-preview:-1\" \/>\n<link rel=\"canonical\" href=\"https:\/\/rentturnstiles.eu\/en\/contact-us\/\" \/>\n<meta property=\"og:locale\" content=\"en_GB\" \/>\n<meta property=\"og:type\" content=\"article\" \/>\n<meta property=\"og:title\" content=\"Kontakt - Rentturnstiles.eu | Pren\u00e1jom a predaj turniketov\" \/>\n<meta property=\"og:description\" content=\"Kontaktujte n\u00e1s cez email alebo telefonicky. Radi V\u00e1m poskytneme podrobnosti o na\u0161ich produktoch, slu\u017eb\u00e1ch alebo cenov\u00fdch ponuk\u00e1ch.\" \/>\n<meta property=\"og:url\" content=\"https:\/\/rentturnstiles.eu\/en\/contact-us\/\" \/>\n<meta property=\"og:site_name\" content=\"Rentturnstiles.eu | Pren\u00e1jom a predaj turniketov\" \/>\n<meta property=\"article:modified_time\" content=\"2025-11-11T19:09:30+00:00\" \/>\n<meta name=\"twitter:card\" content=\"summary_large_image\" \/>\n<meta name=\"twitter:label1\" content=\"Estimated reading time\" \/>\n\t<meta name=\"twitter:data1\" content=\"1 minute\" \/>\n<script type=\"application\/ld+json\" class=\"yoast-schema-graph\">{\"@context\":\"https:\/\/schema.org\",\"@graph\":[{\"@type\":\"WebPage\",\"@id\":\"https:\/\/rentturnstiles.eu\/kontaktujte-nas\/\",\"url\":\"https:\/\/rentturnstiles.eu\/kontaktujte-nas\/\",\"name\":\"Kontakt - Rentturnstiles.eu | Pren\u00e1jom a predaj turniketov\",\"isPartOf\":{\"@id\":\"https:\/\/rentturnstiles.eu\/#website\"},\"datePublished\":\"2025-01-26T20:03:30+00:00\",\"dateModified\":\"2025-11-11T19:09:30+00:00\",\"description\":\"Kontaktujte n\u00e1s cez email alebo telefonicky. Radi V\u00e1m poskytneme podrobnosti o na\u0161ich produktoch, slu\u017eb\u00e1ch alebo cenov\u00fdch ponuk\u00e1ch.\",\"breadcrumb\":{\"@id\":\"https:\/\/rentturnstiles.eu\/kontaktujte-nas\/#breadcrumb\"},\"inLanguage\":\"en-GB\",\"potentialAction\":[{\"@type\":\"ReadAction\",\"target\":[\"https:\/\/rentturnstiles.eu\/kontaktujte-nas\/\"]}]},{\"@type\":\"BreadcrumbList\",\"@id\":\"https:\/\/rentturnstiles.eu\/kontaktujte-nas\/#breadcrumb\",\"itemListElement\":[{\"@type\":\"ListItem\",\"position\":1,\"name\":\"Domov\",\"item\":\"https:\/\/rentturnstiles.eu\/\"},{\"@type\":\"ListItem\",\"position\":2,\"name\":\"Kontakt\"}]},{\"@type\":\"WebSite\",\"@id\":\"https:\/\/rentturnstiles.eu\/#website\",\"url\":\"https:\/\/rentturnstiles.eu\/\",\"name\":\"Rentturnstiles.eu | Pren\u00e1jom a predaj turniketov\",\"description\":\"Pren\u00e1jom a predaj turniketov\u00fdch syst\u00e9mov\",\"potentialAction\":[{\"@type\":\"SearchAction\",\"target\":{\"@type\":\"EntryPoint\",\"urlTemplate\":\"https:\/\/rentturnstiles.eu\/?s={search_term_string}\"},\"query-input\":{\"@type\":\"PropertyValueSpecification\",\"valueRequired\":true,\"valueName\":\"search_term_string\"}}],\"inLanguage\":\"en-GB\"}]}<\/script>\n<!-- \/ Yoast SEO plugin. -->","yoast_head_json":{"title":"Contact - Rentturnstiles.eu | Rent and sale of turnstiles","description":"Contact us via email or phone. We will be happy to provide you with details of our products, services or quotations.","robots":{"index":"index","follow":"follow","max-snippet":"max-snippet:-1","max-image-preview":"max-image-preview:large","max-video-preview":"max-video-preview:-1"},"canonical":"https:\/\/rentturnstiles.eu\/en\/contact-us\/","og_locale":"en_GB","og_type":"article","og_title":"Kontakt - Rentturnstiles.eu | Pren\u00e1jom a predaj turniketov","og_description":"Kontaktujte n\u00e1s cez email alebo telefonicky. Radi V\u00e1m poskytneme podrobnosti o na\u0161ich produktoch, slu\u017eb\u00e1ch alebo cenov\u00fdch ponuk\u00e1ch.","og_url":"https:\/\/rentturnstiles.eu\/en\/contact-us\/","og_site_name":"Rentturnstiles.eu | Pren\u00e1jom a predaj turniketov","article_modified_time":"2025-11-11T19:09:30+00:00","twitter_card":"summary_large_image","twitter_misc":{"Estimated reading time":"1 minute"},"schema":{"@context":"https:\/\/schema.org","@graph":[{"@type":"WebPage","@id":"https:\/\/rentturnstiles.eu\/kontaktujte-nas\/","url":"https:\/\/rentturnstiles.eu\/kontaktujte-nas\/","name":"Contact - Rentturnstiles.eu | Rent and sale of turnstiles","isPartOf":{"@id":"https:\/\/rentturnstiles.eu\/#website"},"datePublished":"2025-01-26T20:03:30+00:00","dateModified":"2025-11-11T19:09:30+00:00","description":"Contact us via email or phone. We will be happy to provide you with details of our products, services or quotations.","breadcrumb":{"@id":"https:\/\/rentturnstiles.eu\/kontaktujte-nas\/#breadcrumb"},"inLanguage":"en-GB","potentialAction":[{"@type":"ReadAction","target":["https:\/\/rentturnstiles.eu\/kontaktujte-nas\/"]}]},{"@type":"BreadcrumbList","@id":"https:\/\/rentturnstiles.eu\/kontaktujte-nas\/#breadcrumb","itemListElement":[{"@type":"ListItem","position":1,"name":"Domov","item":"https:\/\/rentturnstiles.eu\/"},{"@type":"ListItem","position":2,"name":"Kontakt"}]},{"@type":"WebSite","@id":"https:\/\/rentturnstiles.eu\/#website","url":"https:\/\/rentturnstiles.eu\/","name":"Rentturnstiles.eu | Rent and sale of turnstiles","description":"Rental and sale of turnstile systems","potentialAction":[{"@type":"SearchAction","target":{"@type":"EntryPoint","urlTemplate":"https:\/\/rentturnstiles.eu\/?s={search_term_string}"},"query-input":{"@type":"PropertyValueSpecification","valueRequired":true,"valueName":"search_term_string"}}],"inLanguage":"en-GB"}]}},"_links":{"self":[{"href":"https:\/\/rentturnstiles.eu\/en\/wp-json\/wp\/v2\/pages\/214","targetHints":{"allow":["GET"]}}],"collection":[{"href":"https:\/\/rentturnstiles.eu\/en\/wp-json\/wp\/v2\/pages"}],"about":[{"href":"https:\/\/rentturnstiles.eu\/en\/wp-json\/wp\/v2\/types\/page"}],"author":[{"embeddable":true,"href":"https:\/\/rentturnstiles.eu\/en\/wp-json\/wp\/v2\/users\/4"}],"replies":[{"embeddable":true,"href":"https:\/\/rentturnstiles.eu\/en\/wp-json\/wp\/v2\/comments?post=214"}],"version-history":[{"count":4,"href":"https:\/\/rentturnstiles.eu\/en\/wp-json\/wp\/v2\/pages\/214\/revisions"}],"predecessor-version":[{"id":3194,"href":"https:\/\/rentturnstiles.eu\/en\/wp-json\/wp\/v2\/pages\/214\/revisions\/3194"}],"wp:attachment":[{"href":"https:\/\/rentturnstiles.eu\/en\/wp-json\/wp\/v2\/media?parent=214"}],"curies":[{"name":"wp","href":"https:\/\/api.w.org\/{rel}","templated":true}]}}