{"id":2,"date":"2025-01-24T13:33:39","date_gmt":"2025-01-24T12:33:39","guid":{"rendered":"https:\/\/rentturnstiles.eu\/?page_id=2"},"modified":"2026-02-18T10:21:28","modified_gmt":"2026-02-18T09:21:28","slug":"modern-turnstiles-with-control-software","status":"publish","type":"page","link":"https:\/\/rentturnstiles.eu\/en\/","title":{"rendered":"Turnstiles \u2013 an effective solution for access control"},"content":{"rendered":"<p>Modern turnstiles for safe and efficient access. Ideal solutions for office buildings, sports fields, industrial complexes and public spaces.<\/p>\n\n\n\n<p><\/p>","protected":false},"excerpt":{"rendered":"<p>Modern turnstiles for safe and efficient access. Ideal solutions for office buildings, sports fields, industrial complexes and public spaces.<\/p>","protected":false},"author":4,"featured_media":152,"parent":0,"menu_order":0,"comment_status":"closed","ping_status":"open","template":"","meta":{"_acf_changed":false,"footnotes":""},"class_list":["post-2","page","type-page","status-publish","has-post-thumbnail","hentry"],"acf":[],"yoast_head":"<!-- This site is optimized with the Yoast SEO plugin v27.0 - https:\/\/yoast.com\/product\/yoast-seo-wordpress\/ -->\n<title>Turnikety, efekt\u00edvne rie\u0161enie pre kontrolu vstupu - Rentturnstiles.eu | Pren\u00e1jom a predaj turniketov<\/title>\n<meta name=\"description\" content=\"Modern\u00e9 turnikety s riadiacim softv\u00e9rom, bezpe\u010dn\u00fd pr\u00edstup, ide\u00e1lne rie\u0161enie pre budovy, \u0161portovisk\u00e1, priemyseln\u00e9 are\u00e1ly a verejn\u00e9 priestory.\" \/>\n<meta name=\"robots\" content=\"index, follow, max-snippet:-1, max-image-preview:large, max-video-preview:-1\" \/>\n<link rel=\"canonical\" href=\"https:\/\/rentturnstiles.eu\/en\/\" \/>\n<meta property=\"og:locale\" content=\"en_GB\" \/>\n<meta property=\"og:type\" content=\"article\" \/>\n<meta property=\"og:title\" content=\"Turnikety, efekt\u00edvne rie\u0161enie pre kontrolu vstupu - Rentturnstiles.eu | Pren\u00e1jom a predaj turniketov\" \/>\n<meta property=\"og:description\" content=\"Modern\u00e9 turnikety s riadiacim softv\u00e9rom, bezpe\u010dn\u00fd pr\u00edstup, ide\u00e1lne rie\u0161enie pre budovy, \u0161portovisk\u00e1, priemyseln\u00e9 are\u00e1ly a verejn\u00e9 priestory.\" \/>\n<meta property=\"og:url\" content=\"https:\/\/rentturnstiles.eu\/en\/\" \/>\n<meta property=\"og:site_name\" content=\"Rentturnstiles.eu | Pren\u00e1jom a predaj turniketov\" \/>\n<meta property=\"article:modified_time\" content=\"2026-02-18T09:21:28+00:00\" \/>\n<meta property=\"og:image\" content=\"https:\/\/rentturnstiles.eu\/wp-content\/uploads\/2025\/01\/Group-48095582-e1737738005686.png\" \/>\n\t<meta property=\"og:image:width\" content=\"3024\" \/>\n\t<meta property=\"og:image:height\" content=\"1593\" \/>\n\t<meta property=\"og:image:type\" content=\"image\/png\" \/>\n<meta name=\"twitter:card\" content=\"summary_large_image\" \/>\n<meta name=\"twitter:label1\" content=\"Estimated reading time\" \/>\n\t<meta name=\"twitter:data1\" content=\"5 minutes\" \/>\n<script type=\"application\/ld+json\" class=\"yoast-schema-graph\">{\"@context\":\"https:\/\/schema.org\",\"@graph\":[{\"@type\":\"WebPage\",\"@id\":\"https:\/\/rentturnstiles.eu\/\",\"url\":\"https:\/\/rentturnstiles.eu\/\",\"name\":\"Turnikety, efekt\u00edvne rie\u0161enie pre kontrolu vstupu - Rentturnstiles.eu | Pren\u00e1jom a predaj turniketov\",\"isPartOf\":{\"@id\":\"https:\/\/rentturnstiles.eu\/#website\"},\"primaryImageOfPage\":{\"@id\":\"https:\/\/rentturnstiles.eu\/#primaryimage\"},\"image\":{\"@id\":\"https:\/\/rentturnstiles.eu\/#primaryimage\"},\"thumbnailUrl\":\"https:\/\/rentturnstiles.eu\/wp-content\/uploads\/2025\/01\/Group-48095582-e1737738005686.png\",\"datePublished\":\"2025-01-24T12:33:39+00:00\",\"dateModified\":\"2026-02-18T09:21:28+00:00\",\"description\":\"Modern\u00e9 turnikety s riadiacim softv\u00e9rom, bezpe\u010dn\u00fd pr\u00edstup, ide\u00e1lne rie\u0161enie pre budovy, \u0161portovisk\u00e1, priemyseln\u00e9 are\u00e1ly a verejn\u00e9 priestory.\",\"breadcrumb\":{\"@id\":\"https:\/\/rentturnstiles.eu\/#breadcrumb\"},\"inLanguage\":\"en-GB\",\"potentialAction\":[{\"@type\":\"ReadAction\",\"target\":[\"https:\/\/rentturnstiles.eu\/\"]}]},{\"@type\":\"ImageObject\",\"inLanguage\":\"en-GB\",\"@id\":\"https:\/\/rentturnstiles.eu\/#primaryimage\",\"url\":\"https:\/\/rentturnstiles.eu\/wp-content\/uploads\/2025\/01\/Group-48095582-e1737738005686.png\",\"contentUrl\":\"https:\/\/rentturnstiles.eu\/wp-content\/uploads\/2025\/01\/Group-48095582-e1737738005686.png\",\"width\":3024,\"height\":1593,\"caption\":\"MOREZ GROUP tituln\u00e1 fotka turnikety M\"},{\"@type\":\"BreadcrumbList\",\"@id\":\"https:\/\/rentturnstiles.eu\/#breadcrumb\",\"itemListElement\":[{\"@type\":\"ListItem\",\"position\":1,\"name\":\"Domov\",\"item\":\"https:\/\/rentturnstiles.eu\/\"},{\"@type\":\"ListItem\",\"position\":2,\"name\":\"Turnikety, efekt\u00edvne rie\u0161enie pre kontrolu vstupu\"}]},{\"@type\":\"WebSite\",\"@id\":\"https:\/\/rentturnstiles.eu\/#website\",\"url\":\"https:\/\/rentturnstiles.eu\/\",\"name\":\"Rentturnstiles.eu | Pren\u00e1jom a predaj turniketov\",\"description\":\"Pren\u00e1jom a predaj turniketov\u00fdch syst\u00e9mov\",\"potentialAction\":[{\"@type\":\"SearchAction\",\"target\":{\"@type\":\"EntryPoint\",\"urlTemplate\":\"https:\/\/rentturnstiles.eu\/?s={search_term_string}\"},\"query-input\":{\"@type\":\"PropertyValueSpecification\",\"valueRequired\":true,\"valueName\":\"search_term_string\"}}],\"inLanguage\":\"en-GB\"}]}<\/script>\n<!-- \/ Yoast SEO plugin. -->","yoast_head_json":{"title":"Turnstiles, an effective solution for access control \u2013 Rentturnstiles.eu | Turnstile rental and sales","description":"Moderne Drehkreuze mit Kontrollsoftware, sicherer Zugang, ideal f\u00fcr Geb\u00e4ude, Sportpl\u00e4tze, Industrieanlagen und \u00f6ffentliche Bereiche.","robots":{"index":"index","follow":"follow","max-snippet":"max-snippet:-1","max-image-preview":"max-image-preview:large","max-video-preview":"max-video-preview:-1"},"canonical":"https:\/\/rentturnstiles.eu\/en\/","og_locale":"en_GB","og_type":"article","og_title":"Turnikety, efekt\u00edvne rie\u0161enie pre kontrolu vstupu - Rentturnstiles.eu | Pren\u00e1jom a predaj turniketov","og_description":"Modern\u00e9 turnikety s riadiacim softv\u00e9rom, bezpe\u010dn\u00fd pr\u00edstup, ide\u00e1lne rie\u0161enie pre budovy, \u0161portovisk\u00e1, priemyseln\u00e9 are\u00e1ly a verejn\u00e9 priestory.","og_url":"https:\/\/rentturnstiles.eu\/en\/","og_site_name":"Rentturnstiles.eu | Pren\u00e1jom a predaj turniketov","article_modified_time":"2026-02-18T09:21:28+00:00","og_image":[{"width":3024,"height":1593,"url":"https:\/\/rentturnstiles.eu\/wp-content\/uploads\/2025\/01\/Group-48095582-e1737738005686.png","type":"image\/png"}],"twitter_card":"summary_large_image","twitter_misc":{"Estimated reading time":"5 minutes"},"schema":{"@context":"https:\/\/schema.org","@graph":[{"@type":"WebPage","@id":"https:\/\/rentturnstiles.eu\/","url":"https:\/\/rentturnstiles.eu\/","name":"Turnstiles, an effective solution for access control \u2013 Rentturnstiles.eu | Turnstile rental and sales","isPartOf":{"@id":"https:\/\/rentturnstiles.eu\/#website"},"primaryImageOfPage":{"@id":"https:\/\/rentturnstiles.eu\/#primaryimage"},"image":{"@id":"https:\/\/rentturnstiles.eu\/#primaryimage"},"thumbnailUrl":"https:\/\/rentturnstiles.eu\/wp-content\/uploads\/2025\/01\/Group-48095582-e1737738005686.png","datePublished":"2025-01-24T12:33:39+00:00","dateModified":"2026-02-18T09:21:28+00:00","description":"Moderne Drehkreuze mit Kontrollsoftware, sicherer Zugang, ideal f\u00fcr Geb\u00e4ude, Sportpl\u00e4tze, Industrieanlagen und \u00f6ffentliche Bereiche.","breadcrumb":{"@id":"https:\/\/rentturnstiles.eu\/#breadcrumb"},"inLanguage":"en-GB","potentialAction":[{"@type":"ReadAction","target":["https:\/\/rentturnstiles.eu\/"]}]},{"@type":"ImageObject","inLanguage":"en-GB","@id":"https:\/\/rentturnstiles.eu\/#primaryimage","url":"https:\/\/rentturnstiles.eu\/wp-content\/uploads\/2025\/01\/Group-48095582-e1737738005686.png","contentUrl":"https:\/\/rentturnstiles.eu\/wp-content\/uploads\/2025\/01\/Group-48095582-e1737738005686.png","width":3024,"height":1593,"caption":"MOREZ GROUP tituln\u00e1 fotka turnikety M"},{"@type":"BreadcrumbList","@id":"https:\/\/rentturnstiles.eu\/#breadcrumb","itemListElement":[{"@type":"ListItem","position":1,"name":"Domov","item":"https:\/\/rentturnstiles.eu\/"},{"@type":"ListItem","position":2,"name":"Turnikety, efekt\u00edvne rie\u0161enie pre kontrolu vstupu"}]},{"@type":"WebSite","@id":"https:\/\/rentturnstiles.eu\/#website","url":"https:\/\/rentturnstiles.eu\/","name":"Rentturnstiles.eu | Rent and sale of turnstiles","description":"Rental and sale of turnstile systems","potentialAction":[{"@type":"SearchAction","target":{"@type":"EntryPoint","urlTemplate":"https:\/\/rentturnstiles.eu\/?s={search_term_string}"},"query-input":{"@type":"PropertyValueSpecification","valueRequired":true,"valueName":"search_term_string"}}],"inLanguage":"en-GB"}]}},"_links":{"self":[{"href":"https:\/\/rentturnstiles.eu\/en\/wp-json\/wp\/v2\/pages\/2","targetHints":{"allow":["GET"]}}],"collection":[{"href":"https:\/\/rentturnstiles.eu\/en\/wp-json\/wp\/v2\/pages"}],"about":[{"href":"https:\/\/rentturnstiles.eu\/en\/wp-json\/wp\/v2\/types\/page"}],"author":[{"embeddable":true,"href":"https:\/\/rentturnstiles.eu\/en\/wp-json\/wp\/v2\/users\/4"}],"replies":[{"embeddable":true,"href":"https:\/\/rentturnstiles.eu\/en\/wp-json\/wp\/v2\/comments?post=2"}],"version-history":[{"count":16,"href":"https:\/\/rentturnstiles.eu\/en\/wp-json\/wp\/v2\/pages\/2\/revisions"}],"predecessor-version":[{"id":3309,"href":"https:\/\/rentturnstiles.eu\/en\/wp-json\/wp\/v2\/pages\/2\/revisions\/3309"}],"wp:featuredmedia":[{"embeddable":true,"href":"https:\/\/rentturnstiles.eu\/en\/wp-json\/wp\/v2\/media\/152"}],"wp:attachment":[{"href":"https:\/\/rentturnstiles.eu\/en\/wp-json\/wp\/v2\/media?parent=2"}],"curies":[{"name":"wp","href":"https:\/\/api.w.org\/{rel}","templated":true}]}}