{"id":197,"date":"2025-01-26T20:05:10","date_gmt":"2025-01-26T19:05:10","guid":{"rendered":"https:\/\/rentturnstiles.eu\/?page_id=197"},"modified":"2025-06-17T08:38:54","modified_gmt":"2025-06-17T06:38:54","slug":"references-2","status":"publish","type":"page","link":"https:\/\/rentturnstiles.eu\/en\/references-2\/","title":{"rendered":"About us"},"content":{"rendered":"<p>MOREZ GROUP a.s. has been operating on the market since 2006, and as the parent company of Morez spol. s r.o. (since 1991), we have many years of experience in the sale and rental of turnstiles and turnstile gates. Our goal is to provide high-quality, reliable, and secure access control solutions that meet the specific needs of each facility.<\/p>","protected":false},"excerpt":{"rendered":"<p>MOREZ GROUP a.s. has been operating on the market since 2006, and as the parent company of Morez spol. s r.o. (since 1991), we have many years of experience in the sale and rental of turnstiles and turnstile gates. Our goal is to provide high-quality, reliable, and secure access control solutions that meet the specific needs of each facility.<\/p>","protected":false},"author":4,"featured_media":0,"parent":0,"menu_order":0,"comment_status":"closed","ping_status":"closed","template":"","meta":{"_acf_changed":false,"footnotes":""},"class_list":["post-197","page","type-page","status-publish","hentry"],"acf":[],"yoast_head":"<!-- This site is optimized with the Yoast SEO plugin v27.0 - https:\/\/yoast.com\/product\/yoast-seo-wordpress\/ -->\n<title>O n\u00e1s - Rentturnstiles.eu | Pren\u00e1jom a predaj turniketov<\/title>\n<meta name=\"description\" content=\"Dlhoro\u010dn\u00e9 sk\u00fasenosti v oblasti predaja, pren\u00e1jmu turniketov a vr\u00e1tnic s turniketmi. Na\u0161im cie\u013eom je poskytova\u0165 kvalitn\u00e9, spo\u013eahliv\u00e9 rie\u0161enia.\" \/>\n<meta name=\"robots\" content=\"index, follow, max-snippet:-1, max-image-preview:large, max-video-preview:-1\" \/>\n<link rel=\"canonical\" href=\"https:\/\/rentturnstiles.eu\/en\/references-2\/\" \/>\n<meta property=\"og:locale\" content=\"en_GB\" \/>\n<meta property=\"og:type\" content=\"article\" \/>\n<meta property=\"og:title\" content=\"O n\u00e1s - Rentturnstiles.eu | Pren\u00e1jom a predaj turniketov\" \/>\n<meta property=\"og:description\" content=\"Dlhoro\u010dn\u00e9 sk\u00fasenosti v oblasti predaja, pren\u00e1jmu turniketov a vr\u00e1tnic s turniketmi. Na\u0161im cie\u013eom je poskytova\u0165 kvalitn\u00e9, spo\u013eahliv\u00e9 rie\u0161enia.\" \/>\n<meta property=\"og:url\" content=\"https:\/\/rentturnstiles.eu\/en\/references-2\/\" \/>\n<meta property=\"og:site_name\" content=\"Rentturnstiles.eu | Pren\u00e1jom a predaj turniketov\" \/>\n<meta property=\"article:modified_time\" content=\"2025-06-17T06:38:54+00:00\" \/>\n<meta name=\"twitter:card\" content=\"summary_large_image\" \/>\n<meta name=\"twitter:label1\" content=\"Estimated reading time\" \/>\n\t<meta name=\"twitter:data1\" content=\"3 minutes\" \/>\n<script type=\"application\/ld+json\" class=\"yoast-schema-graph\">{\"@context\":\"https:\/\/schema.org\",\"@graph\":[{\"@type\":\"WebPage\",\"@id\":\"https:\/\/rentturnstiles.eu\/dlhorocne-skusenosti-predaj-prenajom-turniketov\/\",\"url\":\"https:\/\/rentturnstiles.eu\/dlhorocne-skusenosti-predaj-prenajom-turniketov\/\",\"name\":\"O n\u00e1s - Rentturnstiles.eu | Pren\u00e1jom a predaj turniketov\",\"isPartOf\":{\"@id\":\"https:\/\/rentturnstiles.eu\/#website\"},\"datePublished\":\"2025-01-26T19:05:10+00:00\",\"dateModified\":\"2025-06-17T06:38:54+00:00\",\"description\":\"Dlhoro\u010dn\u00e9 sk\u00fasenosti v oblasti predaja, pren\u00e1jmu turniketov a vr\u00e1tnic s turniketmi. Na\u0161im cie\u013eom je poskytova\u0165 kvalitn\u00e9, spo\u013eahliv\u00e9 rie\u0161enia.\",\"breadcrumb\":{\"@id\":\"https:\/\/rentturnstiles.eu\/dlhorocne-skusenosti-predaj-prenajom-turniketov\/#breadcrumb\"},\"inLanguage\":\"en-GB\",\"potentialAction\":[{\"@type\":\"ReadAction\",\"target\":[\"https:\/\/rentturnstiles.eu\/dlhorocne-skusenosti-predaj-prenajom-turniketov\/\"]}]},{\"@type\":\"BreadcrumbList\",\"@id\":\"https:\/\/rentturnstiles.eu\/dlhorocne-skusenosti-predaj-prenajom-turniketov\/#breadcrumb\",\"itemListElement\":[{\"@type\":\"ListItem\",\"position\":1,\"name\":\"Domov\",\"item\":\"https:\/\/rentturnstiles.eu\/\"},{\"@type\":\"ListItem\",\"position\":2,\"name\":\"O n\u00e1s\"}]},{\"@type\":\"WebSite\",\"@id\":\"https:\/\/rentturnstiles.eu\/#website\",\"url\":\"https:\/\/rentturnstiles.eu\/\",\"name\":\"Rentturnstiles.eu | Pren\u00e1jom a predaj turniketov\",\"description\":\"Pren\u00e1jom a predaj turniketov\u00fdch syst\u00e9mov\",\"potentialAction\":[{\"@type\":\"SearchAction\",\"target\":{\"@type\":\"EntryPoint\",\"urlTemplate\":\"https:\/\/rentturnstiles.eu\/?s={search_term_string}\"},\"query-input\":{\"@type\":\"PropertyValueSpecification\",\"valueRequired\":true,\"valueName\":\"search_term_string\"}}],\"inLanguage\":\"en-GB\"}]}<\/script>\n<!-- \/ Yoast SEO plugin. -->","yoast_head_json":{"title":"About us - Rentturnstiles.eu | Rent and sale of turnstiles","description":"Many years of experience in the sale, rental of turnstiles and turnstile gates. Our goal is to provide quality, reliable solutions.","robots":{"index":"index","follow":"follow","max-snippet":"max-snippet:-1","max-image-preview":"max-image-preview:large","max-video-preview":"max-video-preview:-1"},"canonical":"https:\/\/rentturnstiles.eu\/en\/references-2\/","og_locale":"en_GB","og_type":"article","og_title":"O n\u00e1s - Rentturnstiles.eu | Pren\u00e1jom a predaj turniketov","og_description":"Dlhoro\u010dn\u00e9 sk\u00fasenosti v oblasti predaja, pren\u00e1jmu turniketov a vr\u00e1tnic s turniketmi. Na\u0161im cie\u013eom je poskytova\u0165 kvalitn\u00e9, spo\u013eahliv\u00e9 rie\u0161enia.","og_url":"https:\/\/rentturnstiles.eu\/en\/references-2\/","og_site_name":"Rentturnstiles.eu | Pren\u00e1jom a predaj turniketov","article_modified_time":"2025-06-17T06:38:54+00:00","twitter_card":"summary_large_image","twitter_misc":{"Estimated reading time":"3 minutes"},"schema":{"@context":"https:\/\/schema.org","@graph":[{"@type":"WebPage","@id":"https:\/\/rentturnstiles.eu\/dlhorocne-skusenosti-predaj-prenajom-turniketov\/","url":"https:\/\/rentturnstiles.eu\/dlhorocne-skusenosti-predaj-prenajom-turniketov\/","name":"About us - Rentturnstiles.eu | Rent and sale of turnstiles","isPartOf":{"@id":"https:\/\/rentturnstiles.eu\/#website"},"datePublished":"2025-01-26T19:05:10+00:00","dateModified":"2025-06-17T06:38:54+00:00","description":"Many years of experience in the sale, rental of turnstiles and turnstile gates. Our goal is to provide quality, reliable solutions.","breadcrumb":{"@id":"https:\/\/rentturnstiles.eu\/dlhorocne-skusenosti-predaj-prenajom-turniketov\/#breadcrumb"},"inLanguage":"en-GB","potentialAction":[{"@type":"ReadAction","target":["https:\/\/rentturnstiles.eu\/dlhorocne-skusenosti-predaj-prenajom-turniketov\/"]}]},{"@type":"BreadcrumbList","@id":"https:\/\/rentturnstiles.eu\/dlhorocne-skusenosti-predaj-prenajom-turniketov\/#breadcrumb","itemListElement":[{"@type":"ListItem","position":1,"name":"Domov","item":"https:\/\/rentturnstiles.eu\/"},{"@type":"ListItem","position":2,"name":"O n\u00e1s"}]},{"@type":"WebSite","@id":"https:\/\/rentturnstiles.eu\/#website","url":"https:\/\/rentturnstiles.eu\/","name":"Rentturnstiles.eu | Rent and sale of turnstiles","description":"Rental and sale of turnstile systems","potentialAction":[{"@type":"SearchAction","target":{"@type":"EntryPoint","urlTemplate":"https:\/\/rentturnstiles.eu\/?s={search_term_string}"},"query-input":{"@type":"PropertyValueSpecification","valueRequired":true,"valueName":"search_term_string"}}],"inLanguage":"en-GB"}]}},"_links":{"self":[{"href":"https:\/\/rentturnstiles.eu\/en\/wp-json\/wp\/v2\/pages\/197","targetHints":{"allow":["GET"]}}],"collection":[{"href":"https:\/\/rentturnstiles.eu\/en\/wp-json\/wp\/v2\/pages"}],"about":[{"href":"https:\/\/rentturnstiles.eu\/en\/wp-json\/wp\/v2\/types\/page"}],"author":[{"embeddable":true,"href":"https:\/\/rentturnstiles.eu\/en\/wp-json\/wp\/v2\/users\/4"}],"replies":[{"embeddable":true,"href":"https:\/\/rentturnstiles.eu\/en\/wp-json\/wp\/v2\/comments?post=197"}],"version-history":[{"count":5,"href":"https:\/\/rentturnstiles.eu\/en\/wp-json\/wp\/v2\/pages\/197\/revisions"}],"predecessor-version":[{"id":2952,"href":"https:\/\/rentturnstiles.eu\/en\/wp-json\/wp\/v2\/pages\/197\/revisions\/2952"}],"wp:attachment":[{"href":"https:\/\/rentturnstiles.eu\/en\/wp-json\/wp\/v2\/media?parent=197"}],"curies":[{"name":"wp","href":"https:\/\/api.w.org\/{rel}","templated":true}]}}