{"id":3,"date":"2025-01-24T13:33:39","date_gmt":"2025-01-24T12:33:39","guid":{"rendered":"https:\/\/rentturnstiles.eu\/?page_id=3"},"modified":"2025-05-14T13:02:17","modified_gmt":"2025-05-14T11:02:17","slug":"datenschutzbestimmungen","status":"publish","type":"page","link":"https:\/\/rentturnstiles.eu\/de\/datenschutzbestimmungen\/","title":{"rendered":"Datenschutzerkl\u00e4rung"},"content":{"rendered":"<h2 class=\"wp-block-heading\">\u00dcber uns<\/h2>\n\n\n\n<p>Die Adresse unserer Website lautet: <a href=\"https:\/\/rentturnstiles.eu\/de\/\">https:\/\/rentturnstiles.eu<\/a>.<\/p>\n\n\n\n<h2 class=\"wp-block-heading\">Kommentare<\/h2>\n\n\n\n<p>Ke\u010f n\u00e1v\u0161tevn\u00edci webu zanech\u00e1vaj\u00fa na str\u00e1nke koment\u00e1re, zbierame \u00fadaje, ktor\u00e9 s\u00fa zobrazen\u00e9 vo formul\u00e1ri koment\u00e1ra a taktie\u017e IP adresu pou\u017e\u00edvate\u013eov a User Agent prehliada\u010da z d\u00f4vodu ochrany proti spamu.<\/p>\n\n\n\n<p>Anonimowy ci\u0105g znak\u00f3w utworzony z adresu e-mail u\u017cytkownika (zwany r\u00f3wnie\u017c skr\u00f3tem) mo\u017ce zosta\u0107 przekazany serwisowi Gravatar w celu sprawdzenia, czy u\u017cytkownik korzysta z tego serwisu. Polityka prywatno\u015bci serwisu Gravatar znajduje si\u0119 pod adresem: https:\/\/automattic.com\/privacy\/. Po zatwierdzeniu komentarza zdj\u0119cie profilowe zostanie publicznie wy\u015bwietlone wraz z tre\u015bci\u0105 komentarza.<\/p>\n\n\n\n<h2 class=\"wp-block-heading\">Multimedia<\/h2>\n\n\n\n<p>Beim Hochladen von Bildern auf eine Website sollten Sie das Hochladen von Bildern mit EXIF-GPS-Standortdaten vermeiden. Website-Besucher k\u00f6nnen alle Standortdaten aus den Bildern herunterladen und anzeigen.<\/p>\n\n\n\n<h2 class=\"wp-block-heading\">Cookies<\/h2>\n\n\n\n<p>Cookies Wenn Sie einen Kommentar auf unserer Website hinterlassen, k\u00f6nnen Sie der Speicherung Ihres Namens, Ihrer E-Mail-Adresse und Ihrer Website in Cookies zustimmen. Dies dient Ihrer Bequemlichkeit, damit Sie Ihre Daten nicht erneut eingeben m\u00fcssen, wenn Sie einen weiteren Kommentar hinterlassen. Diese Cookies sind ein Jahr lang g\u00fcltig.<\/p>\n\n\n\n<p>Cookies Wenn Sie einen Kommentar auf unserer Website hinterlassen, k\u00f6nnen Sie der Speicherung Ihres Namens, Ihrer E-Mail-Adresse und Ihrer Website in Cookies zustimmen. Dies dient Ihrer Bequemlichkeit, damit Sie Ihre Daten nicht erneut eingeben m\u00fcssen, wenn Sie einen weiteren Kommentar hinterlassen. Diese Cookies sind ein Jahr lang g\u00fcltig. Wenn Sie unsere Anmeldeseite besuchen, speichern wir tempor\u00e4re Cookies, um festzustellen, ob Ihr Browser Cookies akzeptiert. Diese Cookies enthalten keine personenbezogenen Daten und werden beim Schlie\u00dfen des Browsers gel\u00f6scht.<\/p>\n\n\n\n<p>Bei der Anmeldung setzen wir mehrere Cookies, um Ihre Anmeldedaten und Anzeigeeinstellungen zu speichern. Anmelde-Cookies sind zwei Tage lang g\u00fcltig, Anzeigeeinstellungen ein Jahr lang. Wenn Sie die Option \u201eMerken\u201c w\u00e4hlen, bleibt Ihre Anmeldung zwei Wochen lang g\u00fcltig. Wenn Sie sich von Ihrem Konto abmelden, werden die Cookies gel\u00f6scht. Cookies Wenn Sie einen Kommentar auf unserer Website hinterlassen, k\u00f6nnen Sie der Speicherung Ihres Namens, Ihrer E-Mail-Adresse und Ihrer Website in Cookies zustimmen. Dies dient Ihrer Bequemlichkeit, damit Sie Ihre Daten nicht erneut eingeben m\u00fcssen, wenn Sie einen weiteren Kommentar hinterlassen. Diese Cookies sind ein Jahr lang g\u00fcltig. Wenn Sie unsere Anmeldeseite besuchen, speichern wir tempor\u00e4re Cookies, um festzustellen, ob Ihr Browser Cookies akzeptiert. Diese Cookies enthalten keine personenbezogenen Daten und werden beim Schlie\u00dfen des Browsers gel\u00f6scht. <\/p>\n\n\n\n<p>Bei der Bearbeitung oder Ver\u00f6ffentlichung eines Artikels werden zus\u00e4tzliche Cookies in Ihrem Browser gespeichert. Diese Cookies enthalten keine personenbezogenen Daten und verweisen lediglich auf die ID des Artikels, den Sie bearbeitet haben. Die Dateien sind 1 Tag lang g\u00fcltig.<\/p>\n\n\n\n<h2 class=\"wp-block-heading\">Eingebettete Inhalte von anderen Websites<\/h2>\n\n\n\n<p>Die Artikel auf dieser Website k\u00f6nnen eingebettete Inhalte (z. B. Videos, Bilder, Artikel usw.) enthalten. Eingebettete Inhalte von anderen Websites verhalten sich so, als w\u00fcrde der Besucher eine andere Website besuchen.<\/p>\n\n\n\n<p>Die Artikel auf dieser Website k\u00f6nnen eingebettete Inhalte (z. B. Videos, Bilder, Artikel usw.) enthalten. Eingebettete Inhalte von anderen Websites verhalten sich so, als w\u00fcrde der Besucher eine andere Website besuchen.Diese Websites k\u00f6nnen personenbezogene Daten \u00fcber Sie sammeln, Cookies verwenden, Drittanbieter-Tracking einbetten und Ihre Interaktion mit den eingebetteten Inhalten \u00fcberwachen, einschlie\u00dflich der \u00dcberwachung Ihrer Interaktion mit den eingebetteten Inhalten, wenn Sie auf dieser Website ein Konto haben und angemeldet sind. <\/p>\n\n\n\n<h2 class=\"wp-block-heading\">An wen wir Ihre Daten weitergeben<\/h2>\n\n\n\n<p>Wenn Sie eine Passwortzur\u00fccksetzung anfordern, wird Ihre IP-Adresse in der E-Mail zur Passwortzur\u00fccksetzung angegeben.<\/p>\n\n\n\n<h2 class=\"wp-block-heading\">Wie lange speichern wir Ihre Daten?<\/h2>\n\n\n\n<p>Wenn du einen Kommentar hinzuf\u00fcgst, werden der Kommentar und seine Metadaten separat gespeichert. So k\u00f6nnen wir alle zugeh\u00f6rigen Kommentare automatisch erkennen und freigeben, ohne dass sie zur Moderation zur\u00fcckgehalten werden m\u00fcssen.<\/p>\n\n\n\n<p>F\u00fcr Nutzer, die sich auf unserer Website registrieren (sofern vorhanden), speichern wir auch die von ihnen angegebenen personenbezogenen Daten in ihrem Nutzerprofil. Alle Nutzer k\u00f6nnen ihre personenbezogenen Daten jederzeit einsehen, \u00e4ndern oder l\u00f6schen (mit Ausnahme des Nutzernamens). Die Website-Betreiber k\u00f6nnen diese Informationen ebenfalls einsehen und \u00e4ndern.<\/p>\n\n\n\n<h2 class=\"wp-block-heading\">Welche Rechte haben Sie \u00fcber Ihre Daten?<\/h2>\n\n\n\n<p>Wenn Sie auf dieser Website ein Konto haben oder einen Kommentar hinterlassen haben, k\u00f6nnen Sie eine Ausfertigung Ihrer personenbezogenen Daten, die wir \u00fcber Sie gespeichert haben, einschlie\u00dflich der Daten, die Sie uns zur Verf\u00fcgung gestellt haben, anfordern. Sie k\u00f6nnen auch die L\u00f6schung Ihrer personenbezogenen Daten beantragen. Dies gilt jedoch nicht f\u00fcr Daten, die wir aus administrativen, rechtlichen oder Sicherheitsgr\u00fcnden aufbewahren m\u00fcssen.<\/p>\n\n\n\n<h2 class=\"wp-block-heading\">Wohin werden Ihre Daten \u00fcbermittelt?<\/h2>\n\n\n\n<p>Kommentare von Besuchern k\u00f6nnen durch einen automatisierten Spam-Erkennungsdienst \u00fcberpr\u00fcft werden.<\/p>","protected":false},"excerpt":{"rendered":"<p>Kto sme Adresa na\u0161ej webovej str\u00e1nky je: https:\/\/rentturnstiles.eu. Koment\u00e1re Ke\u010f n\u00e1v\u0161tevn\u00edci webu zanech\u00e1vaj\u00fa na str\u00e1nke koment\u00e1re, zbierame \u00fadaje, ktor\u00e9 s\u00fa zobrazen\u00e9 vo formul\u00e1ri koment\u00e1ra a taktie\u017e IP adresu pou\u017e\u00edvate\u013eov a User Agent prehliada\u010da z d\u00f4vodu ochrany proti spamu. Anonymizovan\u00fd re\u0165azec vytvoren\u00fd z va\u0161ej e-mailovej adresy (naz\u00fdvan\u00fd aj hash) m\u00f4\u017ee by\u0165 poskytnut\u00fd slu\u017ebe Gravatar pre overenie, [&hellip;]<\/p>\n","protected":false},"author":4,"featured_media":0,"parent":0,"menu_order":0,"comment_status":"closed","ping_status":"open","template":"","meta":{"_acf_changed":false,"footnotes":""},"class_list":["post-3","page","type-page","status-publish","hentry"],"acf":[],"yoast_head":"<!-- This site is optimized with the Yoast SEO plugin v27.0 - https:\/\/yoast.com\/product\/yoast-seo-wordpress\/ -->\n<title>Z\u00e1sady ochrany osobn\u00fdch \u00fadajov - Rentturnstiles.eu | Pren\u00e1jom a predaj turniketov<\/title>\n<meta name=\"description\" content=\"Po nav\u0161t\u00edven\u00ed str\u00e1nky, sa ulo\u017eia s\u00fabory cookies, ktor\u00e9 s\u00fa bez osobn\u00fdch \u00fadajov a s\u00fa odstr\u00e1nen\u00e9 pri zatvoren\u00ed prehliada\u010da.\" \/>\n<meta name=\"robots\" content=\"index, follow, max-snippet:-1, max-image-preview:large, max-video-preview:-1\" \/>\n<link rel=\"canonical\" href=\"https:\/\/rentturnstiles.eu\/de\/datenschutzbestimmungen\/\" \/>\n<meta property=\"og:locale\" content=\"de_DE\" \/>\n<meta property=\"og:type\" content=\"article\" \/>\n<meta property=\"og:title\" content=\"Z\u00e1sady ochrany osobn\u00fdch \u00fadajov - Rentturnstiles.eu | Pren\u00e1jom a predaj turniketov\" \/>\n<meta property=\"og:description\" content=\"Po nav\u0161t\u00edven\u00ed str\u00e1nky, sa ulo\u017eia s\u00fabory cookies, ktor\u00e9 s\u00fa bez osobn\u00fdch \u00fadajov a s\u00fa odstr\u00e1nen\u00e9 pri zatvoren\u00ed prehliada\u010da.\" \/>\n<meta property=\"og:url\" content=\"https:\/\/rentturnstiles.eu\/de\/datenschutzbestimmungen\/\" \/>\n<meta property=\"og:site_name\" content=\"Rentturnstiles.eu | Pren\u00e1jom a predaj turniketov\" \/>\n<meta property=\"article:modified_time\" content=\"2025-05-14T11:02:17+00:00\" \/>\n<meta name=\"twitter:card\" content=\"summary_large_image\" \/>\n<meta name=\"twitter:label1\" content=\"Gesch\u00e4tzte Lesezeit\" \/>\n\t<meta name=\"twitter:data1\" content=\"3 Minuten\" \/>\n<script type=\"application\/ld+json\" class=\"yoast-schema-graph\">{\"@context\":\"https:\/\/schema.org\",\"@graph\":[{\"@type\":\"WebPage\",\"@id\":\"https:\/\/rentturnstiles.eu\/zasady-ochrany-osobnych-udajov\/\",\"url\":\"https:\/\/rentturnstiles.eu\/zasady-ochrany-osobnych-udajov\/\",\"name\":\"Z\u00e1sady ochrany osobn\u00fdch \u00fadajov - Rentturnstiles.eu | Pren\u00e1jom a predaj turniketov\",\"isPartOf\":{\"@id\":\"https:\/\/rentturnstiles.eu\/#website\"},\"datePublished\":\"2025-01-24T12:33:39+00:00\",\"dateModified\":\"2025-05-14T11:02:17+00:00\",\"description\":\"Po nav\u0161t\u00edven\u00ed str\u00e1nky, sa ulo\u017eia s\u00fabory cookies, ktor\u00e9 s\u00fa bez osobn\u00fdch \u00fadajov a s\u00fa odstr\u00e1nen\u00e9 pri zatvoren\u00ed prehliada\u010da.\",\"breadcrumb\":{\"@id\":\"https:\/\/rentturnstiles.eu\/zasady-ochrany-osobnych-udajov\/#breadcrumb\"},\"inLanguage\":\"de-AT\",\"potentialAction\":[{\"@type\":\"ReadAction\",\"target\":[\"https:\/\/rentturnstiles.eu\/zasady-ochrany-osobnych-udajov\/\"]}]},{\"@type\":\"BreadcrumbList\",\"@id\":\"https:\/\/rentturnstiles.eu\/zasady-ochrany-osobnych-udajov\/#breadcrumb\",\"itemListElement\":[{\"@type\":\"ListItem\",\"position\":1,\"name\":\"Domov\",\"item\":\"https:\/\/rentturnstiles.eu\/\"},{\"@type\":\"ListItem\",\"position\":2,\"name\":\"Z\u00e1sady ochrany osobn\u00fdch \u00fadajov\"}]},{\"@type\":\"WebSite\",\"@id\":\"https:\/\/rentturnstiles.eu\/#website\",\"url\":\"https:\/\/rentturnstiles.eu\/\",\"name\":\"Rentturnstiles.eu | Pren\u00e1jom a predaj turniketov\",\"description\":\"Pren\u00e1jom a predaj turniketov\u00fdch syst\u00e9mov\",\"potentialAction\":[{\"@type\":\"SearchAction\",\"target\":{\"@type\":\"EntryPoint\",\"urlTemplate\":\"https:\/\/rentturnstiles.eu\/?s={search_term_string}\"},\"query-input\":{\"@type\":\"PropertyValueSpecification\",\"valueRequired\":true,\"valueName\":\"search_term_string\"}}],\"inLanguage\":\"de-AT\"}]}<\/script>\n<!-- \/ Yoast SEO plugin. -->","yoast_head_json":{"title":"Z\u00e1sady ochrany osobn\u00fdch \u00fadajov - Rentturnstiles.eu | Pren\u00e1jom a predaj turniketov","description":"Po nav\u0161t\u00edven\u00ed str\u00e1nky, sa ulo\u017eia s\u00fabory cookies, ktor\u00e9 s\u00fa bez osobn\u00fdch \u00fadajov a s\u00fa odstr\u00e1nen\u00e9 pri zatvoren\u00ed prehliada\u010da.","robots":{"index":"index","follow":"follow","max-snippet":"max-snippet:-1","max-image-preview":"max-image-preview:large","max-video-preview":"max-video-preview:-1"},"canonical":"https:\/\/rentturnstiles.eu\/de\/datenschutzbestimmungen\/","og_locale":"de_DE","og_type":"article","og_title":"Z\u00e1sady ochrany osobn\u00fdch \u00fadajov - Rentturnstiles.eu | Pren\u00e1jom a predaj turniketov","og_description":"Po nav\u0161t\u00edven\u00ed str\u00e1nky, sa ulo\u017eia s\u00fabory cookies, ktor\u00e9 s\u00fa bez osobn\u00fdch \u00fadajov a s\u00fa odstr\u00e1nen\u00e9 pri zatvoren\u00ed prehliada\u010da.","og_url":"https:\/\/rentturnstiles.eu\/de\/datenschutzbestimmungen\/","og_site_name":"Rentturnstiles.eu | Pren\u00e1jom a predaj turniketov","article_modified_time":"2025-05-14T11:02:17+00:00","twitter_card":"summary_large_image","twitter_misc":{"Gesch\u00e4tzte Lesezeit":"3 Minuten"},"schema":{"@context":"https:\/\/schema.org","@graph":[{"@type":"WebPage","@id":"https:\/\/rentturnstiles.eu\/zasady-ochrany-osobnych-udajov\/","url":"https:\/\/rentturnstiles.eu\/zasady-ochrany-osobnych-udajov\/","name":"Z\u00e1sady ochrany osobn\u00fdch \u00fadajov - Rentturnstiles.eu | Pren\u00e1jom a predaj turniketov","isPartOf":{"@id":"https:\/\/rentturnstiles.eu\/#website"},"datePublished":"2025-01-24T12:33:39+00:00","dateModified":"2025-05-14T11:02:17+00:00","description":"Po nav\u0161t\u00edven\u00ed str\u00e1nky, sa ulo\u017eia s\u00fabory cookies, ktor\u00e9 s\u00fa bez osobn\u00fdch \u00fadajov a s\u00fa odstr\u00e1nen\u00e9 pri zatvoren\u00ed prehliada\u010da.","breadcrumb":{"@id":"https:\/\/rentturnstiles.eu\/zasady-ochrany-osobnych-udajov\/#breadcrumb"},"inLanguage":"de-AT","potentialAction":[{"@type":"ReadAction","target":["https:\/\/rentturnstiles.eu\/zasady-ochrany-osobnych-udajov\/"]}]},{"@type":"BreadcrumbList","@id":"https:\/\/rentturnstiles.eu\/zasady-ochrany-osobnych-udajov\/#breadcrumb","itemListElement":[{"@type":"ListItem","position":1,"name":"Domov","item":"https:\/\/rentturnstiles.eu\/"},{"@type":"ListItem","position":2,"name":"Z\u00e1sady ochrany osobn\u00fdch \u00fadajov"}]},{"@type":"WebSite","@id":"https:\/\/rentturnstiles.eu\/#website","url":"https:\/\/rentturnstiles.eu\/","name":"Rentturnstiles.eu | Vermietung und Verkauf von Drehkreuzen","description":"Vermietung und Verkauf von Drehkreuzanlagen","potentialAction":[{"@type":"SearchAction","target":{"@type":"EntryPoint","urlTemplate":"https:\/\/rentturnstiles.eu\/?s={search_term_string}"},"query-input":{"@type":"PropertyValueSpecification","valueRequired":true,"valueName":"search_term_string"}}],"inLanguage":"de-AT"}]}},"_links":{"self":[{"href":"https:\/\/rentturnstiles.eu\/de\/wp-json\/wp\/v2\/pages\/3","targetHints":{"allow":["GET"]}}],"collection":[{"href":"https:\/\/rentturnstiles.eu\/de\/wp-json\/wp\/v2\/pages"}],"about":[{"href":"https:\/\/rentturnstiles.eu\/de\/wp-json\/wp\/v2\/types\/page"}],"author":[{"embeddable":true,"href":"https:\/\/rentturnstiles.eu\/de\/wp-json\/wp\/v2\/users\/4"}],"replies":[{"embeddable":true,"href":"https:\/\/rentturnstiles.eu\/de\/wp-json\/wp\/v2\/comments?post=3"}],"version-history":[{"count":3,"href":"https:\/\/rentturnstiles.eu\/de\/wp-json\/wp\/v2\/pages\/3\/revisions"}],"predecessor-version":[{"id":2871,"href":"https:\/\/rentturnstiles.eu\/de\/wp-json\/wp\/v2\/pages\/3\/revisions\/2871"}],"wp:attachment":[{"href":"https:\/\/rentturnstiles.eu\/de\/wp-json\/wp\/v2\/media?parent=3"}],"curies":[{"name":"wp","href":"https:\/\/api.w.org\/{rel}","templated":true}]}}