{"id":276,"date":"2025-01-28T21:38:35","date_gmt":"2025-01-28T20:38:35","guid":{"rendered":"https:\/\/rentturnstiles.eu\/?page_id=276"},"modified":"2025-03-24T10:09:50","modified_gmt":"2025-03-24T09:09:50","slug":"drehkreuz-zeiterfassung-zugangskontrollsystem-biometrie","status":"publish","type":"page","link":"https:\/\/rentturnstiles.eu\/de\/drehkreuz-zeiterfassung-zugangskontrollsystem-biometrie\/","title":{"rendered":"Produkte"},"content":{"rendered":"<p>Zuverl\u00e4ssige, moderne und innovative Zutrittskontrolll\u00f6sungen, die Sicherheit, reibungslosen Personenverkehr und Effizienz in einer Vielzahl von Umgebungen gew\u00e4hrleisten - von B\u00fcrogeb\u00e4uden bis zu Industrieanlagen.<\/p>","protected":false},"excerpt":{"rendered":"<p>Zuverl\u00e4ssige, moderne und innovative Zutrittskontrolll\u00f6sungen, die Sicherheit, reibungslosen Personenverkehr und Effizienz in einer Vielzahl von Umgebungen gew\u00e4hrleisten - von B\u00fcrogeb\u00e4uden bis zu Industrieanlagen.<\/p>","protected":false},"author":4,"featured_media":0,"parent":0,"menu_order":0,"comment_status":"closed","ping_status":"closed","template":"","meta":{"_acf_changed":false,"footnotes":""},"class_list":["post-276","page","type-page","status-publish","hentry"],"acf":[],"yoast_head":"<!-- This site is optimized with the Yoast SEO plugin v27.0 - https:\/\/yoast.com\/product\/yoast-seo-wordpress\/ -->\n<title>Produkty - Rentturnstiles.eu | Pren\u00e1jom a predaj turniketov<\/title>\n<meta name=\"description\" content=\"Turnikety pre spo\u013eahliv\u00e9 a modern\u00e9 rie\u0161enia vstupu os\u00f4b do budov, are\u00e1lov, doch\u00e1dzka, pr\u00edstupov\u00fd syst\u00e9m, biometria\" \/>\n<meta name=\"robots\" content=\"index, follow, max-snippet:-1, max-image-preview:large, max-video-preview:-1\" \/>\n<link rel=\"canonical\" href=\"https:\/\/rentturnstiles.eu\/de\/drehkreuz-zeiterfassung-zugangskontrollsystem-biometrie\/\" \/>\n<meta property=\"og:locale\" content=\"de_DE\" \/>\n<meta property=\"og:type\" content=\"article\" \/>\n<meta property=\"og:title\" content=\"Produkty - Rentturnstiles.eu | Pren\u00e1jom a predaj turniketov\" \/>\n<meta property=\"og:description\" content=\"Turnikety pre spo\u013eahliv\u00e9 a modern\u00e9 rie\u0161enia vstupu os\u00f4b do budov, are\u00e1lov, doch\u00e1dzka, pr\u00edstupov\u00fd syst\u00e9m, biometria\" \/>\n<meta property=\"og:url\" content=\"https:\/\/rentturnstiles.eu\/de\/drehkreuz-zeiterfassung-zugangskontrollsystem-biometrie\/\" \/>\n<meta property=\"og:site_name\" content=\"Rentturnstiles.eu | Pren\u00e1jom a predaj turniketov\" \/>\n<meta property=\"article:modified_time\" content=\"2025-03-24T09:09:50+00:00\" \/>\n<meta name=\"twitter:card\" content=\"summary_large_image\" \/>\n<meta name=\"twitter:label1\" content=\"Gesch\u00e4tzte Lesezeit\" \/>\n\t<meta name=\"twitter:data1\" content=\"3 Minuten\" \/>\n<script type=\"application\/ld+json\" class=\"yoast-schema-graph\">{\"@context\":\"https:\/\/schema.org\",\"@graph\":[{\"@type\":\"WebPage\",\"@id\":\"https:\/\/rentturnstiles.eu\/turnikedochadzka-pristupovy-system-biometria\/\",\"url\":\"https:\/\/rentturnstiles.eu\/turnikedochadzka-pristupovy-system-biometria\/\",\"name\":\"Produkty - Rentturnstiles.eu | Pren\u00e1jom a predaj turniketov\",\"isPartOf\":{\"@id\":\"https:\/\/rentturnstiles.eu\/#website\"},\"datePublished\":\"2025-01-28T20:38:35+00:00\",\"dateModified\":\"2025-03-24T09:09:50+00:00\",\"description\":\"Turnikety pre spo\u013eahliv\u00e9 a modern\u00e9 rie\u0161enia vstupu os\u00f4b do budov, are\u00e1lov, doch\u00e1dzka, pr\u00edstupov\u00fd syst\u00e9m, biometria\",\"breadcrumb\":{\"@id\":\"https:\/\/rentturnstiles.eu\/turnikedochadzka-pristupovy-system-biometria\/#breadcrumb\"},\"inLanguage\":\"de-AT\",\"potentialAction\":[{\"@type\":\"ReadAction\",\"target\":[\"https:\/\/rentturnstiles.eu\/turnikedochadzka-pristupovy-system-biometria\/\"]}]},{\"@type\":\"BreadcrumbList\",\"@id\":\"https:\/\/rentturnstiles.eu\/turnikedochadzka-pristupovy-system-biometria\/#breadcrumb\",\"itemListElement\":[{\"@type\":\"ListItem\",\"position\":1,\"name\":\"Domov\",\"item\":\"https:\/\/rentturnstiles.eu\/\"},{\"@type\":\"ListItem\",\"position\":2,\"name\":\"Produkty\"}]},{\"@type\":\"WebSite\",\"@id\":\"https:\/\/rentturnstiles.eu\/#website\",\"url\":\"https:\/\/rentturnstiles.eu\/\",\"name\":\"Rentturnstiles.eu | Pren\u00e1jom a predaj turniketov\",\"description\":\"Pren\u00e1jom a predaj turniketov\u00fdch syst\u00e9mov\",\"potentialAction\":[{\"@type\":\"SearchAction\",\"target\":{\"@type\":\"EntryPoint\",\"urlTemplate\":\"https:\/\/rentturnstiles.eu\/?s={search_term_string}\"},\"query-input\":{\"@type\":\"PropertyValueSpecification\",\"valueRequired\":true,\"valueName\":\"search_term_string\"}}],\"inLanguage\":\"de-AT\"}]}<\/script>\n<!-- \/ Yoast SEO plugin. -->","yoast_head_json":{"title":"Produkte - Rentturnstiles.eu | Vermietung und Verkauf von Drehkreuzen","description":"Drehkreuze f\u00fcr zuverl\u00e4ssige und moderne L\u00f6sungen f\u00fcr den Zugang zu Geb\u00e4uden, R\u00e4umlichkeiten, Anwesenheitskontrolle, Zugangskontrolle, Biometrie","robots":{"index":"index","follow":"follow","max-snippet":"max-snippet:-1","max-image-preview":"max-image-preview:large","max-video-preview":"max-video-preview:-1"},"canonical":"https:\/\/rentturnstiles.eu\/de\/drehkreuz-zeiterfassung-zugangskontrollsystem-biometrie\/","og_locale":"de_DE","og_type":"article","og_title":"Produkty - Rentturnstiles.eu | Pren\u00e1jom a predaj turniketov","og_description":"Turnikety pre spo\u013eahliv\u00e9 a modern\u00e9 rie\u0161enia vstupu os\u00f4b do budov, are\u00e1lov, doch\u00e1dzka, pr\u00edstupov\u00fd syst\u00e9m, biometria","og_url":"https:\/\/rentturnstiles.eu\/de\/drehkreuz-zeiterfassung-zugangskontrollsystem-biometrie\/","og_site_name":"Rentturnstiles.eu | Pren\u00e1jom a predaj turniketov","article_modified_time":"2025-03-24T09:09:50+00:00","twitter_card":"summary_large_image","twitter_misc":{"Gesch\u00e4tzte Lesezeit":"3 Minuten"},"schema":{"@context":"https:\/\/schema.org","@graph":[{"@type":"WebPage","@id":"https:\/\/rentturnstiles.eu\/turnikedochadzka-pristupovy-system-biometria\/","url":"https:\/\/rentturnstiles.eu\/turnikedochadzka-pristupovy-system-biometria\/","name":"Produkte - Rentturnstiles.eu | Vermietung und Verkauf von Drehkreuzen","isPartOf":{"@id":"https:\/\/rentturnstiles.eu\/#website"},"datePublished":"2025-01-28T20:38:35+00:00","dateModified":"2025-03-24T09:09:50+00:00","description":"Drehkreuze f\u00fcr zuverl\u00e4ssige und moderne L\u00f6sungen f\u00fcr den Zugang zu Geb\u00e4uden, R\u00e4umlichkeiten, Anwesenheitskontrolle, Zugangskontrolle, Biometrie","breadcrumb":{"@id":"https:\/\/rentturnstiles.eu\/turnikedochadzka-pristupovy-system-biometria\/#breadcrumb"},"inLanguage":"de-AT","potentialAction":[{"@type":"ReadAction","target":["https:\/\/rentturnstiles.eu\/turnikedochadzka-pristupovy-system-biometria\/"]}]},{"@type":"BreadcrumbList","@id":"https:\/\/rentturnstiles.eu\/turnikedochadzka-pristupovy-system-biometria\/#breadcrumb","itemListElement":[{"@type":"ListItem","position":1,"name":"Domov","item":"https:\/\/rentturnstiles.eu\/"},{"@type":"ListItem","position":2,"name":"Produkty"}]},{"@type":"WebSite","@id":"https:\/\/rentturnstiles.eu\/#website","url":"https:\/\/rentturnstiles.eu\/","name":"Rentturnstiles.eu | Vermietung und Verkauf von Drehkreuzen","description":"Vermietung und Verkauf von Drehkreuzanlagen","potentialAction":[{"@type":"SearchAction","target":{"@type":"EntryPoint","urlTemplate":"https:\/\/rentturnstiles.eu\/?s={search_term_string}"},"query-input":{"@type":"PropertyValueSpecification","valueRequired":true,"valueName":"search_term_string"}}],"inLanguage":"de-AT"}]}},"_links":{"self":[{"href":"https:\/\/rentturnstiles.eu\/de\/wp-json\/wp\/v2\/pages\/276","targetHints":{"allow":["GET"]}}],"collection":[{"href":"https:\/\/rentturnstiles.eu\/de\/wp-json\/wp\/v2\/pages"}],"about":[{"href":"https:\/\/rentturnstiles.eu\/de\/wp-json\/wp\/v2\/types\/page"}],"author":[{"embeddable":true,"href":"https:\/\/rentturnstiles.eu\/de\/wp-json\/wp\/v2\/users\/4"}],"replies":[{"embeddable":true,"href":"https:\/\/rentturnstiles.eu\/de\/wp-json\/wp\/v2\/comments?post=276"}],"version-history":[{"count":1,"href":"https:\/\/rentturnstiles.eu\/de\/wp-json\/wp\/v2\/pages\/276\/revisions"}],"predecessor-version":[{"id":277,"href":"https:\/\/rentturnstiles.eu\/de\/wp-json\/wp\/v2\/pages\/276\/revisions\/277"}],"wp:attachment":[{"href":"https:\/\/rentturnstiles.eu\/de\/wp-json\/wp\/v2\/media?parent=276"}],"curies":[{"name":"wp","href":"https:\/\/api.w.org\/{rel}","templated":true}]}}