{"id":3,"date":"2025-01-24T13:33:39","date_gmt":"2025-01-24T12:33:39","guid":{"rendered":"https:\/\/rentturnstiles.eu\/?page_id=3"},"modified":"2025-05-14T13:02:17","modified_gmt":"2025-05-14T11:02:17","slug":"zasady-ochrany-osobnich-udaju","status":"publish","type":"page","link":"https:\/\/rentturnstiles.eu\/cs\/zasady-ochrany-osobnich-udaju\/","title":{"rendered":"Z\u00e1sady ochrany osobn\u00edch \u00fadaj\u016f"},"content":{"rendered":"<h2 class=\"wp-block-heading\">Kdo jsme<\/h2>\n\n\n\n<p>Adresa na\u0161\u00ed webov\u00e9 str\u00e1nky je: <a href=\"https:\/\/rentturnstiles.eu\/cs\/\">https:\/\/rentturnstiles.eu<\/a>.<\/p>\n\n\n\n<h2 class=\"wp-block-heading\">Koment\u00e1\u0159e<\/h2>\n\n\n\n<p>Ke\u010f n\u00e1v\u0161tevn\u00edci webu zanech\u00e1vaj\u00fa na str\u00e1nke koment\u00e1re, zbierame \u00fadaje, ktor\u00e9 s\u00fa zobrazen\u00e9 vo formul\u00e1ri koment\u00e1ra a taktie\u017e IP adresu pou\u017e\u00edvate\u013eov a User Agent prehliada\u010da z d\u00f4vodu ochrany proti spamu.<\/p>\n\n\n\n<p>Anonymizovan\u00fd \u0159et\u011bzec vytvo\u0159en\u00fd z va\u0161\u00ed e-mailov\u00e9 adresy (naz\u00fdvan\u00fd tak\u00e9 hash) m\u016f\u017ee b\u00fdt poskytnut slu\u017eb\u011b Gravatar pro ov\u011b\u0159en\u00ed, zda ji pou\u017e\u00edv\u00e1te. Z\u00e1sady ochrany osobn\u00edch \u00fadaj\u016f slu\u017eby Gravatar najdete na: https:\/\/automattic.com\/privacy\/. Po schv\u00e1len\u00ed va\u0161eho koment\u00e1\u0159e bude va\u0161e profilov\u00e1 fotografie ve\u0159ejn\u011b zobrazena spolu s obsahem va\u0161eho koment\u00e1\u0159e.<\/p>\n\n\n\n<h2 class=\"wp-block-heading\">Multim\u00e9dia<\/h2>\n\n\n\n<p>When uploading images to a website, you should avoid uploading images with EXIF GPS location data. Website visitors can download and view any location data from images.<\/p>\n\n\n\n<h2 class=\"wp-block-heading\">Soubory cookie<\/h2>\n\n\n\n<p>Cookies If you add a comment to our website, you may consent to the storage of your name, email address and website in cookies. This is for your convenience, so that you do not have to fill in your details again when adding another comment. These cookies are valid for one year.<\/p>\n\n\n\n<p>Soubory cookie Pokud p\u0159id\u00e1te koment\u00e1\u0159 na na\u0161i str\u00e1nku, m\u016f\u017eete souhlasit s ulo\u017een\u00edm va\u0161eho jm\u00e9na, e-mailov\u00e9 adresy a webov\u00e9 str\u00e1nky do soubor\u016f cookie. Je to pro va\u0161e pohodl\u00ed, abyste nemuseli znovu vypl\u0148ovat sv\u00e9 \u00fadaje p\u0159i p\u0159id\u00e1v\u00e1n\u00ed dal\u0161\u00edho koment\u00e1\u0159e. Tyto soubory cookie jsou platn\u00e9 po dobu jednoho roku. Pokud nav\u0161t\u00edv\u00edte na\u0161i p\u0159ihla\u0161ovac\u00ed str\u00e1nku, ulo\u017e\u00edme do\u010dasn\u00e9 soubory cookie, abychom zjistili, zda v\u00e1\u0161 prohl\u00ed\u017ee\u010d soubory cookie p\u0159ij\u00edm\u00e1. Tyto soubory cookie neobsahuj\u00ed \u017e\u00e1dn\u00e9 osobn\u00ed \u00fadaje a jsou odstran\u011bny p\u0159i zav\u0159en\u00ed prohl\u00ed\u017ee\u010de.<\/p>\n\n\n\n<p>P\u0159i p\u0159ihl\u00e1\u0161en\u00ed nastav\u00edme n\u011bkolik soubor\u016f cookies, abychom ulo\u017eili va\u0161e p\u0159ihla\u0161ovac\u00ed \u00fadaje a nastaven\u00ed zobrazen\u00ed. P\u0159ihla\u0161ovac\u00ed cookies jsou platn\u00e9 dva dny a nastaven\u00ed zobrazen\u00ed jeden rok. Pokud zvol\u00edte mo\u017enost \u201ezapamatovat\u201c, va\u0161e p\u0159ihl\u00e1\u0161en\u00ed bude platn\u00e9 dva t\u00fddny. Po odhl\u00e1\u0161en\u00ed z va\u0161eho \u00fa\u010dtu budou soubory cookie odstran\u011bny. Soubory cookie Pokud p\u0159id\u00e1te koment\u00e1\u0159 na na\u0161i str\u00e1nku, m\u016f\u017eete souhlasit s ulo\u017een\u00edm va\u0161eho jm\u00e9na, e-mailov\u00e9 adresy a webov\u00e9 str\u00e1nky do soubor\u016f cookie. Je to pro va\u0161e pohodl\u00ed, abyste nemuseli znovu vypl\u0148ovat sv\u00e9 \u00fadaje p\u0159i p\u0159id\u00e1v\u00e1n\u00ed dal\u0161\u00edho koment\u00e1\u0159e. Tyto soubory cookie jsou platn\u00e9 po dobu jednoho roku. Pokud nav\u0161t\u00edv\u00edte na\u0161i p\u0159ihla\u0161ovac\u00ed str\u00e1nku, ulo\u017e\u00edme do\u010dasn\u00e9 soubory cookie, abychom zjistili, zda v\u00e1\u0161 prohl\u00ed\u017ee\u010d soubory cookie p\u0159ij\u00edm\u00e1. Tyto soubory cookie neobsahuj\u00ed \u017e\u00e1dn\u00e9 osobn\u00ed \u00fadaje a jsou odstran\u011bny p\u0159i zav\u0159en\u00ed prohl\u00ed\u017ee\u010de. <\/p>\n\n\n\n<p>P\u0159i \u00faprav\u011b nebo publikov\u00e1n\u00ed \u010dl\u00e1nku budou ve va\u0161em prohl\u00ed\u017ee\u010di ulo\u017eeny dal\u0161\u00ed soubory cookies. Tyto soubory cookies neobsahuj\u00ed \u017e\u00e1dn\u00e9 osobn\u00ed \u00fadaje a odkazuj\u00ed pouze na ID \u010dl\u00e1nku, kter\u00fd jste upravovali. Soubory jsou platn\u00e9 1 den.<\/p>\n\n\n\n<h2 class=\"wp-block-heading\">Vlo\u017een\u00fd obsah z in\u00fdch webov\u00fdch str\u00e1nok<\/h2>\n\n\n\n<p>\u010cl\u00e1nky na t\u00e9to webov\u00e9 str\u00e1nce mohou obsahovat vlo\u017een\u00fd obsah (nap\u0159. videa, obr\u00e1zky, \u010dl\u00e1nky a podobn\u011b). Vlo\u017een\u00fd obsah z jin\u00fdch str\u00e1nek se chov\u00e1 stejn\u011b, jako kdyby n\u00e1v\u0161t\u011bvn\u00edk nav\u0161t\u00edvil jinou webovou str\u00e1nku.<\/p>\n\n\n\n<p>\u010cl\u00e1nky na t\u00e9to webov\u00e9 str\u00e1nce mohou obsahovat vlo\u017een\u00fd obsah (nap\u0159. videa, obr\u00e1zky, \u010dl\u00e1nky atd.). Vlo\u017een\u00fd obsah z jin\u00fdch webov\u00fdch str\u00e1nek se chov\u00e1 stejn\u011b, jako kdyby n\u00e1v\u0161t\u011bvn\u00edk nav\u0161t\u00edvil danou jinou webovou str\u00e1nku. Tyto webov\u00e9 str\u00e1nky mohou shroma\u017e\u010fovat osobn\u00ed \u00fadaje, pou\u017e\u00edvat soubory cookie, vkl\u00e1dat sledovac\u00ed prvky t\u0159et\u00edch stran a monitorovat va\u0161i interakci s vlo\u017een\u00fdm obsahem, v\u010detn\u011b sledov\u00e1n\u00ed va\u0161\u00ed interakce v p\u0159\u00edpad\u011b, \u017ee m\u00e1te na dan\u00e9 str\u00e1nce \u00fa\u010det a jste p\u0159ihl\u00e1\u0161eni. <\/p>\n\n\n\n<h2 class=\"wp-block-heading\">S k\u00fdm sd\u00edl\u00edme va\u0161e \u00fadaje<\/h2>\n\n\n\n<p>Pokud po\u017eadujete obnoven\u00ed hesla, va\u0161e IP adresa bude uvedena v e-mailu pro obnoven\u00ed hesla.<\/p>\n\n\n\n<h2 class=\"wp-block-heading\">Jak dlouho uchov\u00e1v\u00e1me va\u0161e \u00fadaje<\/h2>\n\n\n\n<p>P\u0159i p\u0159id\u00e1n\u00ed koment\u00e1\u0159e jsou koment\u00e1\u0159 a jeho metadata ulo\u017eeny odd\u011blen\u011b. D\u00edky tomu m\u016f\u017eeme automaticky rozpoznat a schv\u00e1lit v\u0161echny souvisej\u00edc\u00ed koment\u00e1\u0159e, ani\u017e by musely b\u00fdt zadr\u017eeny k moderov\u00e1n\u00ed.<\/p>\n\n\n\n<p>Pro u\u017eivatele, kte\u0159\u00ed se zaregistruj\u00ed na na\u0161ich webov\u00fdch str\u00e1nk\u00e1ch (pokud existuj\u00ed), ukl\u00e1d\u00e1me tak\u00e9 osobn\u00ed \u00fadaje, kter\u00e9 n\u00e1m poskytnou, do jejich u\u017eivatelsk\u00e9ho profilu. V\u0161ichni u\u017eivatel\u00e9 mohou kdykoli zobrazit, upravit nebo odstranit sv\u00e9 osobn\u00ed \u00fadaje (krom\u011b zm\u011bny u\u017eivatelsk\u00e9ho jm\u00e9na). Spr\u00e1vci webov\u00fdch str\u00e1nek mohou tyto informace tak\u00e9 zobrazit a upravit.<\/p>\n\n\n\n<h2 class=\"wp-block-heading\">Jak\u00e1 m\u00e1te pr\u00e1va k va\u0161im \u00fadaj\u016fm<\/h2>\n\n\n\n<p>Pokud m\u00e1te na t\u00e9to webov\u00e9 str\u00e1nce \u00fa\u010det nebo jste sem p\u0159idali koment\u00e1\u0159, m\u016f\u017eete po\u017e\u00e1dat o export va\u0161ich osobn\u00edch \u00fadaj\u016f, kter\u00e9 o v\u00e1s uchov\u00e1v\u00e1me, v\u010detn\u011b \u00fadaj\u016f, kter\u00e9 jste n\u00e1m poskytli. M\u016f\u017eete tak\u00e9 po\u017e\u00e1dat o vymaz\u00e1n\u00ed osobn\u00edch \u00fadaj\u016f. To se v\u0161ak nevztahuje na \u00fadaje, kter\u00e9 o v\u00e1s mus\u00edme uchov\u00e1vat z administrativn\u00edch, pr\u00e1vn\u00edch nebo bezpe\u010dnostn\u00edch d\u016fvod\u016f.<\/p>\n\n\n\n<h2 class=\"wp-block-heading\">Kam se va\u0161e \u00fadaje odes\u00edlaj\u00ed<\/h2>\n\n\n\n<p>Koment\u00e1\u0159e n\u00e1v\u0161t\u011bvn\u00edk\u016f mohou b\u00fdt kontrolov\u00e1ny automatizovanou slu\u017ebou pro detekci spamu.<\/p>","protected":false},"excerpt":{"rendered":"<p>Kto sme Adresa na\u0161ej webovej str\u00e1nky je: https:\/\/rentturnstiles.eu. Koment\u00e1re Ke\u010f n\u00e1v\u0161tevn\u00edci webu zanech\u00e1vaj\u00fa na str\u00e1nke koment\u00e1re, zbierame \u00fadaje, ktor\u00e9 s\u00fa zobrazen\u00e9 vo formul\u00e1ri koment\u00e1ra a taktie\u017e IP adresu pou\u017e\u00edvate\u013eov a User Agent prehliada\u010da z d\u00f4vodu ochrany proti spamu. Anonymizovan\u00fd re\u0165azec vytvoren\u00fd z va\u0161ej e-mailovej adresy (naz\u00fdvan\u00fd aj hash) m\u00f4\u017ee by\u0165 poskytnut\u00fd slu\u017ebe Gravatar pre overenie, [&hellip;]<\/p>\n","protected":false},"author":4,"featured_media":0,"parent":0,"menu_order":0,"comment_status":"closed","ping_status":"open","template":"","meta":{"_acf_changed":false,"footnotes":""},"class_list":["post-3","page","type-page","status-publish","hentry"],"acf":[],"yoast_head":"<!-- This site is optimized with the Yoast SEO plugin v27.0 - https:\/\/yoast.com\/product\/yoast-seo-wordpress\/ -->\n<title>Z\u00e1sady ochrany osobn\u00fdch \u00fadajov - Rentturnstiles.eu | Pren\u00e1jom a predaj turniketov<\/title>\n<meta name=\"description\" content=\"Po nav\u0161t\u00edven\u00ed str\u00e1nky, sa ulo\u017eia s\u00fabory cookies, ktor\u00e9 s\u00fa bez osobn\u00fdch \u00fadajov a s\u00fa odstr\u00e1nen\u00e9 pri zatvoren\u00ed prehliada\u010da.\" \/>\n<meta name=\"robots\" content=\"index, follow, max-snippet:-1, max-image-preview:large, max-video-preview:-1\" \/>\n<link rel=\"canonical\" href=\"https:\/\/rentturnstiles.eu\/cs\/zasady-ochrany-osobnich-udaju\/\" \/>\n<meta property=\"og:locale\" content=\"cs_CZ\" \/>\n<meta property=\"og:type\" content=\"article\" \/>\n<meta property=\"og:title\" content=\"Z\u00e1sady ochrany osobn\u00fdch \u00fadajov - Rentturnstiles.eu | Pren\u00e1jom a predaj turniketov\" \/>\n<meta property=\"og:description\" content=\"Po nav\u0161t\u00edven\u00ed str\u00e1nky, sa ulo\u017eia s\u00fabory cookies, ktor\u00e9 s\u00fa bez osobn\u00fdch \u00fadajov a s\u00fa odstr\u00e1nen\u00e9 pri zatvoren\u00ed prehliada\u010da.\" \/>\n<meta property=\"og:url\" content=\"https:\/\/rentturnstiles.eu\/cs\/zasady-ochrany-osobnich-udaju\/\" \/>\n<meta property=\"og:site_name\" content=\"Rentturnstiles.eu | Pren\u00e1jom a predaj turniketov\" \/>\n<meta property=\"article:modified_time\" content=\"2025-05-14T11:02:17+00:00\" \/>\n<meta name=\"twitter:card\" content=\"summary_large_image\" \/>\n<meta name=\"twitter:label1\" content=\"Odhadovan\u00e1 doba \u010dten\u00ed\" \/>\n\t<meta name=\"twitter:data1\" content=\"3 minuty\" \/>\n<script type=\"application\/ld+json\" class=\"yoast-schema-graph\">{\"@context\":\"https:\/\/schema.org\",\"@graph\":[{\"@type\":\"WebPage\",\"@id\":\"https:\/\/rentturnstiles.eu\/zasady-ochrany-osobnych-udajov\/\",\"url\":\"https:\/\/rentturnstiles.eu\/zasady-ochrany-osobnych-udajov\/\",\"name\":\"Z\u00e1sady ochrany osobn\u00fdch \u00fadajov - Rentturnstiles.eu | Pren\u00e1jom a predaj turniketov\",\"isPartOf\":{\"@id\":\"https:\/\/rentturnstiles.eu\/#website\"},\"datePublished\":\"2025-01-24T12:33:39+00:00\",\"dateModified\":\"2025-05-14T11:02:17+00:00\",\"description\":\"Po nav\u0161t\u00edven\u00ed str\u00e1nky, sa ulo\u017eia s\u00fabory cookies, ktor\u00e9 s\u00fa bez osobn\u00fdch \u00fadajov a s\u00fa odstr\u00e1nen\u00e9 pri zatvoren\u00ed prehliada\u010da.\",\"breadcrumb\":{\"@id\":\"https:\/\/rentturnstiles.eu\/zasady-ochrany-osobnych-udajov\/#breadcrumb\"},\"inLanguage\":\"cs\",\"potentialAction\":[{\"@type\":\"ReadAction\",\"target\":[\"https:\/\/rentturnstiles.eu\/zasady-ochrany-osobnych-udajov\/\"]}]},{\"@type\":\"BreadcrumbList\",\"@id\":\"https:\/\/rentturnstiles.eu\/zasady-ochrany-osobnych-udajov\/#breadcrumb\",\"itemListElement\":[{\"@type\":\"ListItem\",\"position\":1,\"name\":\"Domov\",\"item\":\"https:\/\/rentturnstiles.eu\/\"},{\"@type\":\"ListItem\",\"position\":2,\"name\":\"Z\u00e1sady ochrany osobn\u00fdch \u00fadajov\"}]},{\"@type\":\"WebSite\",\"@id\":\"https:\/\/rentturnstiles.eu\/#website\",\"url\":\"https:\/\/rentturnstiles.eu\/\",\"name\":\"Rentturnstiles.eu | Pren\u00e1jom a predaj turniketov\",\"description\":\"Pren\u00e1jom a predaj turniketov\u00fdch syst\u00e9mov\",\"potentialAction\":[{\"@type\":\"SearchAction\",\"target\":{\"@type\":\"EntryPoint\",\"urlTemplate\":\"https:\/\/rentturnstiles.eu\/?s={search_term_string}\"},\"query-input\":{\"@type\":\"PropertyValueSpecification\",\"valueRequired\":true,\"valueName\":\"search_term_string\"}}],\"inLanguage\":\"cs\"}]}<\/script>\n<!-- \/ Yoast SEO plugin. -->","yoast_head_json":{"title":"Z\u00e1sady ochrany osobn\u00fdch \u00fadajov - Rentturnstiles.eu | Pren\u00e1jom a predaj turniketov","description":"Po nav\u0161t\u00edven\u00ed str\u00e1nky, sa ulo\u017eia s\u00fabory cookies, ktor\u00e9 s\u00fa bez osobn\u00fdch \u00fadajov a s\u00fa odstr\u00e1nen\u00e9 pri zatvoren\u00ed prehliada\u010da.","robots":{"index":"index","follow":"follow","max-snippet":"max-snippet:-1","max-image-preview":"max-image-preview:large","max-video-preview":"max-video-preview:-1"},"canonical":"https:\/\/rentturnstiles.eu\/cs\/zasady-ochrany-osobnich-udaju\/","og_locale":"cs_CZ","og_type":"article","og_title":"Z\u00e1sady ochrany osobn\u00fdch \u00fadajov - Rentturnstiles.eu | Pren\u00e1jom a predaj turniketov","og_description":"Po nav\u0161t\u00edven\u00ed str\u00e1nky, sa ulo\u017eia s\u00fabory cookies, ktor\u00e9 s\u00fa bez osobn\u00fdch \u00fadajov a s\u00fa odstr\u00e1nen\u00e9 pri zatvoren\u00ed prehliada\u010da.","og_url":"https:\/\/rentturnstiles.eu\/cs\/zasady-ochrany-osobnich-udaju\/","og_site_name":"Rentturnstiles.eu | Pren\u00e1jom a predaj turniketov","article_modified_time":"2025-05-14T11:02:17+00:00","twitter_card":"summary_large_image","twitter_misc":{"Odhadovan\u00e1 doba \u010dten\u00ed":"3 minuty"},"schema":{"@context":"https:\/\/schema.org","@graph":[{"@type":"WebPage","@id":"https:\/\/rentturnstiles.eu\/zasady-ochrany-osobnych-udajov\/","url":"https:\/\/rentturnstiles.eu\/zasady-ochrany-osobnych-udajov\/","name":"Z\u00e1sady ochrany osobn\u00fdch \u00fadajov - Rentturnstiles.eu | Pren\u00e1jom a predaj turniketov","isPartOf":{"@id":"https:\/\/rentturnstiles.eu\/#website"},"datePublished":"2025-01-24T12:33:39+00:00","dateModified":"2025-05-14T11:02:17+00:00","description":"Po nav\u0161t\u00edven\u00ed str\u00e1nky, sa ulo\u017eia s\u00fabory cookies, ktor\u00e9 s\u00fa bez osobn\u00fdch \u00fadajov a s\u00fa odstr\u00e1nen\u00e9 pri zatvoren\u00ed prehliada\u010da.","breadcrumb":{"@id":"https:\/\/rentturnstiles.eu\/zasady-ochrany-osobnych-udajov\/#breadcrumb"},"inLanguage":"cs","potentialAction":[{"@type":"ReadAction","target":["https:\/\/rentturnstiles.eu\/zasady-ochrany-osobnych-udajov\/"]}]},{"@type":"BreadcrumbList","@id":"https:\/\/rentturnstiles.eu\/zasady-ochrany-osobnych-udajov\/#breadcrumb","itemListElement":[{"@type":"ListItem","position":1,"name":"Domov","item":"https:\/\/rentturnstiles.eu\/"},{"@type":"ListItem","position":2,"name":"Z\u00e1sady ochrany osobn\u00fdch \u00fadajov"}]},{"@type":"WebSite","@id":"https:\/\/rentturnstiles.eu\/#website","url":"https:\/\/rentturnstiles.eu\/","name":"Rentturnstiles.eu | Pron\u00e1jem a prodej turniket\u016f","description":"Pron\u00e1jem a prodej turniketov\u00fdch syst\u00e9m\u016f","potentialAction":[{"@type":"SearchAction","target":{"@type":"EntryPoint","urlTemplate":"https:\/\/rentturnstiles.eu\/?s={search_term_string}"},"query-input":{"@type":"PropertyValueSpecification","valueRequired":true,"valueName":"search_term_string"}}],"inLanguage":"cs"}]}},"_links":{"self":[{"href":"https:\/\/rentturnstiles.eu\/cs\/wp-json\/wp\/v2\/pages\/3","targetHints":{"allow":["GET"]}}],"collection":[{"href":"https:\/\/rentturnstiles.eu\/cs\/wp-json\/wp\/v2\/pages"}],"about":[{"href":"https:\/\/rentturnstiles.eu\/cs\/wp-json\/wp\/v2\/types\/page"}],"author":[{"embeddable":true,"href":"https:\/\/rentturnstiles.eu\/cs\/wp-json\/wp\/v2\/users\/4"}],"replies":[{"embeddable":true,"href":"https:\/\/rentturnstiles.eu\/cs\/wp-json\/wp\/v2\/comments?post=3"}],"version-history":[{"count":3,"href":"https:\/\/rentturnstiles.eu\/cs\/wp-json\/wp\/v2\/pages\/3\/revisions"}],"predecessor-version":[{"id":2871,"href":"https:\/\/rentturnstiles.eu\/cs\/wp-json\/wp\/v2\/pages\/3\/revisions\/2871"}],"wp:attachment":[{"href":"https:\/\/rentturnstiles.eu\/cs\/wp-json\/wp\/v2\/media?parent=3"}],"curies":[{"name":"wp","href":"https:\/\/api.w.org\/{rel}","templated":true}]}}