{"id":2,"date":"2025-01-24T13:33:39","date_gmt":"2025-01-24T12:33:39","guid":{"rendered":"https:\/\/rentturnstiles.eu\/?page_id=2"},"modified":"2026-02-18T10:21:28","modified_gmt":"2026-02-18T09:21:28","slug":"moderni-turnikety-s-ridicim-softwarem","status":"publish","type":"page","link":"https:\/\/rentturnstiles.eu\/cs\/","title":{"rendered":"Turnikety \u2013 efektivn\u00ed \u0159e\u0161en\u00ed pro kontrolu vstupu"},"content":{"rendered":"<p>Modern\u00ed turnikety pro bezpe\u010dn\u00fd a efektivn\u00ed p\u0159\u00edstup. Ide\u00e1ln\u00ed \u0159e\u0161en\u00ed pro kancel\u00e1\u0159sk\u00e9 budovy, sportovi\u0161t\u011b, pr\u016fmyslov\u00e9 are\u00e1ly a ve\u0159ejn\u00e9 prostory.<\/p>\n\n\n\n<p><\/p>","protected":false},"excerpt":{"rendered":"<p>Modern\u00ed turnikety pro bezpe\u010dn\u00fd a efektivn\u00ed p\u0159\u00edstup. Ide\u00e1ln\u00ed \u0159e\u0161en\u00ed pro kancel\u00e1\u0159sk\u00e9 budovy, sportovi\u0161t\u011b, pr\u016fmyslov\u00e9 are\u00e1ly a ve\u0159ejn\u00e9 prostory.<\/p>","protected":false},"author":4,"featured_media":152,"parent":0,"menu_order":0,"comment_status":"closed","ping_status":"open","template":"","meta":{"_acf_changed":false,"footnotes":""},"class_list":["post-2","page","type-page","status-publish","has-post-thumbnail","hentry"],"acf":[],"yoast_head":"<!-- This site is optimized with the Yoast SEO plugin v27.0 - https:\/\/yoast.com\/product\/yoast-seo-wordpress\/ -->\n<title>Turnikety, efekt\u00edvne rie\u0161enie pre kontrolu vstupu - Rentturnstiles.eu | Pren\u00e1jom a predaj turniketov<\/title>\n<meta name=\"description\" content=\"Modern\u00e9 turnikety s riadiacim softv\u00e9rom, bezpe\u010dn\u00fd pr\u00edstup, ide\u00e1lne rie\u0161enie pre budovy, \u0161portovisk\u00e1, priemyseln\u00e9 are\u00e1ly a verejn\u00e9 priestory.\" \/>\n<meta name=\"robots\" content=\"index, follow, max-snippet:-1, max-image-preview:large, max-video-preview:-1\" \/>\n<link rel=\"canonical\" href=\"https:\/\/rentturnstiles.eu\/cs\/\" \/>\n<meta property=\"og:locale\" content=\"cs_CZ\" \/>\n<meta property=\"og:type\" content=\"article\" \/>\n<meta property=\"og:title\" content=\"Turnikety, efekt\u00edvne rie\u0161enie pre kontrolu vstupu - Rentturnstiles.eu | Pren\u00e1jom a predaj turniketov\" \/>\n<meta property=\"og:description\" content=\"Modern\u00e9 turnikety s riadiacim softv\u00e9rom, bezpe\u010dn\u00fd pr\u00edstup, ide\u00e1lne rie\u0161enie pre budovy, \u0161portovisk\u00e1, priemyseln\u00e9 are\u00e1ly a verejn\u00e9 priestory.\" \/>\n<meta property=\"og:url\" content=\"https:\/\/rentturnstiles.eu\/cs\/\" \/>\n<meta property=\"og:site_name\" content=\"Rentturnstiles.eu | Pren\u00e1jom a predaj turniketov\" \/>\n<meta property=\"article:modified_time\" content=\"2026-02-18T09:21:28+00:00\" \/>\n<meta property=\"og:image\" content=\"https:\/\/rentturnstiles.eu\/wp-content\/uploads\/2025\/01\/Group-48095582-e1737738005686.png\" \/>\n\t<meta property=\"og:image:width\" content=\"3024\" \/>\n\t<meta property=\"og:image:height\" content=\"1593\" \/>\n\t<meta property=\"og:image:type\" content=\"image\/png\" \/>\n<meta name=\"twitter:card\" content=\"summary_large_image\" \/>\n<meta name=\"twitter:label1\" content=\"Odhadovan\u00e1 doba \u010dten\u00ed\" \/>\n\t<meta name=\"twitter:data1\" content=\"5 minut\" \/>\n<script type=\"application\/ld+json\" class=\"yoast-schema-graph\">{\"@context\":\"https:\/\/schema.org\",\"@graph\":[{\"@type\":\"WebPage\",\"@id\":\"https:\/\/rentturnstiles.eu\/\",\"url\":\"https:\/\/rentturnstiles.eu\/\",\"name\":\"Turnikety, efekt\u00edvne rie\u0161enie pre kontrolu vstupu - Rentturnstiles.eu | Pren\u00e1jom a predaj turniketov\",\"isPartOf\":{\"@id\":\"https:\/\/rentturnstiles.eu\/#website\"},\"primaryImageOfPage\":{\"@id\":\"https:\/\/rentturnstiles.eu\/#primaryimage\"},\"image\":{\"@id\":\"https:\/\/rentturnstiles.eu\/#primaryimage\"},\"thumbnailUrl\":\"https:\/\/rentturnstiles.eu\/wp-content\/uploads\/2025\/01\/Group-48095582-e1737738005686.png\",\"datePublished\":\"2025-01-24T12:33:39+00:00\",\"dateModified\":\"2026-02-18T09:21:28+00:00\",\"description\":\"Modern\u00e9 turnikety s riadiacim softv\u00e9rom, bezpe\u010dn\u00fd pr\u00edstup, ide\u00e1lne rie\u0161enie pre budovy, \u0161portovisk\u00e1, priemyseln\u00e9 are\u00e1ly a verejn\u00e9 priestory.\",\"breadcrumb\":{\"@id\":\"https:\/\/rentturnstiles.eu\/#breadcrumb\"},\"inLanguage\":\"cs\",\"potentialAction\":[{\"@type\":\"ReadAction\",\"target\":[\"https:\/\/rentturnstiles.eu\/\"]}]},{\"@type\":\"ImageObject\",\"inLanguage\":\"cs\",\"@id\":\"https:\/\/rentturnstiles.eu\/#primaryimage\",\"url\":\"https:\/\/rentturnstiles.eu\/wp-content\/uploads\/2025\/01\/Group-48095582-e1737738005686.png\",\"contentUrl\":\"https:\/\/rentturnstiles.eu\/wp-content\/uploads\/2025\/01\/Group-48095582-e1737738005686.png\",\"width\":3024,\"height\":1593,\"caption\":\"MOREZ GROUP tituln\u00e1 fotka turnikety M\"},{\"@type\":\"BreadcrumbList\",\"@id\":\"https:\/\/rentturnstiles.eu\/#breadcrumb\",\"itemListElement\":[{\"@type\":\"ListItem\",\"position\":1,\"name\":\"Domov\",\"item\":\"https:\/\/rentturnstiles.eu\/\"},{\"@type\":\"ListItem\",\"position\":2,\"name\":\"Turnikety, efekt\u00edvne rie\u0161enie pre kontrolu vstupu\"}]},{\"@type\":\"WebSite\",\"@id\":\"https:\/\/rentturnstiles.eu\/#website\",\"url\":\"https:\/\/rentturnstiles.eu\/\",\"name\":\"Rentturnstiles.eu | Pren\u00e1jom a predaj turniketov\",\"description\":\"Pren\u00e1jom a predaj turniketov\u00fdch syst\u00e9mov\",\"potentialAction\":[{\"@type\":\"SearchAction\",\"target\":{\"@type\":\"EntryPoint\",\"urlTemplate\":\"https:\/\/rentturnstiles.eu\/?s={search_term_string}\"},\"query-input\":{\"@type\":\"PropertyValueSpecification\",\"valueRequired\":true,\"valueName\":\"search_term_string\"}}],\"inLanguage\":\"cs\"}]}<\/script>\n<!-- \/ Yoast SEO plugin. -->","yoast_head_json":{"title":"Turnikety, efektivn\u00ed \u0159e\u0161en\u00ed pro kontrolu vstupu \u2013 Rentturnstiles.eu | Pron\u00e1jem a prodej turniket\u016f","description":"Modern\u00ed turnikety s \u0159\u00eddic\u00edm softwarem, zabezpe\u010den\u00fd p\u0159\u00edstup, ide\u00e1ln\u00ed pro budovy, sportovi\u0161t\u011b, pr\u016fmyslov\u00e9 are\u00e1ly a ve\u0159ejn\u00e9 prostory.","robots":{"index":"index","follow":"follow","max-snippet":"max-snippet:-1","max-image-preview":"max-image-preview:large","max-video-preview":"max-video-preview:-1"},"canonical":"https:\/\/rentturnstiles.eu\/cs\/","og_locale":"cs_CZ","og_type":"article","og_title":"Turnikety, efekt\u00edvne rie\u0161enie pre kontrolu vstupu - Rentturnstiles.eu | Pren\u00e1jom a predaj turniketov","og_description":"Modern\u00e9 turnikety s riadiacim softv\u00e9rom, bezpe\u010dn\u00fd pr\u00edstup, ide\u00e1lne rie\u0161enie pre budovy, \u0161portovisk\u00e1, priemyseln\u00e9 are\u00e1ly a verejn\u00e9 priestory.","og_url":"https:\/\/rentturnstiles.eu\/cs\/","og_site_name":"Rentturnstiles.eu | Pren\u00e1jom a predaj turniketov","article_modified_time":"2026-02-18T09:21:28+00:00","og_image":[{"width":3024,"height":1593,"url":"https:\/\/rentturnstiles.eu\/wp-content\/uploads\/2025\/01\/Group-48095582-e1737738005686.png","type":"image\/png"}],"twitter_card":"summary_large_image","twitter_misc":{"Odhadovan\u00e1 doba \u010dten\u00ed":"5 minut"},"schema":{"@context":"https:\/\/schema.org","@graph":[{"@type":"WebPage","@id":"https:\/\/rentturnstiles.eu\/","url":"https:\/\/rentturnstiles.eu\/","name":"Turnikety, efektivn\u00ed \u0159e\u0161en\u00ed pro kontrolu vstupu \u2013 Rentturnstiles.eu | Pron\u00e1jem a prodej turniket\u016f","isPartOf":{"@id":"https:\/\/rentturnstiles.eu\/#website"},"primaryImageOfPage":{"@id":"https:\/\/rentturnstiles.eu\/#primaryimage"},"image":{"@id":"https:\/\/rentturnstiles.eu\/#primaryimage"},"thumbnailUrl":"https:\/\/rentturnstiles.eu\/wp-content\/uploads\/2025\/01\/Group-48095582-e1737738005686.png","datePublished":"2025-01-24T12:33:39+00:00","dateModified":"2026-02-18T09:21:28+00:00","description":"Modern\u00ed turnikety s \u0159\u00eddic\u00edm softwarem, zabezpe\u010den\u00fd p\u0159\u00edstup, ide\u00e1ln\u00ed pro budovy, sportovi\u0161t\u011b, pr\u016fmyslov\u00e9 are\u00e1ly a ve\u0159ejn\u00e9 prostory.","breadcrumb":{"@id":"https:\/\/rentturnstiles.eu\/#breadcrumb"},"inLanguage":"cs","potentialAction":[{"@type":"ReadAction","target":["https:\/\/rentturnstiles.eu\/"]}]},{"@type":"ImageObject","inLanguage":"cs","@id":"https:\/\/rentturnstiles.eu\/#primaryimage","url":"https:\/\/rentturnstiles.eu\/wp-content\/uploads\/2025\/01\/Group-48095582-e1737738005686.png","contentUrl":"https:\/\/rentturnstiles.eu\/wp-content\/uploads\/2025\/01\/Group-48095582-e1737738005686.png","width":3024,"height":1593,"caption":"MOREZ GROUP tituln\u00e1 fotka turnikety M"},{"@type":"BreadcrumbList","@id":"https:\/\/rentturnstiles.eu\/#breadcrumb","itemListElement":[{"@type":"ListItem","position":1,"name":"Domov","item":"https:\/\/rentturnstiles.eu\/"},{"@type":"ListItem","position":2,"name":"Turnikety, efekt\u00edvne rie\u0161enie pre kontrolu vstupu"}]},{"@type":"WebSite","@id":"https:\/\/rentturnstiles.eu\/#website","url":"https:\/\/rentturnstiles.eu\/","name":"Rentturnstiles.eu | Pron\u00e1jem a prodej turniket\u016f","description":"Pron\u00e1jem a prodej turniketov\u00fdch syst\u00e9m\u016f","potentialAction":[{"@type":"SearchAction","target":{"@type":"EntryPoint","urlTemplate":"https:\/\/rentturnstiles.eu\/?s={search_term_string}"},"query-input":{"@type":"PropertyValueSpecification","valueRequired":true,"valueName":"search_term_string"}}],"inLanguage":"cs"}]}},"_links":{"self":[{"href":"https:\/\/rentturnstiles.eu\/cs\/wp-json\/wp\/v2\/pages\/2","targetHints":{"allow":["GET"]}}],"collection":[{"href":"https:\/\/rentturnstiles.eu\/cs\/wp-json\/wp\/v2\/pages"}],"about":[{"href":"https:\/\/rentturnstiles.eu\/cs\/wp-json\/wp\/v2\/types\/page"}],"author":[{"embeddable":true,"href":"https:\/\/rentturnstiles.eu\/cs\/wp-json\/wp\/v2\/users\/4"}],"replies":[{"embeddable":true,"href":"https:\/\/rentturnstiles.eu\/cs\/wp-json\/wp\/v2\/comments?post=2"}],"version-history":[{"count":16,"href":"https:\/\/rentturnstiles.eu\/cs\/wp-json\/wp\/v2\/pages\/2\/revisions"}],"predecessor-version":[{"id":3309,"href":"https:\/\/rentturnstiles.eu\/cs\/wp-json\/wp\/v2\/pages\/2\/revisions\/3309"}],"wp:featuredmedia":[{"embeddable":true,"href":"https:\/\/rentturnstiles.eu\/cs\/wp-json\/wp\/v2\/media\/152"}],"wp:attachment":[{"href":"https:\/\/rentturnstiles.eu\/cs\/wp-json\/wp\/v2\/media?parent=2"}],"curies":[{"name":"wp","href":"https:\/\/api.w.org\/{rel}","templated":true}]}}