{"id":197,"date":"2025-01-26T20:05:10","date_gmt":"2025-01-26T19:05:10","guid":{"rendered":"https:\/\/rentturnstiles.eu\/?page_id=197"},"modified":"2025-06-17T08:38:54","modified_gmt":"2025-06-17T06:38:54","slug":"reference-2","status":"publish","type":"page","link":"https:\/\/rentturnstiles.eu\/cs\/reference-2\/","title":{"rendered":"O n\u00e1s"},"content":{"rendered":"<p>Spole\u010dnost MOREZ GROUP a.s. p\u016fsob\u00ed na trhu od roku 2006, p\u0159i\u010dem\u017e jako mate\u0159sk\u00e1 spole\u010dnost Morez spol. s r.o. (od 1991) m\u00e1me dlouholet\u00e9 zku\u0161enosti v oblasti prodeje a pron\u00e1jmu turniket\u016f a vr\u00e1tnic s turnikety. Na\u0161\u00edm c\u00edlem je poskytovat kvalitn\u00ed, spolehliv\u00e1 a bezpe\u010dn\u00e1 \u0159e\u0161en\u00ed p\u0159\u00edstupov\u00fdch syst\u00e9m\u016f, kter\u00e9 vyhovuj\u00ed specifick\u00fdm pot\u0159eb\u00e1m ka\u017ed\u00e9ho objektu.<\/p>","protected":false},"excerpt":{"rendered":"<p>Spole\u010dnost MOREZ GROUP a.s. p\u016fsob\u00ed na trhu od roku 2006, p\u0159i\u010dem\u017e jako mate\u0159sk\u00e1 spole\u010dnost Morez spol. s r.o. (od 1991) m\u00e1me dlouholet\u00e9 zku\u0161enosti v oblasti prodeje a pron\u00e1jmu turniket\u016f a vr\u00e1tnic s turnikety. Na\u0161\u00edm c\u00edlem je poskytovat kvalitn\u00ed, spolehliv\u00e1 a bezpe\u010dn\u00e1 \u0159e\u0161en\u00ed p\u0159\u00edstupov\u00fdch syst\u00e9m\u016f, kter\u00e9 vyhovuj\u00ed specifick\u00fdm pot\u0159eb\u00e1m ka\u017ed\u00e9ho objektu.<\/p>","protected":false},"author":4,"featured_media":0,"parent":0,"menu_order":0,"comment_status":"closed","ping_status":"closed","template":"","meta":{"_acf_changed":false,"footnotes":""},"class_list":["post-197","page","type-page","status-publish","hentry"],"acf":[],"yoast_head":"<!-- This site is optimized with the Yoast SEO plugin v27.0 - https:\/\/yoast.com\/product\/yoast-seo-wordpress\/ -->\n<title>O n\u00e1s - Rentturnstiles.eu | Pren\u00e1jom a predaj turniketov<\/title>\n<meta name=\"description\" content=\"Dlhoro\u010dn\u00e9 sk\u00fasenosti v oblasti predaja, pren\u00e1jmu turniketov a vr\u00e1tnic s turniketmi. Na\u0161im cie\u013eom je poskytova\u0165 kvalitn\u00e9, spo\u013eahliv\u00e9 rie\u0161enia.\" \/>\n<meta name=\"robots\" content=\"index, follow, max-snippet:-1, max-image-preview:large, max-video-preview:-1\" \/>\n<link rel=\"canonical\" href=\"https:\/\/rentturnstiles.eu\/cs\/reference-2\/\" \/>\n<meta property=\"og:locale\" content=\"cs_CZ\" \/>\n<meta property=\"og:type\" content=\"article\" \/>\n<meta property=\"og:title\" content=\"O n\u00e1s - Rentturnstiles.eu | Pren\u00e1jom a predaj turniketov\" \/>\n<meta property=\"og:description\" content=\"Dlhoro\u010dn\u00e9 sk\u00fasenosti v oblasti predaja, pren\u00e1jmu turniketov a vr\u00e1tnic s turniketmi. Na\u0161im cie\u013eom je poskytova\u0165 kvalitn\u00e9, spo\u013eahliv\u00e9 rie\u0161enia.\" \/>\n<meta property=\"og:url\" content=\"https:\/\/rentturnstiles.eu\/cs\/reference-2\/\" \/>\n<meta property=\"og:site_name\" content=\"Rentturnstiles.eu | Pren\u00e1jom a predaj turniketov\" \/>\n<meta property=\"article:modified_time\" content=\"2025-06-17T06:38:54+00:00\" \/>\n<meta name=\"twitter:card\" content=\"summary_large_image\" \/>\n<meta name=\"twitter:label1\" content=\"Odhadovan\u00e1 doba \u010dten\u00ed\" \/>\n\t<meta name=\"twitter:data1\" content=\"3 minuty\" \/>\n<script type=\"application\/ld+json\" class=\"yoast-schema-graph\">{\"@context\":\"https:\/\/schema.org\",\"@graph\":[{\"@type\":\"WebPage\",\"@id\":\"https:\/\/rentturnstiles.eu\/dlhorocne-skusenosti-predaj-prenajom-turniketov\/\",\"url\":\"https:\/\/rentturnstiles.eu\/dlhorocne-skusenosti-predaj-prenajom-turniketov\/\",\"name\":\"O n\u00e1s - Rentturnstiles.eu | Pren\u00e1jom a predaj turniketov\",\"isPartOf\":{\"@id\":\"https:\/\/rentturnstiles.eu\/#website\"},\"datePublished\":\"2025-01-26T19:05:10+00:00\",\"dateModified\":\"2025-06-17T06:38:54+00:00\",\"description\":\"Dlhoro\u010dn\u00e9 sk\u00fasenosti v oblasti predaja, pren\u00e1jmu turniketov a vr\u00e1tnic s turniketmi. Na\u0161im cie\u013eom je poskytova\u0165 kvalitn\u00e9, spo\u013eahliv\u00e9 rie\u0161enia.\",\"breadcrumb\":{\"@id\":\"https:\/\/rentturnstiles.eu\/dlhorocne-skusenosti-predaj-prenajom-turniketov\/#breadcrumb\"},\"inLanguage\":\"cs\",\"potentialAction\":[{\"@type\":\"ReadAction\",\"target\":[\"https:\/\/rentturnstiles.eu\/dlhorocne-skusenosti-predaj-prenajom-turniketov\/\"]}]},{\"@type\":\"BreadcrumbList\",\"@id\":\"https:\/\/rentturnstiles.eu\/dlhorocne-skusenosti-predaj-prenajom-turniketov\/#breadcrumb\",\"itemListElement\":[{\"@type\":\"ListItem\",\"position\":1,\"name\":\"Domov\",\"item\":\"https:\/\/rentturnstiles.eu\/\"},{\"@type\":\"ListItem\",\"position\":2,\"name\":\"O n\u00e1s\"}]},{\"@type\":\"WebSite\",\"@id\":\"https:\/\/rentturnstiles.eu\/#website\",\"url\":\"https:\/\/rentturnstiles.eu\/\",\"name\":\"Rentturnstiles.eu | Pren\u00e1jom a predaj turniketov\",\"description\":\"Pren\u00e1jom a predaj turniketov\u00fdch syst\u00e9mov\",\"potentialAction\":[{\"@type\":\"SearchAction\",\"target\":{\"@type\":\"EntryPoint\",\"urlTemplate\":\"https:\/\/rentturnstiles.eu\/?s={search_term_string}\"},\"query-input\":{\"@type\":\"PropertyValueSpecification\",\"valueRequired\":true,\"valueName\":\"search_term_string\"}}],\"inLanguage\":\"cs\"}]}<\/script>\n<!-- \/ Yoast SEO plugin. -->","yoast_head_json":{"title":"O n\u00e1s - Rentturnstiles.eu | Pron\u00e1jem a prodej turniket\u016f","description":"Dlouholet\u00e9 zku\u0161enosti s prodejem a pron\u00e1jmem turniket\u016f a turniketov\u00fdch bran. Na\u0161\u00edm c\u00edlem je poskytovat kvalitn\u00ed a spolehliv\u00e1 \u0159e\u0161en\u00ed.","robots":{"index":"index","follow":"follow","max-snippet":"max-snippet:-1","max-image-preview":"max-image-preview:large","max-video-preview":"max-video-preview:-1"},"canonical":"https:\/\/rentturnstiles.eu\/cs\/reference-2\/","og_locale":"cs_CZ","og_type":"article","og_title":"O n\u00e1s - Rentturnstiles.eu | Pren\u00e1jom a predaj turniketov","og_description":"Dlhoro\u010dn\u00e9 sk\u00fasenosti v oblasti predaja, pren\u00e1jmu turniketov a vr\u00e1tnic s turniketmi. Na\u0161im cie\u013eom je poskytova\u0165 kvalitn\u00e9, spo\u013eahliv\u00e9 rie\u0161enia.","og_url":"https:\/\/rentturnstiles.eu\/cs\/reference-2\/","og_site_name":"Rentturnstiles.eu | Pren\u00e1jom a predaj turniketov","article_modified_time":"2025-06-17T06:38:54+00:00","twitter_card":"summary_large_image","twitter_misc":{"Odhadovan\u00e1 doba \u010dten\u00ed":"3 minuty"},"schema":{"@context":"https:\/\/schema.org","@graph":[{"@type":"WebPage","@id":"https:\/\/rentturnstiles.eu\/dlhorocne-skusenosti-predaj-prenajom-turniketov\/","url":"https:\/\/rentturnstiles.eu\/dlhorocne-skusenosti-predaj-prenajom-turniketov\/","name":"O n\u00e1s - Rentturnstiles.eu | Pron\u00e1jem a prodej turniket\u016f","isPartOf":{"@id":"https:\/\/rentturnstiles.eu\/#website"},"datePublished":"2025-01-26T19:05:10+00:00","dateModified":"2025-06-17T06:38:54+00:00","description":"Dlouholet\u00e9 zku\u0161enosti s prodejem a pron\u00e1jmem turniket\u016f a turniketov\u00fdch bran. Na\u0161\u00edm c\u00edlem je poskytovat kvalitn\u00ed a spolehliv\u00e1 \u0159e\u0161en\u00ed.","breadcrumb":{"@id":"https:\/\/rentturnstiles.eu\/dlhorocne-skusenosti-predaj-prenajom-turniketov\/#breadcrumb"},"inLanguage":"cs","potentialAction":[{"@type":"ReadAction","target":["https:\/\/rentturnstiles.eu\/dlhorocne-skusenosti-predaj-prenajom-turniketov\/"]}]},{"@type":"BreadcrumbList","@id":"https:\/\/rentturnstiles.eu\/dlhorocne-skusenosti-predaj-prenajom-turniketov\/#breadcrumb","itemListElement":[{"@type":"ListItem","position":1,"name":"Domov","item":"https:\/\/rentturnstiles.eu\/"},{"@type":"ListItem","position":2,"name":"O n\u00e1s"}]},{"@type":"WebSite","@id":"https:\/\/rentturnstiles.eu\/#website","url":"https:\/\/rentturnstiles.eu\/","name":"Rentturnstiles.eu | Pron\u00e1jem a prodej turniket\u016f","description":"Pron\u00e1jem a prodej turniketov\u00fdch syst\u00e9m\u016f","potentialAction":[{"@type":"SearchAction","target":{"@type":"EntryPoint","urlTemplate":"https:\/\/rentturnstiles.eu\/?s={search_term_string}"},"query-input":{"@type":"PropertyValueSpecification","valueRequired":true,"valueName":"search_term_string"}}],"inLanguage":"cs"}]}},"_links":{"self":[{"href":"https:\/\/rentturnstiles.eu\/cs\/wp-json\/wp\/v2\/pages\/197","targetHints":{"allow":["GET"]}}],"collection":[{"href":"https:\/\/rentturnstiles.eu\/cs\/wp-json\/wp\/v2\/pages"}],"about":[{"href":"https:\/\/rentturnstiles.eu\/cs\/wp-json\/wp\/v2\/types\/page"}],"author":[{"embeddable":true,"href":"https:\/\/rentturnstiles.eu\/cs\/wp-json\/wp\/v2\/users\/4"}],"replies":[{"embeddable":true,"href":"https:\/\/rentturnstiles.eu\/cs\/wp-json\/wp\/v2\/comments?post=197"}],"version-history":[{"count":5,"href":"https:\/\/rentturnstiles.eu\/cs\/wp-json\/wp\/v2\/pages\/197\/revisions"}],"predecessor-version":[{"id":2952,"href":"https:\/\/rentturnstiles.eu\/cs\/wp-json\/wp\/v2\/pages\/197\/revisions\/2952"}],"wp:attachment":[{"href":"https:\/\/rentturnstiles.eu\/cs\/wp-json\/wp\/v2\/media?parent=197"}],"curies":[{"name":"wp","href":"https:\/\/api.w.org\/{rel}","templated":true}]}}